{"id":10387,"date":"2018-11-27T11:06:36","date_gmt":"2018-11-27T13:06:36","guid":{"rendered":"http:\/\/abciber.org.br\/site\/?page_id=10387"},"modified":"2025-10-15T09:55:03","modified_gmt":"2025-10-15T12:55:03","slug":"abciber-associado","status":"publish","type":"page","link":"https:\/\/abciber.org.br\/site\/abciber-associado\/","title":{"rendered":"Associados da ABCiber"},"content":{"rendered":"[vc_row row_type=&#8221;2&#8243; blox_image=&#8221;13678&#8243; page_title=&#8221;page-title-x&#8221; blox_dark=&#8221;true&#8221; blox_bgcolor=&#8221;#282828&#8243;][vc_column css=&#8221;.vc_custom_1466323235150{padding-top: 8px !important;}&#8221;]<hr class=\"vertical-space5\"><hr class=\"vertical-space5\"><hr class=\"vertical-space5\"><hr class=\"vertical-space4\"><hr class=\"vertical-space1\">[vc_column_text]\n[\/vc_column_text]<hr class=\"vertical-space2\">[\/vc_column][\/vc_row][vc_row row_type=&#8221;2&#8243; blox_bgcolor=&#8221;#f6f6f8&#8243;][vc_column width=&#8221;2\/3&#8243; css=&#8221;.vc_custom_1466331343510{padding-right: 0px !important;padding-left: 30px !important;}&#8221;]<hr class=\"vertical-space2\">[vc_column_text css_animation=&#8221;none&#8221; el_class=&#8221;nopadd&#8221;]\n<h4><strong><span style=\"color: #000000;\"><h2 class=\"big-title1\">Associados da ABCiber<\/h2><\/span><\/strong><\/h4>\n<p style=\"margin-bottom: 35px; padding-right: 50px;\"><span style=\"color: #303133;\" data-sider-select-id=\"5921d7f6-e573-410c-9fd7-b7ea1cb487b6\">Logo abaixo est\u00e3o descritas as modalidades de associa\u00e7\u00f5es oferecidas pela ABCiber e os valores das anuidades. Ao escolher uma das op\u00e7\u00f5es, voc\u00ea ser\u00e1 direcionado(a) para a p\u00e1gina de pagamentos. A compra \u00e9 feita pelo PagSeguros. <\/span><\/p>\n<p style=\"margin-bottom: 35px; padding-right: 50px;\"><span style=\"color: #303133;\" data-sider-select-id=\"5921d7f6-e573-410c-9fd7-b7ea1cb487b6\">Ao se associar \u00e0 ABCiber, voc\u00ea estar\u00e1 contribuindo para fortalecer a rede de pesquisadores e institui\u00e7\u00f5es cient\u00edficas que produzem conhecimento no \u00e2mbito da cibercultura. Junte-se a n\u00f3s!\u00a0<\/span><\/p>\n<p style=\"margin-bottom: 35px; padding-right: 50px;\"><span style=\"color: #303133;\">Qualquer d\u00favida, entre em <a href=\"http:\/\/abciber.org.br\/site\/contato\/\">contato conosco<\/a>.<br \/>\n<\/span><\/p>\n[\/vc_column_text][\/vc_column][vc_column width=&#8221;1\/3&#8243; css=&#8221;.vc_custom_1466331821326{padding-left: 0px !important;}&#8221; el_class=&#8221;custom-btn-light&#8221;]<hr class=\"vertical-space3\">[\/vc_column][\/vc_row][vc_row][vc_column]<hr class=\"vertical-space1\">[\/vc_column][\/vc_row][vc_row][vc_column][vc_column_text]\n<h4 style=\"font-size: 26px;\"><strong>Modalidades e Valores da Anuidade<br \/>\n<\/strong><\/h4>\n[\/vc_column_text][\/vc_column][\/vc_row][vc_row][vc_column width=&#8221;1\/4&#8243; css=&#8221;.vc_custom_1466414746770{padding-top: 4px !important;}&#8221;]\n\t\t<div class=\"w-pricing-table2 hcolorf \">\n\t\t\t<div class=\"price-header\">\n\t\t\t\t<h5 class=\"plan-title \">Alunos Gradua\u00e7\u00e3o <\/h5> \n\t\t\t<\/div> \n\t\t\t<div class=\"ptcontent\">\n\t\t\t\t\n\t\t\t\t<h6 class=\"plan-price\"><span>R$<\/span>70<small>\/anual<\/small><\/h6><ul class=\"features\"><li class=\"feature-item\"><\/li> <\/ul>\n\t\t\t<div class=\"price-footer\"> \n\t\t\t\t<a class=\"readmore \" href=\"\" class=\"button\"><\/a>\n\t\t\t<\/div>\n\t\t\t<\/div>\n\t\t<\/div> <!-- end pricing-table -->[\/vc_column][vc_column width=&#8221;1\/4&#8243;]\n\t\t<div class=\"w-pricing-table2 hcolorf \">\n\t\t\t<div class=\"price-header\">\n\t\t\t\t<h5 class=\"plan-title \">Alunos de p\u00f3s-gradua\u00e7\u00e3o <\/h5> \n\t\t\t<\/div> \n\t\t\t<div class=\"ptcontent\">\n\t\t\t\t\n\t\t\t\t<h6 class=\"plan-price\">100<small>\/anual<\/small><\/h6><ul class=\"features\"><li class=\"feature-item\"><\/li> <\/ul>\n\t\t\t<div class=\"price-footer\"> \n\t\t\t\t<a class=\"readmore \" href=\"\" class=\"button\"><\/a>\n\t\t\t<\/div>\n\t\t\t<\/div>\n\t\t<\/div> <!-- end pricing-table -->[\/vc_column][vc_column width=&#8221;1\/4&#8243;]\n\t\t<div class=\"w-pricing-table2 hcolorf \">\n\t\t\t<div class=\"price-header\">\n\t\t\t\t<h5 class=\"plan-title \">Profissionais de Educa\u00e7\u00e3o <\/h5> \n\t\t\t<\/div> \n\t\t\t<div class=\"ptcontent\">\n\t\t\t\t\n\t\t\t\t<h6 class=\"plan-price\">130<small>\/anual<\/small><\/h6><ul class=\"features\"><li class=\"feature-item\"><\/li> <\/ul>\n\t\t\t<div class=\"price-footer\"> \n\t\t\t\t<a class=\"readmore \" href=\"\" class=\"button\"><\/a>\n\t\t\t<\/div>\n\t\t\t<\/div>\n\t\t<\/div> <!-- end pricing-table -->[\/vc_column][vc_column width=&#8221;1\/4&#8243;]\n\t\t<div class=\"w-pricing-table2 hcolorf \">\n\t\t\t<div class=\"price-header\">\n\t\t\t\t<h5 class=\"plan-title \">Profissionais de mercado <\/h5> \n\t\t\t<\/div> \n\t\t\t<div class=\"ptcontent\">\n\t\t\t\t\n\t\t\t\t<h6 class=\"plan-price\">160<small>\/anual<\/small><\/h6><ul class=\"features\"><li class=\"feature-item\"><\/li> <\/ul>\n\t\t\t<div class=\"price-footer\"> \n\t\t\t\t<a class=\"readmore \" href=\"\" class=\"button\"><\/a>\n\t\t\t<\/div>\n\t\t\t<\/div>\n\t\t<\/div> <!-- end pricing-table -->[\/vc_column][\/vc_row][vc_row][vc_column][vc_raw_html css=&#8221;.vc_custom_1760532873456{background-color: #dd3333 !important;}&#8221;]JTNDQiUzRVBBR0FNRU5UTyUyMFZJQSUyMFBJWCUzQSUyMENoYXZlJTIwUGl4LUNOUEolM0ElMjAxMS4yOTQuMTY5JTJGMDAwMS0xOCUzQyUyRkIlM0UlM0NCUiUzRSUwQUVudmlhciUyMENvbXByb3ZhbnRlJTIwZGUlMjBQYWdhbWVudG8lMjBwYXJhJTIwJTNDQiUzRVBBR0FNRU5UT1MlNDBBQkNJQkVSLk9SRy5CUiUzQyUyRkIlM0U=[\/vc_raw_html][\/vc_column][\/vc_row]\n","protected":false},"excerpt":{"rendered":"<p>[vc_row row_type=&#8221;2&#8243; blox_image=&#8221;13678&#8243; page_title=&#8221;page-title-x&#8221; blox_dark=&#8221;true&#8221; blox_bgcolor=&#8221;#282828&#8243;][vc_column css=&#8221;.vc_custom_1466323235150{padding-top: 8px !important;}&#8221;][vc_column_text] [\/vc_column_text][\/vc_column][\/vc_row][vc_row row_type=&#8221;2&#8243; blox_bgcolor=&#8221;#f6f6f8&#8243;][vc_column width=&#8221;2\/3&#8243; css=&#8221;.vc_custom_1466331343510{padding-right: 0px !important;padding-left: 30px !important;}&#8221;][vc_column_text css_animation=&#8221;none&#8221; el_class=&#8221;nopadd&#8221;] Logo abaixo est\u00e3o descritas as modalidades de associa\u00e7\u00f5es oferecidas pela ABCiber e os valores das anuidades. Ao escolher uma das op\u00e7\u00f5es, voc\u00ea ser\u00e1 direcionado(a) para a p\u00e1gina de pagamentos. A compra \u00e9 feita pelo PagSeguros. Ao se associar \u00e0 ABCiber, voc\u00ea estar\u00e1 contribuindo para fortalecer a rede de pesquisadores e institui\u00e7\u00f5es cient\u00edficas que produzem conhecimento no \u00e2mbito da cibercultura. Junte-se a n\u00f3s!\u00a0 Qualquer d\u00favida, entre em contato conosco. [\/vc_column_text][\/vc_column][vc_column width=&#8221;1\/3&#8243; css=&#8221;.vc_custom_1466331821326{padding-left: 0px !important;}&#8221; el_class=&#8221;custom-btn-light&#8221;][\/vc_column][\/vc_row][vc_row][vc_column][\/vc_column][\/vc_row][vc_row][vc_column][vc_column_text] Modalidades e Valores da Anuidade [\/vc_column_text][\/vc_column][\/vc_row][vc_row][vc_column width=&#8221;1\/4&#8243; css=&#8221;.vc_custom_1466414746770{padding-top: 4px !important;}&#8221;][\/vc_column][vc_column width=&#8221;1\/4&#8243;][\/vc_column][vc_column width=&#8221;1\/4&#8243;][\/vc_column][vc_column width=&#8221;1\/4&#8243;][\/vc_column][\/vc_row][vc_row][vc_column][vc_raw_html css=&#8221;.vc_custom_1760532873456{background-color: #dd3333 !important;}&#8221;]JTNDQiUzRVBBR0FNRU5UTyUyMFZJQSUyMFBJWCUzQSUyMENoYXZlJTIwUGl4LUNOUEolM0ElMjAxMS4yOTQuMTY5JTJGMDAwMS0xOCUzQyUyRkIlM0UlM0NCUiUzRSUwQUVudmlhciUyMENvbXByb3ZhbnRlJTIwZGUlMjBQYWdhbWVudG8lMjBwYXJhJTIwJTNDQiUzRVBBR0FNRU5UT1MlNDBBQkNJQkVSLk9SRy5CUiUzQyUyRkIlM0U=[\/vc_raw_html][\/vc_column][\/vc_row]<\/p>\n","protected":false},"author":1,"featured_media":0,"parent":0,"menu_order":0,"comment_status":"closed","ping_status":"closed","template":"","meta":{"footnotes":""},"class_list":["post-10387","page","type-page","status-publish","hentry"],"_links":{"self":[{"href":"https:\/\/abciber.org.br\/site\/wp-json\/wp\/v2\/pages\/10387","targetHints":{"allow":["GET"]}}],"collection":[{"href":"https:\/\/abciber.org.br\/site\/wp-json\/wp\/v2\/pages"}],"about":[{"href":"https:\/\/abciber.org.br\/site\/wp-json\/wp\/v2\/types\/page"}],"author":[{"embeddable":true,"href":"https:\/\/abciber.org.br\/site\/wp-json\/wp\/v2\/users\/1"}],"replies":[{"embeddable":true,"href":"https:\/\/abciber.org.br\/site\/wp-json\/wp\/v2\/comments?post=10387"}],"version-history":[{"count":28,"href":"https:\/\/abciber.org.br\/site\/wp-json\/wp\/v2\/pages\/10387\/revisions"}],"predecessor-version":[{"id":15795,"href":"https:\/\/abciber.org.br\/site\/wp-json\/wp\/v2\/pages\/10387\/revisions\/15795"}],"wp:attachment":[{"href":"https:\/\/abciber.org.br\/site\/wp-json\/wp\/v2\/media?parent=10387"}],"curies":[{"name":"wp","href":"https:\/\/api.w.org\/{rel}","templated":true}]}}