{"id":11364,"date":"2020-10-14T11:37:41","date_gmt":"2020-10-14T14:37:41","guid":{"rendered":"http:\/\/abciber.org.br\/site\/?page_id=11364"},"modified":"2026-05-04T13:17:37","modified_gmt":"2026-05-04T16:17:37","slug":"anais-eletronicos-editorial","status":"publish","type":"page","link":"https:\/\/abciber.org.br\/site\/anais-eletronicos-editorial\/","title":{"rendered":"Anais Eletr\u00f4nicos &#8211; Editorial"},"content":{"rendered":"[vc_row row_type=&#8221;2&#8243; animate=&#8221;w-animate&#8221; blox_image=&#8221;13690&#8243; page_title=&#8221;page-title-x&#8221; blox_dark=&#8221;true&#8221; blox_bgcolor=&#8221;#282828&#8243;][vc_column css=&#8221;.vc_custom_1466323235150{padding-top: 8px !important;}&#8221;]<hr class=\"vertical-space5\"><hr class=\"vertical-space5\"><hr class=\"vertical-space5\"><hr class=\"vertical-space4\"><hr class=\"vertical-space1\">[vc_column_text]\n<h4 style=\"font-size: 36px;\"><strong>Anais Eletr\u00f4nicos : ISSN 2175-2389<br \/>\n<\/strong><\/h4>\n[\/vc_column_text]<hr class=\"vertical-space2\">[\/vc_column][\/vc_row][vc_row row_type=&#8221;2&#8243; blox_bgcolor=&#8221;#f6f6f8&#8243;][vc_column width=&#8221;2\/3&#8243; css=&#8221;.vc_custom_1468734530362{padding-right: 0px !important;}&#8221;]<hr class=\"vertical-space2\">[vc_column_text css_animation=&#8221;none&#8221; css=&#8221;.vc_custom_1777911444777{padding-right: 5px !important;}&#8221;]<strong>ABCIBER XVIII &#8211; SIMP\u00d3SIO NACIONAL DA ABCIBER 2025<\/strong><\/p>\n<p><strong>Editorial<\/strong><\/p>\n<p>Em sua 18a edi\u00e7\u00e3o, o Simp\u00f3sio Nacional da Associa\u00e7\u00e3o Brasileira de Pesquisadores em Cibercultura (ABCiber) apresenta, nesta publica\u00e7\u00e3o digital, o conjunto dos trabalhos de pesquisadoras e pesquisadores de diferentes regi\u00f5es do Brasil e do exterior, consolidando um espa\u00e7o plural de reflex\u00e3o cr\u00edtica sobre as transforma\u00e7\u00f5es contempor\u00e2neas da cultura digital.<\/p>\n<p>Realizado em formato h\u00edbrido, entre os dias 11 e 13 de novembro de 2025, sediado na Faculdade C\u00e1sper L\u00edbero, em S\u00e3o Paulo, o XVIII Simp\u00f3sio teve como tema central \u201cCibercultura e perspectivas decoloniais: futuros alternativos \u00e0s big techs\u201d. A proposta foi elaborada a partir dos impasses intensificados pela crescente centraliza\u00e7\u00e3o das infraestruturas digitais em torno de grandes conglomerados tecnol\u00f3gicos transnacionais, cujas din\u00e2micas padronizadoras desafiam cada vez mais as legisla\u00e7\u00f5es, culturas locais e modos de exist\u00eancia diversos. As chamadas big techs desnudam-se, neste momento, como dispositivos de poder capazes de reproduzir colonialidades hist\u00f3ricas sob novas configura\u00e7\u00f5es algor\u00edtmicas de controle e vigil\u00e2ncia.<\/p>\n<p>O foco do evento esteve, mais uma vez, na compreens\u00e3o da cibercultura como campo de disputas epist\u00eamicas, pol\u00edticas e ontol\u00f3gicas. Nesse contexto, os estudos decoloniais assumem papel central ao oferecer perspectivas cr\u00edticas que desafiam os modelos universalizantes, evidenciando a pluralidade de saberes, pr\u00e1ticas e cosmovis\u00f5es. Ao abordar as chamadas \u201ccolonialidades do poder, do saber e do ser\u201d, os trabalhos e palestras apresentados abrem espa\u00e7o para imaginar e construir alternativas \u00e0 l\u00f3gica hegem\u00f4nica das big techs, valorizando experi\u00eancias situadas, tecnodiversidades e formas de resist\u00eancia em rede.<\/p>\n<p>O XVIII Simp\u00f3sio da ABCiber constituiu-se como um espa\u00e7o de encontro e articula\u00e7\u00e3o entre diferentes campos do conhecimento, reunindo reflex\u00f5es sobre algoritmiza\u00e7\u00e3o, intelig\u00eancia artificial, desigualdades digitais, vigil\u00e2ncia, desinforma\u00e7\u00e3o, trabalho em plataformas, educa\u00e7\u00e3o mediada por tecnologias, al\u00e9m de experi\u00eancias de cria\u00e7\u00e3o, insurg\u00eancia e reexist\u00eancia em ambientes digitais.<\/p>\n<p>No recorte urgente do contempor\u00e2neo, a cibercultura se configura como um territ\u00f3rio de pesquisa e experimenta\u00e7\u00e3o, com avan\u00e7os consistentes em uma abordagem interdisciplinar. Os campos da Comunica\u00e7\u00e3o, das Artes, da Educa\u00e7\u00e3o e da Sa\u00fade, entre outros, forjam estudos interseccionais capazes de explorar dimens\u00f5es cada vez mais complexas, cr\u00edticas e propositivas. Ao reunir contribui\u00e7\u00f5es que atravessam esses m\u00faltiplos eixos, este volume de Anais evidencia a vitalidade e a complexidade do campo, apresentando pesquisas que dialogam com epistemologias decoloniais, pr\u00e1ticas tecnopol\u00edticas, experi\u00eancias comunit\u00e1rias, produ\u00e7\u00f5es art\u00edsticas e investiga\u00e7\u00f5es sobre os impactos sociot\u00e9cnicos das plataformas digitais. Trata-se de um conjunto que reflete tens\u00f5es e pot\u00eancias de um momento hist\u00f3rico marcado por profundas\u00a0 reconfigura\u00e7\u00f5es das rela\u00e7\u00f5es entre tecnologia, sociedade e cultura.<\/p>\n<p>Que tais reflex\u00f5es possam fortalecer redes de pesquisa e a\u00e7\u00e3o, inspirando novas formas de pensar, criar e agir em territ\u00f3rios reais e imagin\u00e1rios comprometidos com a vida e com a pluralidade tecnodigital.<\/p>\n<p>Boa leitura!<\/p>\n<p><strong>Mirian Meliani<\/strong><br \/>\nPresidenta ABCiber (Bi\u00eanio 2023-2025)<br \/>\n<strong>Yara Guasque<\/strong><br \/>\nVice-presidenta ABCiber (Bi\u00eanio 2023-2025)<br \/>\n<strong>Priscila Magossi<\/strong><br \/>\nDiretora Editorial ABCiber (Bi\u00eanio 2023-2025)<\/p>\n<p>&nbsp;[\/vc_column_text][\/vc_column][\/vc_row]\n","protected":false},"excerpt":{"rendered":"<p>[vc_row row_type=&#8221;2&#8243; animate=&#8221;w-animate&#8221; blox_image=&#8221;13690&#8243; page_title=&#8221;page-title-x&#8221; blox_dark=&#8221;true&#8221; blox_bgcolor=&#8221;#282828&#8243;][vc_column css=&#8221;.vc_custom_1466323235150{padding-top: 8px !important;}&#8221;][vc_column_text] Anais Eletr\u00f4nicos : ISSN 2175-2389 [\/vc_column_text][\/vc_column][\/vc_row][vc_row row_type=&#8221;2&#8243; blox_bgcolor=&#8221;#f6f6f8&#8243;][vc_column width=&#8221;2\/3&#8243; css=&#8221;.vc_custom_1468734530362{padding-right: 0px !important;}&#8221;][vc_column_text css_animation=&#8221;none&#8221; css=&#8221;.vc_custom_1777911444777{padding-right: 5px !important;}&#8221;]ABCIBER XVIII &#8211; SIMP\u00d3SIO NACIONAL DA ABCIBER 2025 Editorial Em sua 18a edi\u00e7\u00e3o, o Simp\u00f3sio Nacional da Associa\u00e7\u00e3o Brasileira de Pesquisadores em Cibercultura (ABCiber) apresenta, nesta publica\u00e7\u00e3o digital, o conjunto dos trabalhos de pesquisadoras e pesquisadores de diferentes regi\u00f5es do Brasil e do exterior, consolidando um espa\u00e7o plural de reflex\u00e3o cr\u00edtica sobre as transforma\u00e7\u00f5es contempor\u00e2neas da cultura digital. Realizado em formato h\u00edbrido, entre os dias 11 e 13 de novembro de 2025, sediado na Faculdade C\u00e1sper L\u00edbero, em S\u00e3o Paulo, o XVIII Simp\u00f3sio teve como tema central \u201cCibercultura e perspectivas decoloniais: futuros alternativos \u00e0s big techs\u201d. A proposta foi elaborada a partir dos impasses intensificados pela crescente centraliza\u00e7\u00e3o das infraestruturas digitais em torno de grandes conglomerados tecnol\u00f3gicos transnacionais, cujas din\u00e2micas padronizadoras desafiam cada vez mais as legisla\u00e7\u00f5es, culturas locais e modos de exist\u00eancia diversos. As chamadas big techs desnudam-se, neste momento, como dispositivos de poder capazes de reproduzir colonialidades hist\u00f3ricas sob novas configura\u00e7\u00f5es algor\u00edtmicas de controle e vigil\u00e2ncia. O foco do evento esteve, mais uma vez, na compreens\u00e3o da cibercultura como campo de disputas epist\u00eamicas, pol\u00edticas e ontol\u00f3gicas. Nesse contexto, os estudos decoloniais assumem papel central ao oferecer perspectivas cr\u00edticas que desafiam os modelos universalizantes, evidenciando a pluralidade de saberes, pr\u00e1ticas e cosmovis\u00f5es. Ao abordar as chamadas \u201ccolonialidades do poder, do saber e do ser\u201d, os trabalhos e palestras apresentados abrem espa\u00e7o para imaginar e construir alternativas \u00e0 l\u00f3gica hegem\u00f4nica das big techs, valorizando experi\u00eancias situadas, tecnodiversidades e formas de resist\u00eancia em rede. O XVIII Simp\u00f3sio da ABCiber constituiu-se como um espa\u00e7o de encontro e articula\u00e7\u00e3o entre diferentes campos do conhecimento, reunindo reflex\u00f5es sobre algoritmiza\u00e7\u00e3o, intelig\u00eancia artificial, desigualdades digitais, vigil\u00e2ncia, desinforma\u00e7\u00e3o, trabalho em plataformas, educa\u00e7\u00e3o&#8230; <\/p>\n<p><a class=\"readmore\" href=\"https:\/\/abciber.org.br\/site\/anais-eletronicos-editorial\/\">Continua<\/a><\/p>\n","protected":false},"author":1,"featured_media":0,"parent":0,"menu_order":0,"comment_status":"closed","ping_status":"closed","template":"","meta":{"footnotes":""},"class_list":["post-11364","page","type-page","status-publish","hentry"],"_links":{"self":[{"href":"https:\/\/abciber.org.br\/site\/wp-json\/wp\/v2\/pages\/11364","targetHints":{"allow":["GET"]}}],"collection":[{"href":"https:\/\/abciber.org.br\/site\/wp-json\/wp\/v2\/pages"}],"about":[{"href":"https:\/\/abciber.org.br\/site\/wp-json\/wp\/v2\/types\/page"}],"author":[{"embeddable":true,"href":"https:\/\/abciber.org.br\/site\/wp-json\/wp\/v2\/users\/1"}],"replies":[{"embeddable":true,"href":"https:\/\/abciber.org.br\/site\/wp-json\/wp\/v2\/comments?post=11364"}],"version-history":[{"count":8,"href":"https:\/\/abciber.org.br\/site\/wp-json\/wp\/v2\/pages\/11364\/revisions"}],"predecessor-version":[{"id":15936,"href":"https:\/\/abciber.org.br\/site\/wp-json\/wp\/v2\/pages\/11364\/revisions\/15936"}],"wp:attachment":[{"href":"https:\/\/abciber.org.br\/site\/wp-json\/wp\/v2\/media?parent=11364"}],"curies":[{"name":"wp","href":"https:\/\/api.w.org\/{rel}","templated":true}]}}