{"id":12111,"date":"2021-08-13T18:14:41","date_gmt":"2021-08-13T21:14:41","guid":{"rendered":"http:\/\/abciber.org.br\/site\/?page_id=12111"},"modified":"2024-10-08T10:31:22","modified_gmt":"2024-10-08T13:31:22","slug":"anais-eletronicos-encontro-virtual","status":"publish","type":"page","link":"https:\/\/abciber.org.br\/site\/anais-eletronicos-encontro-virtual\/","title":{"rendered":"Anais Eletr\u00f4nicos &#8211; Encontro Virtual"},"content":{"rendered":"[vc_row row_type=&#8221;2&#8243; blox_image=&#8221;13690&#8243; page_title=&#8221;page-title-x&#8221; blox_dark=&#8221;true&#8221; blox_bgcolor=&#8221;#282828&#8243;][vc_column css=&#8221;.vc_custom_1466323235150{padding-top: 8px !important;}&#8221;]<hr class=\"vertical-space5\"><hr class=\"vertical-space5\"><hr class=\"vertical-space5\"><hr class=\"vertical-space4\"><hr class=\"vertical-space1\">[vc_column_text]<strong><br \/>\n<\/strong><\/p>\n[\/vc_column_text]<hr class=\"vertical-space2\">[\/vc_column][\/vc_row][vc_row row_type=&#8221;2&#8243; blox_bgcolor=&#8221;#f6f6f8&#8243;][vc_column width=&#8221;2\/3&#8243; css=&#8221;.vc_custom_1468734530362{padding-right: 0px !important;}&#8221;]<hr class=\"vertical-space1\"><hr class=\"vertical-space1\">[vc_column_text css_animation=&#8221;none&#8221; css=&#8221;.vc_custom_1680265995918{padding-right: 5px !important;}&#8221;]\n<p><strong>[vc_empty_space] <h2 class=\"big-title1\">IV Encontro Virtual da ABCiber 2024<\/h2><\/strong><\/p>\n<p style=\"margin-bottom: 35px; padding-right: 50px;\"><a href=\"https:\/\/abciber.org.br\/encontrovirtual2024\/\"><strong>PERSPECTIVAS INTERDISCIPLINARES E RECONFIGURA\u00c7\u00d5ES NA CIBERCULTURA: Dados, algoritmos e intelig\u00eancia artificial<\/strong><\/a><\/p>\n<p><strong>Organiza\u00e7\u00e3o<\/strong>: ABCiber, UNIFAE<br \/>\n<strong>Apoio e Divulga\u00e7\u00e3o<\/strong>: UNIFAE<strong><br \/>\n<\/strong><strong>Data<\/strong>: 20 e 21 de junho de 2024<\/p>\n<p>Os usos mercadol\u00f3gicos de dados gerados por intera\u00e7\u00f5es humano-m\u00e1quina na cibercultura ganham novos contornos nesta primeira metade do s\u00e9culo XXI. Num ambiente digital regido por sistemas algor\u00edtmicos opacos e com perspectivas de regulamenta\u00e7\u00e3o paralisadas, os processos de constru\u00e7\u00e3o do conhecimento cient\u00edfico procuram tra\u00e7ar caminhos para responder aos desafios incessantes de reconfigura\u00e7\u00e3o da vida social.<\/p>\n<p>Simultaneamente, as interfaces interativas, atravessadas pelos mais recentes modelos de Intelig\u00eancia Artificial (IA), evocam quest\u00f5es que se somam \u00e0s de etapas anteriores da realidade tecnol\u00f3gica. Exigem estrat\u00e9gias de reflex\u00e3o sobre os horizontes do humano e da sa\u00fade mental individual e coletiva capazes de desnaturalizar os colonialismos digitais e redimensionar as repercuss\u00f5es pol\u00edtico-cient\u00edficas dos modelos emergentes de enunciados textuais, imag\u00e9ticos e audiovisuais, hoje marcados por novos determinismos tecnol\u00f3gicos.<\/p>\n<p>\u00c0 sombra da reconfigura\u00e7\u00e3o da privacidade por processos de vigil\u00e2ncia algor\u00edtmica, a sociedade \u00e9 chamada a questionar a IA e seus modos de consci\u00eancia, a\u00e7\u00e3o e representa\u00e7\u00e3o. No conjunto das abordagens cr\u00edticas a respeito, at\u00e9 que ponto a IA pode ser igualmente considerada um dispositivo de constru\u00e7\u00e3o social e psicol\u00f3gica?<\/p>\n<p>Diante desses desafios, a ABCiber &#8211; Associa\u00e7\u00e3o Brasileira de Pesquisadores em Cibercultura aposta no revigoramento de di\u00e1logos interdisciplinares como caminho fundamental de rearticula\u00e7\u00e3o interpretativa. Seu Encontro Virtual 2024, em formato j\u00e1 conhecido, 100% remoto, ser\u00e1 realizado nos dias 20 e 21 de junho, em parceria com o Centro Universit\u00e1rio das Faculdades Associadas (UNIFAE) de S\u00e3o Jo\u00e3o da Boa Vista, institui\u00e7\u00e3o p\u00fablica de ensino superior sediada no estado de S\u00e3o Paulo.<\/p>\n<p style=\"margin-bottom: 13px; font-size: 18px; text-align: left;\">[\/vc_column_text][\/vc_column][\/vc_row][vc_row][vc_column]<hr class=\"vertical-space2\">[vc_column_text]\u00a0<h2 class=\"big-title1\">Anais Eletr\u00f4nicos<\/h2>\n<p>Consulte abaixo os anais eletr\u00f4nicos.<\/p>\n<p>Acesse a p\u00e1gina de <a href=\"https:\/\/abciber.org.br\/site\/eventos\/\">Eventos<\/a> para mais detalhes sobre cada edi\u00e7\u00e3o do Encontro Virtual da ABCiber.[\/vc_column_text][vc_row_inner][vc_column_inner width=&#8221;1\/4&#8243;]<article class=\"icon-box7     \" style=\"background:;\"><a target=\"_blank\" href=\"https:\/\/abciber.org.br\/simposios\/index.php\/virtualabciber\/virtual2024\/schedConf\/presentations\"><i class=\"icon-download \" style=\"\"><\/i><\/a><h4>2024<\/h4><p>IV Encontro Virtual<\/p><a target=\"_blank\"  class=\"magicmore\" href=\"https:\/\/abciber.org.br\/simposios\/index.php\/virtualabciber\/virtual2024\/schedConf\/presentations\">Acesse os anais<\/a><\/article>[\/vc_column_inner][vc_column_inner width=&#8221;1\/4&#8243;]<article class=\"icon-box7     \" style=\"background:;\"><a target=\"_blank\" href=\"https:\/\/abciber.org.br\/simposios\/index.php\/virtualabciber\/Vitual2022\/schedConf\/presentations\"><i class=\"icon-download \" style=\"\"><\/i><\/a><h4>2022<\/h4><p>III Encontro Virtual<\/p><a target=\"_blank\"  class=\"magicmore\" href=\"https:\/\/abciber.org.br\/simposios\/index.php\/virtualabciber\/Vitual2022\/schedConf\/presentations\">Acesse os anais<\/a><\/article>[\/vc_column_inner][vc_column_inner width=&#8221;1\/4&#8243;]<article class=\"icon-box7     \" style=\"background:;\"><a target=\"_blank\" href=\"https:\/\/abciber.org.br\/simposios\/index.php\/virtualabciber\/virtual2021\/schedConf\/presentations\"><i class=\"icon-download \" style=\"\"><\/i><\/a><h4>2021<\/h4><p>II Encontro Virtual<\/p><a target=\"_blank\"  class=\"magicmore\" href=\"https:\/\/abciber.org.br\/simposios\/index.php\/virtualabciber\/virtual2021\/schedConf\/presentations\">Acesse os anais<\/a><\/article>[\/vc_column_inner][vc_column_inner width=&#8221;1\/4&#8243;]<article class=\"icon-box7     \" style=\"background:;\"><a target=\"_blank\" href=\"https:\/\/abciber.org.br\/simposios\/index.php\/virtualabciber\/virtual2020\/schedConf\/presentations\"><i class=\"icon-download \" style=\"\"><\/i><\/a><h4>2020<\/h4><p>I Encontro Virtual<\/p><a target=\"_blank\"  class=\"magicmore\" href=\"https:\/\/abciber.org.br\/simposios\/index.php\/virtualabciber\/virtual2020\/schedConf\/presentations\">Acesse os anais<\/a><\/article>[\/vc_column_inner][\/vc_row_inner][\/vc_column][\/vc_row]\n","protected":false},"excerpt":{"rendered":"<p>[vc_row row_type=&#8221;2&#8243; blox_image=&#8221;13690&#8243; page_title=&#8221;page-title-x&#8221; blox_dark=&#8221;true&#8221; blox_bgcolor=&#8221;#282828&#8243;][vc_column css=&#8221;.vc_custom_1466323235150{padding-top: 8px !important;}&#8221;][vc_column_text] [\/vc_column_text][\/vc_column][\/vc_row][vc_row row_type=&#8221;2&#8243; blox_bgcolor=&#8221;#f6f6f8&#8243;][vc_column width=&#8221;2\/3&#8243; css=&#8221;.vc_custom_1468734530362{padding-right: 0px !important;}&#8221;][vc_column_text css_animation=&#8221;none&#8221; css=&#8221;.vc_custom_1680265995918{padding-right: 5px !important;}&#8221;] [vc_empty_space] PERSPECTIVAS INTERDISCIPLINARES E RECONFIGURA\u00c7\u00d5ES NA CIBERCULTURA: Dados, algoritmos e intelig\u00eancia artificial Organiza\u00e7\u00e3o: ABCiber, UNIFAE Apoio e Divulga\u00e7\u00e3o: UNIFAE Data: 20 e 21 de junho de 2024 Os usos mercadol\u00f3gicos de dados gerados por intera\u00e7\u00f5es humano-m\u00e1quina na cibercultura ganham novos contornos nesta primeira metade do s\u00e9culo XXI. Num ambiente digital regido por sistemas algor\u00edtmicos opacos e com perspectivas de regulamenta\u00e7\u00e3o paralisadas, os processos de constru\u00e7\u00e3o do conhecimento cient\u00edfico procuram tra\u00e7ar caminhos para responder aos desafios incessantes de reconfigura\u00e7\u00e3o da vida social. Simultaneamente, as interfaces interativas, atravessadas pelos mais recentes modelos de Intelig\u00eancia Artificial (IA), evocam quest\u00f5es que se somam \u00e0s de etapas anteriores da realidade tecnol\u00f3gica. Exigem estrat\u00e9gias de reflex\u00e3o sobre os horizontes do humano e da sa\u00fade mental individual e coletiva capazes de desnaturalizar os colonialismos digitais e redimensionar as repercuss\u00f5es pol\u00edtico-cient\u00edficas dos modelos emergentes de enunciados textuais, imag\u00e9ticos e audiovisuais, hoje marcados por novos determinismos tecnol\u00f3gicos. \u00c0 sombra da reconfigura\u00e7\u00e3o da privacidade por processos de vigil\u00e2ncia algor\u00edtmica, a sociedade \u00e9 chamada a questionar a IA e seus modos de consci\u00eancia, a\u00e7\u00e3o e representa\u00e7\u00e3o. No conjunto das abordagens cr\u00edticas a respeito, at\u00e9 que ponto a IA pode ser igualmente considerada um dispositivo de constru\u00e7\u00e3o social e psicol\u00f3gica? Diante desses desafios, a ABCiber &#8211; Associa\u00e7\u00e3o Brasileira de Pesquisadores em Cibercultura aposta no revigoramento de di\u00e1logos interdisciplinares como caminho fundamental de rearticula\u00e7\u00e3o interpretativa. Seu Encontro Virtual 2024, em formato j\u00e1 conhecido, 100% remoto, ser\u00e1 realizado nos dias 20 e 21 de junho, em parceria com o Centro Universit\u00e1rio das Faculdades Associadas (UNIFAE) de S\u00e3o Jo\u00e3o da Boa Vista, institui\u00e7\u00e3o p\u00fablica de ensino superior sediada no estado de S\u00e3o Paulo. [\/vc_column_text][\/vc_column][\/vc_row][vc_row][vc_column][vc_column_text]\u00a0 Consulte abaixo os anais eletr\u00f4nicos. Acesse a p\u00e1gina de Eventos para&#8230; <\/p>\n<p><a class=\"readmore\" href=\"https:\/\/abciber.org.br\/site\/anais-eletronicos-encontro-virtual\/\">Continua<\/a><\/p>\n","protected":false},"author":1,"featured_media":0,"parent":0,"menu_order":0,"comment_status":"closed","ping_status":"closed","template":"","meta":{"footnotes":""},"class_list":["post-12111","page","type-page","status-publish","hentry"],"_links":{"self":[{"href":"https:\/\/abciber.org.br\/site\/wp-json\/wp\/v2\/pages\/12111","targetHints":{"allow":["GET"]}}],"collection":[{"href":"https:\/\/abciber.org.br\/site\/wp-json\/wp\/v2\/pages"}],"about":[{"href":"https:\/\/abciber.org.br\/site\/wp-json\/wp\/v2\/types\/page"}],"author":[{"embeddable":true,"href":"https:\/\/abciber.org.br\/site\/wp-json\/wp\/v2\/users\/1"}],"replies":[{"embeddable":true,"href":"https:\/\/abciber.org.br\/site\/wp-json\/wp\/v2\/comments?post=12111"}],"version-history":[{"count":28,"href":"https:\/\/abciber.org.br\/site\/wp-json\/wp\/v2\/pages\/12111\/revisions"}],"predecessor-version":[{"id":15187,"href":"https:\/\/abciber.org.br\/site\/wp-json\/wp\/v2\/pages\/12111\/revisions\/15187"}],"wp:attachment":[{"href":"https:\/\/abciber.org.br\/site\/wp-json\/wp\/v2\/media?parent=12111"}],"curies":[{"name":"wp","href":"https:\/\/api.w.org\/{rel}","templated":true}]}}