{"id":12142,"date":"2021-08-29T10:24:02","date_gmt":"2021-08-29T13:24:02","guid":{"rendered":"http:\/\/abciber.org.br\/site\/?page_id=12142"},"modified":"2024-04-22T08:16:37","modified_gmt":"2024-04-22T11:16:37","slug":"anais-eletronicos-encontro-norte-nordeste","status":"publish","type":"page","link":"https:\/\/abciber.org.br\/site\/anais-eletronicos-encontro-norte-nordeste\/","title":{"rendered":"Anais Eletr\u00f4nicos &#8211; Encontro Regional Norte-Nordeste da ABCiber"},"content":{"rendered":"[vc_row row_type=&#8221;2&#8243; blox_image=&#8221;13690&#8243; page_title=&#8221;page-title-x&#8221; blox_dark=&#8221;true&#8221; blox_bgcolor=&#8221;#282828&#8243;][vc_column css=&#8221;.vc_custom_1466323235150{padding-top: 8px !important;}&#8221;]<hr class=\"vertical-space5\"><hr class=\"vertical-space5\"><hr class=\"vertical-space5\"><hr class=\"vertical-space4\"><hr class=\"vertical-space1\">[vc_column_text]\n<h4 style=\"font-size: 36px;\"><strong>\u00a0<\/strong><\/h4>\n[\/vc_column_text]<hr class=\"vertical-space2\">[\/vc_column][\/vc_row][vc_row row_type=&#8221;2&#8243; blox_bgcolor=&#8221;#f6f6f8&#8243;][vc_column width=&#8221;2\/3&#8243; css=&#8221;.vc_custom_1468734530362{padding-right: 0px !important;}&#8221;]<hr class=\"vertical-space2\">[vc_column_text css_animation=&#8221;none&#8221; css=&#8221;.vc_custom_1712932578803{padding-right: 5px !important;}&#8221;][vc_empty_space] <h2 class=\"big-title1\">Encontro regional norte-nordeste da ABCiber 2019<\/h2>\n<p>21 e 22 de novembro de 2019<br \/>\nUniversidade Tiradentes, Aracaju, SE.<\/p>\n<h4><strong>Redes Educaticativas e os desafios atuais da Cibercultura<\/strong><\/h4>\n<p>Big data, algoritmos inteligentes, internet das coisas, intelig\u00eancia artificial. Estas s\u00e3o apenas algumas no\u00e7\u00f5es que traduzem formas plurais de atua\u00e7\u00e3o e ag\u00eancia entre seres humanos e objetos t\u00e9cnicos em nosso tempo. Ecologias de saberes emergem e nos desafiam, sobremaneira, na Cibercultura. Conectar pessoas, territ\u00f3rios e institui\u00e7\u00f5es n\u00e3o \u00e9 mais a \u201cm\u00e1xima\u201d da atual fase da Cibercultura. H\u00e1 tempos, reconhecemos os potenciais sociot\u00e9cnicos das redes digitais e suas resson\u00e2ncias para a institui\u00e7\u00e3o de um ser humano diferenciado, sobretudo por j\u00e1 contemplar um outro aparelho cognitivo.<\/p>\n<p>Mas ser\u00e1 tudo isso suficiente para instituirmos projetos engajados com o \u201cbem com\u201d, direitos humanos e pr\u00e1ticas sociot\u00e9cnicas mais democr\u00e1ticas? Vivemos em tempos de \u201cp\u00f3s-verdade\u201d, \u201cprivacidade crakeada\u201d, destrui\u00e7\u00e3o da democracia pelos neg\u00f3cios condicionados pela dromo aptid\u00e3o do marketing digital. Como lidar com estes dilemas na interface Educa\u00e7\u00e3o e Comunica\u00e7\u00e3o? Como educar e instituir curr\u00edculos que sejam cr\u00edticos em den\u00fancias das mazelas do nosso tempo, mas que tamb\u00e9m anunciem pr\u00e1ticas inovados e mais democr\u00e1ticas na Cibercultura? Como fazer circular e popularizar a Ci\u00eancia e os saberes fluxos?<\/p>\n<p>Estas e outras quest\u00f5es ser\u00e3o debatidas no II Encontro Regional Norte-Nordeste da Abciber, que acontecer\u00e1 em Aracaju na UNIT. N\u00e3o garantimos respostas para os dilemas apresentados aqui, vamos, com certeza, confirmar ambi\u00eancias formativas para muitas conversas, produ\u00e7\u00e3o de questionamentos e partilhas de sentidos.<\/p>\n<p style=\"margin-bottom: 35px; padding-right: 50px;\"><strong>Comiss\u00e3o Organizadora<\/strong><br \/>\n\u2013 Cristiane de Magalh\u00e3es Porto<br \/>\n\u2013 Edm\u00e9a Santos<\/p>\n<p><strong>Comiss\u00e3o Cient\u00edfica<\/strong><br \/>\n\u2013 Alexandre Meneses Chagas, Brasil<br \/>\n\u2013 Kaio Eduardo de Jesus Oliveira, Universidade Tiradentes, Brasil<br \/>\n\u2013 Caio M\u00e1rio Alc\u00e2ntara, Universidade Tiradentes<br \/>\n\u2013 CARLONEY ALVES DE OLIVEIRA, UNIVERSIDADE FEDERAL DE ALAGOAS, Brasil<br \/>\n\u2013 Profa \u00darsula Cunha Anecleto, Universidade do Estado da Bahia (UNEB), Brasil<br \/>\n\u2013 Izabel Fran\u00e7a de Lima, Universidade Federal da Para\u00edba (UFPB),) Programa de P\u00f3s-Gradua\u00e7\u00e3o em Ci\u00eancia da Informa\u00e7\u00e3o (PPGCI) e Programa de P\u00f3s-Gradua\u00e7\u00e3o em Gest\u00e3o nas Organiza\u00e7\u00f5es Aprendentes (PPGOA), Brasil<br \/>\n\u2013 Obd\u00e1lia Ferraz, UNEB<br \/>\n\u2013 Mariana Picaro Cerigatto, Universidade Tiradentes, Brasil<\/p>\n<p><strong>Comiss\u00e3o Editorial<\/strong><br \/>\n\u2013 Alexandre Meneses Chagas<br \/>\n\u2013 Cristiane de Magalh\u00e3es Porto<br \/>\n\u2013 Edm\u00e9a Santos<\/p>\n[\/vc_column][\/vc_row][vc_row][vc_column][vc_column_text]\n<h4>[vc_empty_space] <h2 class=\"big-title1\">Anais Eletr\u00f4nicos<\/h2><\/h4>\n<p>Consulte abaixo os anais eletr\u00f4nicos.<\/p>\n<p>Acesse a p\u00e1gina de\u00a0<a href=\"https:\/\/abciber.org.br\/site\/eventos\/\">Eventos<\/a> para mais detalhes sobre cada edi\u00e7\u00e3o do Simp\u00f3sio Nacional da ABCiber.[\/vc_column_text][\/vc_column][\/vc_row][vc_row][vc_column]<article class=\"icon-box7     \" style=\"background:;\"><a target=\"_blank\" href=\"https:\/\/eventos.set.edu.br\/abciber\/issue\/view\/28\"><i class=\"icon-download \" style=\"\"><\/i><\/a><h4>2019<\/h4><p>II Encontro Norte-Nordeste<\/p><a target=\"_blank\"  class=\"magicmore\" href=\"https:\/\/eventos.set.edu.br\/abciber\/issue\/view\/28\">Acesse os anais<\/a><\/article>[\/vc_column][\/vc_row][vc_row][vc_column]<article class=\"icon-box7     \" style=\"background:;\"><a target=\"_blank\" href=\"https:\/\/www.abciber.org.br\/anais-eletronicos-I-encontro-norte-nordeste\/anais-eletronicos-I-encontro-norte-nordeste-ABCiber.pdf\"><i class=\"icon-download \" style=\"\"><\/i><\/a><h4>2018<\/h4><p>I Encontro Norte-Nordeste <\/p><a target=\"_blank\"  class=\"magicmore\" href=\"https:\/\/www.abciber.org.br\/anais-eletronicos-I-encontro-norte-nordeste\/anais-eletronicos-I-encontro-norte-nordeste-ABCiber.pdf\">acesse os anais<\/a><\/article>[\/vc_column][\/vc_row]\n","protected":false},"excerpt":{"rendered":"<p>[vc_row row_type=&#8221;2&#8243; blox_image=&#8221;13690&#8243; page_title=&#8221;page-title-x&#8221; blox_dark=&#8221;true&#8221; blox_bgcolor=&#8221;#282828&#8243;][vc_column css=&#8221;.vc_custom_1466323235150{padding-top: 8px !important;}&#8221;][vc_column_text] \u00a0 [\/vc_column_text][\/vc_column][\/vc_row][vc_row row_type=&#8221;2&#8243; blox_bgcolor=&#8221;#f6f6f8&#8243;][vc_column width=&#8221;2\/3&#8243; css=&#8221;.vc_custom_1468734530362{padding-right: 0px !important;}&#8221;][vc_column_text css_animation=&#8221;none&#8221; css=&#8221;.vc_custom_1712932578803{padding-right: 5px !important;}&#8221;][vc_empty_space] 21 e 22 de novembro de 2019 Universidade Tiradentes, Aracaju, SE. Redes Educaticativas e os desafios atuais da Cibercultura Big data, algoritmos inteligentes, internet das coisas, intelig\u00eancia artificial. Estas s\u00e3o apenas algumas no\u00e7\u00f5es que traduzem formas plurais de atua\u00e7\u00e3o e ag\u00eancia entre seres humanos e objetos t\u00e9cnicos em nosso tempo. Ecologias de saberes emergem e nos desafiam, sobremaneira, na Cibercultura. Conectar pessoas, territ\u00f3rios e institui\u00e7\u00f5es n\u00e3o \u00e9 mais a \u201cm\u00e1xima\u201d da atual fase da Cibercultura. H\u00e1 tempos, reconhecemos os potenciais sociot\u00e9cnicos das redes digitais e suas resson\u00e2ncias para a institui\u00e7\u00e3o de um ser humano diferenciado, sobretudo por j\u00e1 contemplar um outro aparelho cognitivo. Mas ser\u00e1 tudo isso suficiente para instituirmos projetos engajados com o \u201cbem com\u201d, direitos humanos e pr\u00e1ticas sociot\u00e9cnicas mais democr\u00e1ticas? Vivemos em tempos de \u201cp\u00f3s-verdade\u201d, \u201cprivacidade crakeada\u201d, destrui\u00e7\u00e3o da democracia pelos neg\u00f3cios condicionados pela dromo aptid\u00e3o do marketing digital. Como lidar com estes dilemas na interface Educa\u00e7\u00e3o e Comunica\u00e7\u00e3o? Como educar e instituir curr\u00edculos que sejam cr\u00edticos em den\u00fancias das mazelas do nosso tempo, mas que tamb\u00e9m anunciem pr\u00e1ticas inovados e mais democr\u00e1ticas na Cibercultura? Como fazer circular e popularizar a Ci\u00eancia e os saberes fluxos? Estas e outras quest\u00f5es ser\u00e3o debatidas no II Encontro Regional Norte-Nordeste da Abciber, que acontecer\u00e1 em Aracaju na UNIT. N\u00e3o garantimos respostas para os dilemas apresentados aqui, vamos, com certeza, confirmar ambi\u00eancias formativas para muitas conversas, produ\u00e7\u00e3o de questionamentos e partilhas de sentidos. Comiss\u00e3o Organizadora \u2013 Cristiane de Magalh\u00e3es Porto \u2013 Edm\u00e9a Santos Comiss\u00e3o Cient\u00edfica \u2013 Alexandre Meneses Chagas, Brasil \u2013 Kaio Eduardo de Jesus Oliveira, Universidade Tiradentes, Brasil \u2013 Caio M\u00e1rio Alc\u00e2ntara, Universidade Tiradentes \u2013 CARLONEY ALVES DE OLIVEIRA, UNIVERSIDADE FEDERAL DE ALAGOAS, Brasil \u2013 Profa \u00darsula Cunha Anecleto,&#8230; <\/p>\n<p><a class=\"readmore\" href=\"https:\/\/abciber.org.br\/site\/anais-eletronicos-encontro-norte-nordeste\/\">Continua<\/a><\/p>\n","protected":false},"author":1,"featured_media":0,"parent":0,"menu_order":0,"comment_status":"closed","ping_status":"closed","template":"","meta":{"footnotes":""},"class_list":["post-12142","page","type-page","status-publish","hentry"],"_links":{"self":[{"href":"https:\/\/abciber.org.br\/site\/wp-json\/wp\/v2\/pages\/12142","targetHints":{"allow":["GET"]}}],"collection":[{"href":"https:\/\/abciber.org.br\/site\/wp-json\/wp\/v2\/pages"}],"about":[{"href":"https:\/\/abciber.org.br\/site\/wp-json\/wp\/v2\/types\/page"}],"author":[{"embeddable":true,"href":"https:\/\/abciber.org.br\/site\/wp-json\/wp\/v2\/users\/1"}],"replies":[{"embeddable":true,"href":"https:\/\/abciber.org.br\/site\/wp-json\/wp\/v2\/comments?post=12142"}],"version-history":[{"count":44,"href":"https:\/\/abciber.org.br\/site\/wp-json\/wp\/v2\/pages\/12142\/revisions"}],"predecessor-version":[{"id":14467,"href":"https:\/\/abciber.org.br\/site\/wp-json\/wp\/v2\/pages\/12142\/revisions\/14467"}],"wp:attachment":[{"href":"https:\/\/abciber.org.br\/site\/wp-json\/wp\/v2\/media?parent=12142"}],"curies":[{"name":"wp","href":"https:\/\/api.w.org\/{rel}","templated":true}]}}