{"id":12164,"date":"2021-08-29T11:28:09","date_gmt":"2021-08-29T14:28:09","guid":{"rendered":"http:\/\/abciber.org.br\/site\/?page_id=12164"},"modified":"2024-04-22T08:18:27","modified_gmt":"2024-04-22T11:18:27","slug":"anais-eletronicos-encontro-centro-sul","status":"publish","type":"page","link":"https:\/\/abciber.org.br\/site\/anais-eletronicos-encontro-centro-sul\/","title":{"rendered":"Anais Eletr\u00f4nicos &#8211; Encontro Regional Centro-Sul da ABCiber"},"content":{"rendered":"[vc_row row_type=&#8221;2&#8243; blox_image=&#8221;13690&#8243; page_title=&#8221;page-title-x&#8221; blox_dark=&#8221;true&#8221; blox_bgcolor=&#8221;#282828&#8243;][vc_column css=&#8221;.vc_custom_1466323235150{padding-top: 8px !important;}&#8221;]<hr class=\"vertical-space5\"><hr class=\"vertical-space5\"><hr class=\"vertical-space5\"><hr class=\"vertical-space4\"><hr class=\"vertical-space1\">[vc_column_text]\n<h4 style=\"font-size: 36px;\"><strong>\u00a0<\/strong><\/h4>\n[\/vc_column_text]<hr class=\"vertical-space2\">[\/vc_column][\/vc_row][vc_row row_type=&#8221;2&#8243; blox_bgcolor=&#8221;#f6f6f8&#8243;][vc_column width=&#8221;2\/3&#8243; css=&#8221;.vc_custom_1468734530362{padding-right: 0px !important;}&#8221;]<hr class=\"vertical-space2\">[vc_column_text css_animation=&#8221;none&#8221; css=&#8221;.vc_custom_1712929121675{padding-right: 5px !important;}&#8221;]<strong>[vc_empty_space] <h2 class=\"big-title1\">Encontro regional centro-sul da ABCiber 2019<\/h2><\/strong><\/p>\n<p>04 e 05 de abril de 2019<br \/>\nFaculdade Paulus de Comunica\u00e7\u00e3o \u2013 FAPCOM<\/p>\n<h4><strong>Comunica\u00e7\u00e3o, Cibercultura e Comunicabilidades em discuss\u00e3o<\/strong><\/h4>\n<p>O II Encontro Regional Centro-Sul da ABCiber traz di\u00e1logos de pesquisadores convidados acerca de reflex\u00f5es sobre comunica\u00e7\u00e3o e seus diversos aspectos, as articula\u00e7\u00f5es com a filosofia e os avan\u00e7os tecnol\u00f3gicos da contemporaneidade.<\/p>\n<h6><strong>Comiss\u00e3o Organizadora<\/strong><\/h6>\n<p>\u2013 Profa. Dra. Alessandra Barros Marassi \u2013 Coordenadora<br \/>\n\u2013 Profa. Dra. Cleusa Kazue Sakamoto<br \/>\n\u2013 Prof. Dra. Jana\u00edna Quintas Antunes<br \/>\n\u2013 Prof. Dr. Jorge Miklos<br \/>\n\u2013 Obd\u00e1lia Ferraz, UNEB<br \/>\n\u2013 Mariana Picaro Cerigatto, Universidade Tiradentes, Brasil<\/p>\n<h6><strong>Comiss\u00e3o Editorial<\/strong><\/h6>\n<p>\u2013 Cleomar Rocha<br \/>\n\u2013 Jana\u00edna Antunes<\/p>\n<p><strong>Ficha Catalogr\u00e1fica<br \/>\n<\/strong><\/p>\n<p><strong><img fetchpriority=\"high\" decoding=\"async\" class=\"alignnone wp-image-12173 size-full\" src=\"http:\/\/abciber.org.br\/site\/wp-content\/uploads\/2021\/08\/centro-sul-ficha.png\" alt=\"\" width=\"595\" height=\"320\" srcset=\"https:\/\/abciber.org.br\/site\/wp-content\/uploads\/2021\/08\/centro-sul-ficha.png 595w, https:\/\/abciber.org.br\/site\/wp-content\/uploads\/2021\/08\/centro-sul-ficha-300x161.png 300w\" sizes=\"(max-width: 595px) 100vw, 595px\" \/><\/strong><\/p>\n<h4><strong>[\/vc_column][\/vc_row][vc_row][vc_column][vc_column_text][vc_row][vc_column width=&#8221;1\/1&#8243;][vc_column_text]<\/strong><\/h4>\n<h4><\/h4>\n<h4>[vc_empty_space] <h2 class=\"big-title1\">Anais Eletr\u00f4nicos<\/h2><\/h4>\n<p>Consulte abaixo os anais eletr\u00f4nicos.<\/p>\n<p>Acesse a p\u00e1gina de\u00a0<a href=\"https:\/\/abciber.org.br\/site\/eventos\/\">Eventos<\/a> para mais detalhes sobre cada edi\u00e7\u00e3o do Simp\u00f3sio Nacional da ABCiber.<\/p>\n<p style=\"margin-bottom: 13px; font-size: 18px; text-align: left;\">[\/vc_column_text][\/vc_column][\/vc_row][vc_row][vc_column]<article class=\"icon-box7     \" style=\"background:;\"><a target=\"_blank\" href=\"https:\/\/abciber.org.br\/simposios\/index.php\/centro-sul\/IIcentrosul\/schedConf\/presentations\"><i class=\"icon-download \" style=\"\"><\/i><\/a><h4>2019<\/h4><p>II Encontro Centro-Sul<\/p><a target=\"_blank\"  class=\"magicmore\" href=\"https:\/\/abciber.org.br\/simposios\/index.php\/centro-sul\/IIcentrosul\/schedConf\/presentations\">Acesse os anais<\/a><\/article><article class=\"icon-box7     \" style=\"background:;\"><a target=\"_blank\" href=\"https:\/\/drive.google.com\/file\/d\/1S9h44Cc6X-Oh733t1IMRpIQRzhQRhOyn\/view\"><i class=\"icon-download \" style=\"\"><\/i><\/a><h4>2018<\/h4><p>I Encontro Centro-Sul<\/p><a target=\"_blank\"  class=\"magicmore\" href=\"https:\/\/drive.google.com\/file\/d\/1S9h44Cc6X-Oh733t1IMRpIQRzhQRhOyn\/view\">Acesse os anais<\/a><\/article>[\/vc_column][\/vc_row]\n","protected":false},"excerpt":{"rendered":"<p>[vc_row row_type=&#8221;2&#8243; blox_image=&#8221;13690&#8243; page_title=&#8221;page-title-x&#8221; blox_dark=&#8221;true&#8221; blox_bgcolor=&#8221;#282828&#8243;][vc_column css=&#8221;.vc_custom_1466323235150{padding-top: 8px !important;}&#8221;][vc_column_text] \u00a0 [\/vc_column_text][\/vc_column][\/vc_row][vc_row row_type=&#8221;2&#8243; blox_bgcolor=&#8221;#f6f6f8&#8243;][vc_column width=&#8221;2\/3&#8243; css=&#8221;.vc_custom_1468734530362{padding-right: 0px !important;}&#8221;][vc_column_text css_animation=&#8221;none&#8221; css=&#8221;.vc_custom_1712929121675{padding-right: 5px !important;}&#8221;][vc_empty_space] 04 e 05 de abril de 2019 Faculdade Paulus de Comunica\u00e7\u00e3o \u2013 FAPCOM Comunica\u00e7\u00e3o, Cibercultura e Comunicabilidades em discuss\u00e3o O II Encontro Regional Centro-Sul da ABCiber traz di\u00e1logos de pesquisadores convidados acerca de reflex\u00f5es sobre comunica\u00e7\u00e3o e seus diversos aspectos, as articula\u00e7\u00f5es com a filosofia e os avan\u00e7os tecnol\u00f3gicos da contemporaneidade. Comiss\u00e3o Organizadora \u2013 Profa. Dra. Alessandra Barros Marassi \u2013 Coordenadora \u2013 Profa. Dra. Cleusa Kazue Sakamoto \u2013 Prof. Dra. Jana\u00edna Quintas Antunes \u2013 Prof. Dr. Jorge Miklos \u2013 Obd\u00e1lia Ferraz, UNEB \u2013 Mariana Picaro Cerigatto, Universidade Tiradentes, Brasil Comiss\u00e3o Editorial \u2013 Cleomar Rocha \u2013 Jana\u00edna Antunes Ficha Catalogr\u00e1fica [\/vc_column][\/vc_row][vc_row][vc_column][vc_column_text][vc_row][vc_column width=&#8221;1\/1&#8243;][vc_column_text] [vc_empty_space] Consulte abaixo os anais eletr\u00f4nicos. Acesse a p\u00e1gina de\u00a0Eventos para mais detalhes sobre cada edi\u00e7\u00e3o do Simp\u00f3sio Nacional da ABCiber. [\/vc_column_text][\/vc_column][\/vc_row][vc_row][vc_column][\/vc_column][\/vc_row]<\/p>\n","protected":false},"author":1,"featured_media":0,"parent":0,"menu_order":0,"comment_status":"closed","ping_status":"closed","template":"","meta":{"footnotes":""},"class_list":["post-12164","page","type-page","status-publish","hentry"],"_links":{"self":[{"href":"https:\/\/abciber.org.br\/site\/wp-json\/wp\/v2\/pages\/12164","targetHints":{"allow":["GET"]}}],"collection":[{"href":"https:\/\/abciber.org.br\/site\/wp-json\/wp\/v2\/pages"}],"about":[{"href":"https:\/\/abciber.org.br\/site\/wp-json\/wp\/v2\/types\/page"}],"author":[{"embeddable":true,"href":"https:\/\/abciber.org.br\/site\/wp-json\/wp\/v2\/users\/1"}],"replies":[{"embeddable":true,"href":"https:\/\/abciber.org.br\/site\/wp-json\/wp\/v2\/comments?post=12164"}],"version-history":[{"count":36,"href":"https:\/\/abciber.org.br\/site\/wp-json\/wp\/v2\/pages\/12164\/revisions"}],"predecessor-version":[{"id":14468,"href":"https:\/\/abciber.org.br\/site\/wp-json\/wp\/v2\/pages\/12164\/revisions\/14468"}],"wp:attachment":[{"href":"https:\/\/abciber.org.br\/site\/wp-json\/wp\/v2\/media?parent=12164"}],"curies":[{"name":"wp","href":"https:\/\/api.w.org\/{rel}","templated":true}]}}