{"id":13241,"date":"2024-03-06T07:02:33","date_gmt":"2024-03-06T10:02:33","guid":{"rendered":"https:\/\/abciber.org.br\/site\/?page_id=13241"},"modified":"2024-04-10T16:46:27","modified_gmt":"2024-04-10T19:46:27","slug":"abciber-historico","status":"publish","type":"page","link":"https:\/\/abciber.org.br\/site\/abciber-historico\/","title":{"rendered":"ABCiber Hist\u00f3rico"},"content":{"rendered":"[vc_row row_type=&#8221;2&#8243; blox_image=&#8221;13678&#8243; page_title=&#8221;page-title-x&#8221; blox_dark=&#8221;true&#8221; blox_bgcolor=&#8221;#282828&#8243;][vc_column css=&#8221;.vc_custom_1466323235150{padding-top: 8px !important;}&#8221;]<hr class=\"vertical-space5\"><hr class=\"vertical-space5\"><hr class=\"vertical-space4\"><hr class=\"vertical-space1\">[vc_column_text]\n<h4 style=\"font-size: 36px;\"><strong>\u00a0<\/strong><\/h4>\n[\/vc_column_text]<hr class=\"vertical-space2\">[\/vc_column][\/vc_row][vc_row][vc_column width=&#8221;1\/4&#8243; css=&#8221;.vc_custom_1709804658559{margin-left: -30px !important;padding-top: 30px !important;background-color: #f4f4f4 !important;}&#8221;][vc_column_text css_animation=&#8221;none&#8221; css=&#8221;.vc_custom_1712690868698{margin-bottom: 161px !important;padding-left: 50px !important;}&#8221;]<a href=\"https:\/\/abciber.org.br\/site\/abciber-historico\/\">Hist\u00f3ria<\/a><br \/>\n<a href=\"https:\/\/abciber.org.br\/site\/abciber-ata\">Ata de Funda\u00e7\u00e3o<\/a><br \/>\n<a href=\"https:\/\/abciber.org.br\/site\/abciber-estatuto\/\">Estatuto<\/a><br \/>\n<a href=\"https:\/\/abciber.org.br\/site\/abciber-metas\">Metas e Objetivos<\/a><br \/>\n<a href=\"https:\/\/abciber.org.br\/site\/abciber-diretoria-atual\">Diretoria Atual<\/a><br \/>\n<a href=\"https:\/\/abciber.org.br\/site\/abciber-diretorias-anteriores\">Diretorias Anteriores<\/a><br \/>\n<a href=\"https:\/\/abciber.org.br\/site\/abciber-conselho\">Conselho<\/a><br \/>\n<a href=\"https:\/\/abciber.org.br\/site\/abciber-comissoes\">Comiss\u00f5es<\/a><br \/>\n<a href=\"https:\/\/abciber.org.br\/site\/abciber-socios\">Associados<\/a><br \/>\n<a href=\"https:\/\/abciber.org.br\/site\/abciber-documentos\">Documentos<\/a>[\/vc_column_text][\/vc_column][vc_column width=&#8221;3\/4&#8243; css=&#8221;.vc_custom_1709719847792{padding-top: 30px !important;}&#8221;][vc_column_text css_animation=&#8221;none&#8221; css=&#8221;.vc_custom_1712778210969{padding-right: 5px !important;}&#8221;]\n<h4>[vc_empty_space] <strong><span style=\"color: #000000;\"><h2 class=\"big-title1\">Breve Hist\u00f3rico da ABCiber<\/h2><\/span><\/strong><\/h4>\n<p>&nbsp;<\/p>\n<p>Fruto de um projeto semeado desde 2000, cuja ideia preliminar foi lan\u00e7ada no IX Encontro Nacional da COMP\u00d3S, realizado na PUC-RS, a ABCiber foi fundada em 27 de setembro de 2006, por pesquisadores(as) de v\u00e1rios Programas de P\u00f3s-Gradua\u00e7\u00e3o de diferentes \u00e1reas das Ci\u00eancias Humanas, Ci\u00eancias Sociais Aplicadas e Lingu\u00edstica, Letras e Artes no Brasil, ent\u00e3o reunidos em Plen\u00e1ria Especial do I Simp\u00f3sio Nacional de Pesquisadores em Comunica\u00e7\u00e3o e Cibercultura. O evento foi organizado pelo CENCIB \u2013 Centro Interdisciplinar de Pesquisas em Comunica\u00e7\u00e3o e Cibercultura, do Programa de Estudos P\u00f3s-Graduados em Comunica\u00e7\u00e3o e Semi\u00f3tica da PUC- SP, e realizado nesta Universidade, no per\u00edodo de 25 a 29 de setembro de 2006.<\/p>\n<p>A cria\u00e7\u00e3o da Associa\u00e7\u00e3o foi divulgada em Nota P\u00fablica (de 07\/10\/2006) para a comunidade nacional e internacional. A necessidade institucional de integra\u00e7\u00e3o da ABCiber ao sistema jur\u00eddico brasileiro levou a primeira Diretoria a adotar procedimentos administrativos, documentais e operacionais necess\u00e1rios ao registro da Associa\u00e7\u00e3o em Cart\u00f3rio da cidade de S\u00e3o Paulo, nomeadamente no 6o. Cart\u00f3rio de T\u00edtulos e Documentos e Civil de Pessoa Jur\u00eddica, e, posteriormente, \u00e0 obten\u00e7\u00e3o do CNPJ \u2013 n. 11.294.169\/0001-18 \u2013 junto \u00e0 Receita Federal. Esses procedimentos inclu\u00edram a convoca\u00e7\u00e3o de uma Assembleia Geral Especial, igualmente liminar, para efeito de funda\u00e7\u00e3o de direito da Associa\u00e7\u00e3o, encontro este realizado na PUC-SP, no dia 05 de outubro de 2009.<\/p>\n<p>\u00c0 luz da sistem\u00e1tica axiol\u00f3gica referencial do ordenamento jur\u00eddico, os(as) pesquisadores(as) que participaram da Plen\u00e1ria Especial de 26 de setembro de 2006 passaram a ser considerados formalmente como \u201cfundadores hist\u00f3ricos ou de fato\u201d da ABCiber; e os(as) pesquisadores(as) participantes da assembleia de funda\u00e7\u00e3o jur\u00eddica, os seus \u201cfundadores de direito\u201d.<\/p>\n<p>A hist\u00f3ria da ABCiber testemunha, com convic\u00e7\u00e3o, que um dos legados intelectuais e \u00e9ticos mais vigorosos e fundamentais que a cria\u00e7\u00e3o de uma entidade cient\u00edfica nacional pode oferecer \u00e0s \u00e1reas de conhecimento que a constituem, ao seu desenvolvimento ampliado, diversificado e sempre renovado, e tamb\u00e9m \u00e0 sua pr\u00f3pria posteridade, \u00e9 o de uma democracia v\u00edvida, concretamente atuada e articulada na indispens\u00e1vel escuta do outro, a\u00ed compreendidos os procedimentos que instituam esse legado como valor a ser cultivado dentro e fora da institui\u00e7\u00e3o, em todos os sentidos.<\/p>\n<p>A ABCiber se orgulha de ter-se desenvolvido a partir do consenso multilateral, em escala nacional, em rela\u00e7\u00e3o \u00e0 necessidade de sua funda\u00e7\u00e3o, bem como (a partir) da diferen\u00e7a produtiva, elegante e plena de amizade no \u00e2mbito intelectual e da sinergia na esfera pessoal \u2013 princ\u00edpios sine qua non de constru\u00e7\u00e3o de uma institui\u00e7\u00e3o cient\u00edfica e cultural democratizada internamente e progressista, que se fez \u2013 em sua hist\u00f3ria, a evocar-se aqui tamb\u00e9m o GT \u201cComunica\u00e7\u00e3o e Cibercultura\u201d da COMP\u00d3S \u2013 em nome da liberdade e da solidariedade interpares.[\/vc_column_text][\/vc_column][\/vc_row]\n","protected":false},"excerpt":{"rendered":"<p>[vc_row row_type=&#8221;2&#8243; blox_image=&#8221;13678&#8243; page_title=&#8221;page-title-x&#8221; blox_dark=&#8221;true&#8221; blox_bgcolor=&#8221;#282828&#8243;][vc_column css=&#8221;.vc_custom_1466323235150{padding-top: 8px !important;}&#8221;][vc_column_text] \u00a0 [\/vc_column_text][\/vc_column][\/vc_row][vc_row][vc_column width=&#8221;1\/4&#8243; css=&#8221;.vc_custom_1709804658559{margin-left: -30px !important;padding-top: 30px !important;background-color: #f4f4f4 !important;}&#8221;][vc_column_text css_animation=&#8221;none&#8221; css=&#8221;.vc_custom_1712690868698{margin-bottom: 161px !important;padding-left: 50px !important;}&#8221;]Hist\u00f3ria Ata de Funda\u00e7\u00e3o Estatuto Metas e Objetivos Diretoria Atual Diretorias Anteriores Conselho Comiss\u00f5es Associados Documentos[\/vc_column_text][\/vc_column][vc_column width=&#8221;3\/4&#8243; css=&#8221;.vc_custom_1709719847792{padding-top: 30px !important;}&#8221;][vc_column_text css_animation=&#8221;none&#8221; css=&#8221;.vc_custom_1712778210969{padding-right: 5px !important;}&#8221;] [vc_empty_space] &nbsp; Fruto de um projeto semeado desde 2000, cuja ideia preliminar foi lan\u00e7ada no IX Encontro Nacional da COMP\u00d3S, realizado na PUC-RS, a ABCiber foi fundada em 27 de setembro de 2006, por pesquisadores(as) de v\u00e1rios Programas de P\u00f3s-Gradua\u00e7\u00e3o de diferentes \u00e1reas das Ci\u00eancias Humanas, Ci\u00eancias Sociais Aplicadas e Lingu\u00edstica, Letras e Artes no Brasil, ent\u00e3o reunidos em Plen\u00e1ria Especial do I Simp\u00f3sio Nacional de Pesquisadores em Comunica\u00e7\u00e3o e Cibercultura. O evento foi organizado pelo CENCIB \u2013 Centro Interdisciplinar de Pesquisas em Comunica\u00e7\u00e3o e Cibercultura, do Programa de Estudos P\u00f3s-Graduados em Comunica\u00e7\u00e3o e Semi\u00f3tica da PUC- SP, e realizado nesta Universidade, no per\u00edodo de 25 a 29 de setembro de 2006. A cria\u00e7\u00e3o da Associa\u00e7\u00e3o foi divulgada em Nota P\u00fablica (de 07\/10\/2006) para a comunidade nacional e internacional. A necessidade institucional de integra\u00e7\u00e3o da ABCiber ao sistema jur\u00eddico brasileiro levou a primeira Diretoria a adotar procedimentos administrativos, documentais e operacionais necess\u00e1rios ao registro da Associa\u00e7\u00e3o em Cart\u00f3rio da cidade de S\u00e3o Paulo, nomeadamente no 6o. Cart\u00f3rio de T\u00edtulos e Documentos e Civil de Pessoa Jur\u00eddica, e, posteriormente, \u00e0 obten\u00e7\u00e3o do CNPJ \u2013 n. 11.294.169\/0001-18 \u2013 junto \u00e0 Receita Federal. Esses procedimentos inclu\u00edram a convoca\u00e7\u00e3o de uma Assembleia Geral Especial, igualmente liminar, para efeito de funda\u00e7\u00e3o de direito da Associa\u00e7\u00e3o, encontro este realizado na PUC-SP, no dia 05 de outubro de 2009. \u00c0 luz da sistem\u00e1tica axiol\u00f3gica referencial do ordenamento jur\u00eddico, os(as) pesquisadores(as) que participaram da Plen\u00e1ria Especial de 26 de setembro de 2006 passaram a ser considerados formalmente como \u201cfundadores hist\u00f3ricos&#8230; <\/p>\n<p><a class=\"readmore\" href=\"https:\/\/abciber.org.br\/site\/abciber-historico\/\">Continua<\/a><\/p>\n","protected":false},"author":1,"featured_media":0,"parent":0,"menu_order":0,"comment_status":"closed","ping_status":"closed","template":"","meta":{"footnotes":""},"class_list":["post-13241","page","type-page","status-publish","hentry"],"_links":{"self":[{"href":"https:\/\/abciber.org.br\/site\/wp-json\/wp\/v2\/pages\/13241","targetHints":{"allow":["GET"]}}],"collection":[{"href":"https:\/\/abciber.org.br\/site\/wp-json\/wp\/v2\/pages"}],"about":[{"href":"https:\/\/abciber.org.br\/site\/wp-json\/wp\/v2\/types\/page"}],"author":[{"embeddable":true,"href":"https:\/\/abciber.org.br\/site\/wp-json\/wp\/v2\/users\/1"}],"replies":[{"embeddable":true,"href":"https:\/\/abciber.org.br\/site\/wp-json\/wp\/v2\/comments?post=13241"}],"version-history":[{"count":20,"href":"https:\/\/abciber.org.br\/site\/wp-json\/wp\/v2\/pages\/13241\/revisions"}],"predecessor-version":[{"id":14217,"href":"https:\/\/abciber.org.br\/site\/wp-json\/wp\/v2\/pages\/13241\/revisions\/14217"}],"wp:attachment":[{"href":"https:\/\/abciber.org.br\/site\/wp-json\/wp\/v2\/media?parent=13241"}],"curies":[{"name":"wp","href":"https:\/\/api.w.org\/{rel}","templated":true}]}}