{"id":13252,"date":"2024-03-07T06:54:21","date_gmt":"2024-03-07T09:54:21","guid":{"rendered":"https:\/\/abciber.org.br\/site\/?page_id=13252"},"modified":"2024-04-10T07:52:53","modified_gmt":"2024-04-10T10:52:53","slug":"abciber-ata","status":"publish","type":"page","link":"https:\/\/abciber.org.br\/site\/abciber-ata\/","title":{"rendered":"ABCiber &#8211; Ata de Funda\u00e7\u00e3o"},"content":{"rendered":"[vc_row row_type=&#8221;2&#8243; blox_image=&#8221;13678&#8243; page_title=&#8221;page-title-x&#8221; blox_dark=&#8221;true&#8221; blox_bgcolor=&#8221;#282828&#8243;][vc_column css=&#8221;.vc_custom_1466323235150{padding-top: 8px !important;}&#8221;]<hr class=\"vertical-space5\"><hr class=\"vertical-space5\"><hr class=\"vertical-space5\"><hr class=\"vertical-space4\"><hr class=\"vertical-space1\">[vc_column_text]\n<h4><\/h4>\n<h4 style=\"font-size: 36px; text-align: left;\"><strong>\u00a0<\/strong><\/h4>\n[\/vc_column_text]<hr class=\"vertical-space2\">[\/vc_column][\/vc_row][vc_row][vc_column width=&#8221;1\/4&#8243; css=&#8221;.vc_custom_1709804658559{margin-left: -30px !important;padding-top: 30px !important;background-color: #f4f4f4 !important;}&#8221;][vc_column_text css_animation=&#8221;none&#8221; css=&#8221;.vc_custom_1712690219290{margin-bottom: 161px !important;padding-left: 50px !important;}&#8221;]<a href=\"https:\/\/abciber.org.br\/site\/abciber-historico\/\">Hist\u00f3ria<\/a><br \/>\n<a href=\"https:\/\/abciber.org.br\/site\/abciber-ata\">Ata de Funda\u00e7\u00e3o<\/a><br \/>\n<a href=\"https:\/\/abciber.org.br\/site\/abciber-estatuto\/\">Estatuto<\/a><br \/>\n<a href=\"https:\/\/abciber.org.br\/site\/abciber-metas\">Metas e Objetivos<\/a><br \/>\n<a href=\"https:\/\/abciber.org.br\/site\/abciber-diretoria-atual\">Diretoria Atual<\/a><br \/>\n<a href=\"https:\/\/abciber.org.br\/site\/abciber-diretorias-anteriores\">Diretorias Anteriores<\/a><br \/>\n<a href=\"https:\/\/abciber.org.br\/site\/abciber-conselho\">Conselho<\/a><br \/>\n<a href=\"https:\/\/abciber.org.br\/site\/abciber-comissoes\">Comiss\u00f5es<\/a><br \/>\n<a href=\"https:\/\/abciber.org.br\/site\/abciber-socios\">Associados<\/a><br \/>\n<a href=\"https:\/\/abciber.org.br\/site\/abciber-documentos\">Documentos<\/a>[\/vc_column_text][\/vc_column][vc_column width=&#8221;3\/4&#8243; css=&#8221;.vc_custom_1709719847792{padding-top: 30px !important;}&#8221;][vc_column_text css_animation=&#8221;none&#8221; css=&#8221;.vc_custom_1712746204042{padding-right: 5px !important;}&#8221;]\n<h4>[vc_empty_space] <strong><span style=\"color: #000000;\"><h2 class=\"big-title1\">Ata de Reuni\u00e3o da Funda\u00e7\u00e3o da ABCiber<\/h2><\/span><\/strong><\/h4>\n<p>&nbsp;<\/p>\n<p><strong>Data e local da reuni\u00e3o<\/strong><\/p>\n<p>\u2013 Aos vinte e sete dias do m\u00eas de setembro de dois mil e seis, \u00e0s dezoito horas e trinta minutos, realizou-se, na cidade de S\u00e3o Paulo, Estado de S\u00e3o Paulo, no audit\u00f3rio Banespa, no pr\u00e9dio Bandeira de Mello da Pontif\u00edcia Universidade Cat\u00f3lica de S\u00e3o Paulo (PUC-SP), a Plen\u00e1ria Especial de funda\u00e7\u00e3o da associa\u00e7\u00e3o cient\u00edfica adiante especificada.<\/p>\n<p><strong>Contexto da reuni\u00e3o<\/strong><\/p>\n<p>\u2013 Agendada desde mar\u00e7o do mesmo ano, a Plen\u00e1ria integrou a programa\u00e7\u00e3o do I Simp\u00f3sio Nacional de Pesquisadores em Comunica\u00e7\u00e3o e Cibercultura, promovido pelo Programa de Estudos P\u00f3s-Graduados em Comunica\u00e7\u00e3o e Semi\u00f3tica (PEPGCOS) da PUC-SP e pelo Ita\u00fa Cultural, organizado pelo CENCIB \u2013 Centro Interdisciplinar de Pesquisas em Comunica\u00e7\u00e3o e Cibercultura, vinculado ao mesmo Programa, e realizado no TUCA \u2013 Teatro da Universidade Cat\u00f3lica, no per\u00edodo de vinte e cinco a vinte e nove de setembro do corrente ano, com apoio cultural desse Teatro e da Livraria Cultura \u2013 Simp\u00f3sio que contou com a participa\u00e7\u00e3o de trinta e oito pesquisadores(as) [entre autoridades institucionais, conferencistas e mediadores(as)] de Programas de P\u00f3s- Gradua\u00e7\u00e3o das \u00e1reas de Ci\u00eancias Humanas, Ci\u00eancias Sociais Aplicadas e Ling\u00fc\u00edstica, Letras e Artes.<\/p>\n<p><strong>Comparecimento<\/strong><\/p>\n<p>\u2013 Estavam presentes \u00e0 Plen\u00e1ria os(as) seguintes professores(as)\/pesquisadores(as):<\/p>\n<p>Adriana Amaral (UTP)<br \/>\nAlex Primo (UFRGS)<br \/>\nAndr\u00e9 Lemos (UFBA)<br \/>\nDiana Domingues (UTP \u2013 UCS)<br \/>\nErick Felinto (UERJ)<br \/>\nEug\u00eanio Trivinho (PUC-SP)<br \/>\nFernanda Bruno (UFRJ)<br \/>\nFrancisco Coelho dos Santos (UFMG)<br \/>\nHenrique Antoun (UFRJ)<br \/>\nJuremir Machado da Silva (PUC-RS)<br \/>\nLucr\u00e9cia D\u2019Alessio Ferrara (PUC-SP)<br \/>\nMarco Silva (UERJ \/ UNESA)<br \/>\nMaria Cristina Franco Ferraz (UFF)<br \/>\nOthon Jambeiro (UFBA),<br \/>\nRog\u00e9rio da Costa (PUC-SP)<br \/>\nRosa Maria Leite Ribeiro Pedro (UFRJ)<br \/>\nSimone Pereira de S\u00e1 (UFF)<br \/>\nThe\u00f3philos Rifiotis (UFSC)<br \/>\nVin\u00edcius Andrade Pereira (UERJ)<br \/>\nYara Rondon Guasque Ara\u00fajo (UDESC)<\/p>\n<p>Estavam tamb\u00e9m presentes os(as) seguintes p\u00f3s-graduandos(as) do PEPGCOS e membros(as) do CENCIB e da Comiss\u00e3o Organizadora do Simp\u00f3sio:<\/p>\n<p>Edilson Cazeloto (Coordenador adjunto)<br \/>\nAna L\u00facia Damasceno Moura F\u00e9 (Assessora de Imprensa do evento)<br \/>\nMaria Cristina Palhares Valencia e Heloisa Pereira (Secret\u00e1rias)<\/p>\n<p>A sess\u00e3o somou ainda, em regime escalonado, a presen\u00e7a de Juliana Padilha Pacheco da Costa e de Carolina Castillo Dias, funcion\u00e1rias da Videoteca da PUC-SP respons\u00e1veis pela grava\u00e7\u00e3o digital dos trabalhos.[\/vc_column_text][vc_btn title=&#8221;Download da ATA em PDF&#8221; i_icon_fontawesome=&#8221;fa fa-file-pdf-o&#8221; add_icon=&#8221;true&#8221; link=&#8221;url:http%3A%2F%2Fwww.abciber.org.br%2Fsite%2Farquivos%2Fata_fundacao.pdf||target:%20_blank|&#8221;][\/vc_column][\/vc_row]\n","protected":false},"excerpt":{"rendered":"<p>[vc_row row_type=&#8221;2&#8243; blox_image=&#8221;13678&#8243; page_title=&#8221;page-title-x&#8221; blox_dark=&#8221;true&#8221; blox_bgcolor=&#8221;#282828&#8243;][vc_column css=&#8221;.vc_custom_1466323235150{padding-top: 8px !important;}&#8221;][vc_column_text] \u00a0 [\/vc_column_text][\/vc_column][\/vc_row][vc_row][vc_column width=&#8221;1\/4&#8243; css=&#8221;.vc_custom_1709804658559{margin-left: -30px !important;padding-top: 30px !important;background-color: #f4f4f4 !important;}&#8221;][vc_column_text css_animation=&#8221;none&#8221; css=&#8221;.vc_custom_1712690219290{margin-bottom: 161px !important;padding-left: 50px !important;}&#8221;]Hist\u00f3ria Ata de Funda\u00e7\u00e3o Estatuto Metas e Objetivos Diretoria Atual Diretorias Anteriores Conselho Comiss\u00f5es Associados Documentos[\/vc_column_text][\/vc_column][vc_column width=&#8221;3\/4&#8243; css=&#8221;.vc_custom_1709719847792{padding-top: 30px !important;}&#8221;][vc_column_text css_animation=&#8221;none&#8221; css=&#8221;.vc_custom_1712746204042{padding-right: 5px !important;}&#8221;] [vc_empty_space] &nbsp; Data e local da reuni\u00e3o \u2013 Aos vinte e sete dias do m\u00eas de setembro de dois mil e seis, \u00e0s dezoito horas e trinta minutos, realizou-se, na cidade de S\u00e3o Paulo, Estado de S\u00e3o Paulo, no audit\u00f3rio Banespa, no pr\u00e9dio Bandeira de Mello da Pontif\u00edcia Universidade Cat\u00f3lica de S\u00e3o Paulo (PUC-SP), a Plen\u00e1ria Especial de funda\u00e7\u00e3o da associa\u00e7\u00e3o cient\u00edfica adiante especificada. Contexto da reuni\u00e3o \u2013 Agendada desde mar\u00e7o do mesmo ano, a Plen\u00e1ria integrou a programa\u00e7\u00e3o do I Simp\u00f3sio Nacional de Pesquisadores em Comunica\u00e7\u00e3o e Cibercultura, promovido pelo Programa de Estudos P\u00f3s-Graduados em Comunica\u00e7\u00e3o e Semi\u00f3tica (PEPGCOS) da PUC-SP e pelo Ita\u00fa Cultural, organizado pelo CENCIB \u2013 Centro Interdisciplinar de Pesquisas em Comunica\u00e7\u00e3o e Cibercultura, vinculado ao mesmo Programa, e realizado no TUCA \u2013 Teatro da Universidade Cat\u00f3lica, no per\u00edodo de vinte e cinco a vinte e nove de setembro do corrente ano, com apoio cultural desse Teatro e da Livraria Cultura \u2013 Simp\u00f3sio que contou com a participa\u00e7\u00e3o de trinta e oito pesquisadores(as) [entre autoridades institucionais, conferencistas e mediadores(as)] de Programas de P\u00f3s- Gradua\u00e7\u00e3o das \u00e1reas de Ci\u00eancias Humanas, Ci\u00eancias Sociais Aplicadas e Ling\u00fc\u00edstica, Letras e Artes. Comparecimento \u2013 Estavam presentes \u00e0 Plen\u00e1ria os(as) seguintes professores(as)\/pesquisadores(as): Adriana Amaral (UTP) Alex Primo (UFRGS) Andr\u00e9 Lemos (UFBA) Diana Domingues (UTP \u2013 UCS) Erick Felinto (UERJ) Eug\u00eanio Trivinho (PUC-SP) Fernanda Bruno (UFRJ) Francisco Coelho dos Santos (UFMG) Henrique Antoun (UFRJ) Juremir Machado da Silva (PUC-RS) Lucr\u00e9cia D\u2019Alessio Ferrara (PUC-SP) Marco Silva (UERJ \/ UNESA) Maria Cristina Franco Ferraz (UFF) Othon Jambeiro&#8230; <\/p>\n<p><a class=\"readmore\" href=\"https:\/\/abciber.org.br\/site\/abciber-ata\/\">Continua<\/a><\/p>\n","protected":false},"author":1,"featured_media":0,"parent":0,"menu_order":0,"comment_status":"closed","ping_status":"closed","template":"","meta":{"footnotes":""},"class_list":["post-13252","page","type-page","status-publish","hentry"],"_links":{"self":[{"href":"https:\/\/abciber.org.br\/site\/wp-json\/wp\/v2\/pages\/13252","targetHints":{"allow":["GET"]}}],"collection":[{"href":"https:\/\/abciber.org.br\/site\/wp-json\/wp\/v2\/pages"}],"about":[{"href":"https:\/\/abciber.org.br\/site\/wp-json\/wp\/v2\/types\/page"}],"author":[{"embeddable":true,"href":"https:\/\/abciber.org.br\/site\/wp-json\/wp\/v2\/users\/1"}],"replies":[{"embeddable":true,"href":"https:\/\/abciber.org.br\/site\/wp-json\/wp\/v2\/comments?post=13252"}],"version-history":[{"count":21,"href":"https:\/\/abciber.org.br\/site\/wp-json\/wp\/v2\/pages\/13252\/revisions"}],"predecessor-version":[{"id":13964,"href":"https:\/\/abciber.org.br\/site\/wp-json\/wp\/v2\/pages\/13252\/revisions\/13964"}],"wp:attachment":[{"href":"https:\/\/abciber.org.br\/site\/wp-json\/wp\/v2\/media?parent=13252"}],"curies":[{"name":"wp","href":"https:\/\/api.w.org\/{rel}","templated":true}]}}