{"id":13256,"date":"2024-03-07T07:02:49","date_gmt":"2024-03-07T10:02:49","guid":{"rendered":"https:\/\/abciber.org.br\/site\/?page_id=13256"},"modified":"2024-04-10T03:58:21","modified_gmt":"2024-04-10T06:58:21","slug":"abciber-metas","status":"publish","type":"page","link":"https:\/\/abciber.org.br\/site\/abciber-metas\/","title":{"rendered":"ABCiber Metas e Objetivos"},"content":{"rendered":"[vc_row row_type=&#8221;2&#8243; blox_image=&#8221;13678&#8243; page_title=&#8221;page-title-x&#8221; blox_dark=&#8221;true&#8221; blox_bgcolor=&#8221;#282828&#8243;][vc_column css=&#8221;.vc_custom_1466323235150{padding-top: 8px !important;}&#8221;]<hr class=\"vertical-space5\"><hr class=\"vertical-space5\"><hr class=\"vertical-space5\"><hr class=\"vertical-space4\"><hr class=\"vertical-space1\">[vc_column_text]\n<h4 style=\"font-size: 36px;\"><\/h4>\n[\/vc_column_text]<hr class=\"vertical-space2\">[\/vc_column][\/vc_row][vc_row][vc_column width=&#8221;1\/4&#8243; css=&#8221;.vc_custom_1709804658559{margin-left: -30px !important;padding-top: 30px !important;background-color: #f4f4f4 !important;}&#8221;][vc_column_text css_animation=&#8221;none&#8221; css=&#8221;.vc_custom_1712690946781{margin-bottom: 161px !important;padding-left: 50px !important;}&#8221;]<a href=\"https:\/\/abciber.org.br\/site\/abciber-historico\/\">Hist\u00f3ria<\/a><br \/>\n<a href=\"https:\/\/abciber.org.br\/site\/abciber-ata\">Ata de Funda\u00e7\u00e3o<\/a><br \/>\n<a href=\"https:\/\/abciber.org.br\/site\/abciber-estatuto\/\">Estatuto<\/a><br \/>\n<a href=\"https:\/\/abciber.org.br\/site\/abciber-metas\">Metas e Objetivos<\/a><br \/>\n<a href=\"https:\/\/abciber.org.br\/site\/abciber-diretoria-atual\">Diretoria Atual<\/a><br \/>\n<a href=\"https:\/\/abciber.org.br\/site\/abciber-diretorias-anteriores\">Diretorias Anteriores<\/a><br \/>\n<a href=\"https:\/\/abciber.org.br\/site\/abciber-conselho\">Conselho<\/a><br \/>\n<a href=\"https:\/\/abciber.org.br\/site\/abciber-comissoes\">Comiss\u00f5es<\/a><br \/>\n<a href=\"https:\/\/abciber.org.br\/site\/abciber-filiacoes\">Filia\u00e7\u00f5es<\/a><br \/>\n<a href=\"https:\/\/abciber.org.br\/site\/abciber-socios\">S\u00f3cios<\/a><br \/>\n<a href=\"https:\/\/abciber.org.br\/site\/abciber-documentos\">Documentos<\/a>[\/vc_column_text][\/vc_column][vc_column width=&#8221;3\/4&#8243; css=&#8221;.vc_custom_1709719847792{padding-top: 30px !important;}&#8221;][vc_column_text css_animation=&#8221;none&#8221; css=&#8221;.vc_custom_1712732130640{padding-right: 5px !important;}&#8221;]\n<h4>[vc_empty_space] <strong><span style=\"color: #000000;\"><h2 class=\"big-title1\">Metas e Objetivos da ABCiber<\/h2><\/span><\/strong><\/h4>\n<p>&nbsp;<\/p>\n<p><strong>Metas Institucionais<\/strong><\/p>\n<p>1. Nuclear e consolidar no Brasil o campo interdisciplinar de estudos sobre o fen\u00f4meno da cibercultura \u2013 entendida em sentido amplo, como categoria referente \u00e0s configura\u00e7\u00f5es socioculturais contempor\u00e2neas articuladas por tecnologias e redes digitais -, contribuindo para o desenvolvimento cient\u00edfico do pa\u00eds.<\/p>\n<p>2. Congregar pesquisadores(as), Grupos de Pesquisa, institui\u00e7\u00f5es e\/ou entidades brasileiras em torno de tem\u00e1ticas pertinentes a esse campo de estudos.<\/p>\n<p>3. Garantir condi\u00e7\u00f5es institucionais e materiais necess\u00e1rias \u00e0 organiza\u00e7\u00e3o continuada desse campo de estudos, atribuindo-lhe representa\u00e7\u00e3o institucional unificada e aut\u00f4noma em rela\u00e7\u00e3o \u00e0s demais associa\u00e7\u00f5es cient\u00edficas e culturais vigentes e possibilitando a expans\u00e3o da respectiva pesquisa de excel\u00eancia no pa\u00eds.<\/p>\n<p>4. Estimular interc\u00e2mbios com pesquisadores(as), Grupos de Pesquisa e entidades estrangeiras dedicados(as) ao mesmo campo de conhecimento.<\/p>\n<p><strong>Objetivos Program\u00e1ticos<\/strong><\/p>\n<p>1. Promover a circula\u00e7\u00e3o de conhecimento interdisciplinar renovado e questionador no contexto de rela\u00e7\u00f5es cient\u00edficas, institucionais e culturais entre pesquisadores(as) e membros(as) de Grupos de Pesquisa brasileiros, contribuindo para a diversifica\u00e7\u00e3o de caminhos reflexivos de compreens\u00e3o acerca do fen\u00f4meno da cibercultura.<\/p>\n<p>2. Contribuir para a forma\u00e7\u00e3o continuada de quadros intelectuais de excel\u00eancia, a partir da esfera de estudos da cibercultura.<\/p>\n<p>3. Organizar eventos cient\u00edficos peri\u00f3dicos, com apoio de ag\u00eancias de fomento e\/ou institui\u00e7\u00f5es privadas, no \u00e2mbito de sua compet\u00eancia institucional.[\/vc_column_text][\/vc_column][\/vc_row]\n","protected":false},"excerpt":{"rendered":"<p>[vc_row row_type=&#8221;2&#8243; blox_image=&#8221;13678&#8243; page_title=&#8221;page-title-x&#8221; blox_dark=&#8221;true&#8221; blox_bgcolor=&#8221;#282828&#8243;][vc_column css=&#8221;.vc_custom_1466323235150{padding-top: 8px !important;}&#8221;][vc_column_text] [\/vc_column_text][\/vc_column][\/vc_row][vc_row][vc_column width=&#8221;1\/4&#8243; css=&#8221;.vc_custom_1709804658559{margin-left: -30px !important;padding-top: 30px !important;background-color: #f4f4f4 !important;}&#8221;][vc_column_text css_animation=&#8221;none&#8221; css=&#8221;.vc_custom_1712690946781{margin-bottom: 161px !important;padding-left: 50px !important;}&#8221;]Hist\u00f3ria Ata de Funda\u00e7\u00e3o Estatuto Metas e Objetivos Diretoria Atual Diretorias Anteriores Conselho Comiss\u00f5es Filia\u00e7\u00f5es S\u00f3cios Documentos[\/vc_column_text][\/vc_column][vc_column width=&#8221;3\/4&#8243; css=&#8221;.vc_custom_1709719847792{padding-top: 30px !important;}&#8221;][vc_column_text css_animation=&#8221;none&#8221; css=&#8221;.vc_custom_1712732130640{padding-right: 5px !important;}&#8221;] [vc_empty_space] &nbsp; Metas Institucionais 1. Nuclear e consolidar no Brasil o campo interdisciplinar de estudos sobre o fen\u00f4meno da cibercultura \u2013 entendida em sentido amplo, como categoria referente \u00e0s configura\u00e7\u00f5es socioculturais contempor\u00e2neas articuladas por tecnologias e redes digitais -, contribuindo para o desenvolvimento cient\u00edfico do pa\u00eds. 2. Congregar pesquisadores(as), Grupos de Pesquisa, institui\u00e7\u00f5es e\/ou entidades brasileiras em torno de tem\u00e1ticas pertinentes a esse campo de estudos. 3. Garantir condi\u00e7\u00f5es institucionais e materiais necess\u00e1rias \u00e0 organiza\u00e7\u00e3o continuada desse campo de estudos, atribuindo-lhe representa\u00e7\u00e3o institucional unificada e aut\u00f4noma em rela\u00e7\u00e3o \u00e0s demais associa\u00e7\u00f5es cient\u00edficas e culturais vigentes e possibilitando a expans\u00e3o da respectiva pesquisa de excel\u00eancia no pa\u00eds. 4. Estimular interc\u00e2mbios com pesquisadores(as), Grupos de Pesquisa e entidades estrangeiras dedicados(as) ao mesmo campo de conhecimento. Objetivos Program\u00e1ticos 1. Promover a circula\u00e7\u00e3o de conhecimento interdisciplinar renovado e questionador no contexto de rela\u00e7\u00f5es cient\u00edficas, institucionais e culturais entre pesquisadores(as) e membros(as) de Grupos de Pesquisa brasileiros, contribuindo para a diversifica\u00e7\u00e3o de caminhos reflexivos de compreens\u00e3o acerca do fen\u00f4meno da cibercultura. 2. Contribuir para a forma\u00e7\u00e3o continuada de quadros intelectuais de excel\u00eancia, a partir da esfera de estudos da cibercultura. 3. Organizar eventos cient\u00edficos peri\u00f3dicos, com apoio de ag\u00eancias de fomento e\/ou institui\u00e7\u00f5es privadas, no \u00e2mbito de sua compet\u00eancia institucional.[\/vc_column_text][\/vc_column][\/vc_row]<\/p>\n","protected":false},"author":1,"featured_media":0,"parent":0,"menu_order":0,"comment_status":"closed","ping_status":"closed","template":"","meta":{"footnotes":""},"class_list":["post-13256","page","type-page","status-publish","hentry"],"_links":{"self":[{"href":"https:\/\/abciber.org.br\/site\/wp-json\/wp\/v2\/pages\/13256","targetHints":{"allow":["GET"]}}],"collection":[{"href":"https:\/\/abciber.org.br\/site\/wp-json\/wp\/v2\/pages"}],"about":[{"href":"https:\/\/abciber.org.br\/site\/wp-json\/wp\/v2\/types\/page"}],"author":[{"embeddable":true,"href":"https:\/\/abciber.org.br\/site\/wp-json\/wp\/v2\/users\/1"}],"replies":[{"embeddable":true,"href":"https:\/\/abciber.org.br\/site\/wp-json\/wp\/v2\/comments?post=13256"}],"version-history":[{"count":10,"href":"https:\/\/abciber.org.br\/site\/wp-json\/wp\/v2\/pages\/13256\/revisions"}],"predecessor-version":[{"id":13941,"href":"https:\/\/abciber.org.br\/site\/wp-json\/wp\/v2\/pages\/13256\/revisions\/13941"}],"wp:attachment":[{"href":"https:\/\/abciber.org.br\/site\/wp-json\/wp\/v2\/media?parent=13256"}],"curies":[{"name":"wp","href":"https:\/\/api.w.org\/{rel}","templated":true}]}}