{"id":13264,"date":"2024-03-07T07:19:39","date_gmt":"2024-03-07T10:19:39","guid":{"rendered":"https:\/\/abciber.org.br\/site\/?page_id=13264"},"modified":"2025-12-05T07:01:26","modified_gmt":"2025-12-05T10:01:26","slug":"abciber-diretorias-anteriores","status":"publish","type":"page","link":"https:\/\/abciber.org.br\/site\/abciber-diretorias-anteriores\/","title":{"rendered":"ABCiber Diretorias Anteriores"},"content":{"rendered":"[vc_row row_type=&#8221;2&#8243; blox_image=&#8221;13678&#8243; page_title=&#8221;page-title-x&#8221; blox_dark=&#8221;true&#8221; blox_bgcolor=&#8221;#282828&#8243;][vc_column css=&#8221;.vc_custom_1466323235150{padding-top: 8px !important;}&#8221;]<hr class=\"vertical-space5\"><hr class=\"vertical-space5\"><hr class=\"vertical-space5\"><hr class=\"vertical-space4\"><hr class=\"vertical-space1\">[vc_column_text]\n[\/vc_column_text]<hr class=\"vertical-space2\">[\/vc_column][\/vc_row][vc_row][vc_column width=&#8221;1\/4&#8243; css=&#8221;.vc_custom_1709804658559{margin-left: -30px !important;padding-top: 30px !important;background-color: #f4f4f4 !important;}&#8221;][vc_column_text css_animation=&#8221;none&#8221; css=&#8221;.vc_custom_1712690571884{margin-bottom: 161px !important;padding-left: 50px !important;}&#8221;]<a href=\"https:\/\/abciber.org.br\/site\/abciber-historico\/\">Hist\u00f3ria<\/a><br \/>\n<a href=\"https:\/\/abciber.org.br\/site\/abciber-ata\">Ata de Funda\u00e7\u00e3o<\/a><br \/>\n<a href=\"https:\/\/abciber.org.br\/site\/abciber-estatuto\/\">Estatuto<\/a><br \/>\n<a href=\"https:\/\/abciber.org.br\/site\/abciber-metas\">Metas e Objetivos<\/a><br \/>\n<a href=\"https:\/\/abciber.org.br\/site\/abciber-diretoria-atual\">Diretoria Atual<\/a><br \/>\n<a href=\"https:\/\/abciber.org.br\/site\/abciber-diretorias-anteriores\">Diretorias Anteriores<\/a><br \/>\n<a href=\"https:\/\/abciber.org.br\/site\/abciber-conselho\">Conselho<\/a><br \/>\n<a href=\"https:\/\/abciber.org.br\/site\/abciber-comissoes\">Comiss\u00f5es<\/a><br \/>\n<a href=\"https:\/\/abciber.org.br\/site\/abciber-socios\">Associados<\/a><br \/>\n<a href=\"https:\/\/abciber.org.br\/site\/abciber-documentos\">Documentos<\/a>[\/vc_column_text][\/vc_column][vc_column width=&#8221;3\/4&#8243; css=&#8221;.vc_custom_1709719847792{padding-top: 30px !important;}&#8221;][vc_column_text css_animation=&#8221;none&#8221; css=&#8221;.vc_custom_1764928875796{padding-right: 5px !important;}&#8221;]\n<h4>[vc_empty_space] <strong><span style=\"color: #000000;\"><h2 class=\"big-title1\">Diretorias Anteriores da ABCiber<\/h2><\/span><\/strong><\/h4>\n<p><strong>Diretoria (Bi\u00eanio 2024-2025)<\/strong><\/p>\n<p><strong>Presid\u00eancia<\/strong><br \/>\nProfa. Dra. Mirian Aparecida Meliani Nunes (USP, Febasp)<\/p>\n<p><strong>Vice-Presid\u00eancia<\/strong><br \/>\nProfa. Dra. Yara Rondon Guasque Araujo (UDESC)<\/p>\n<p><strong>Diretoria Executiva<\/strong><br \/>\nProf. Dr. Wilson Pereira Dourado (PUCSP)<\/p>\n<p><strong>Diretoria Financeira<\/strong><br \/>\nProfa. Dra. Let\u00edcia Frigo (PUCSP)<\/p>\n<p><strong>Diretoria Cient\u00edfica<\/strong><br \/>\nProfa. Dra. Lucia Isaltina Clemente Le\u00e3o (PUCSP)<\/p>\n<p><strong>Diretoria de Comunica\u00e7\u00e3o<\/strong><br \/>\nProf. Dr. Bernardo Queiroz (UAM)<\/p>\n<p><strong>Diretoria Editorial<\/strong><br \/>\nProfa. Dra. Priscila Magossi (CENCIB\/PUC-SP)<\/p>\n<p><strong>Diretoria Cultural<\/strong><br \/>\nProfa. Dra. Ivana Bentes Oliveira (UFRJ)<\/p>\n<p><strong>Conselho Fiscal<\/strong><br \/>\nProf. Dr. Henrique Antoun (UFRJ)<br \/>\nProf. Dr. Marcus Bastos (PUCSP)<br \/>\nProf. Dr. Sebasti\u00e3o Squirra (USP)<\/p>\n<p>&nbsp;<\/p>\n<p><strong>DIRETORIA 2021-2023<\/strong><\/p>\n<p><strong>Presid\u00eancia<\/strong><br \/>\nProfa. Dra. Alessandra de Castro Barros Marassi (FAPCOM-FCL)<br \/>\n<strong>Vice-Presid\u00eancia<\/strong><br \/>\nProfa. Dra. Yara Rondon Guasque Araujo (UDESC)<br \/>\n<strong>Diretoria Executiva<\/strong><br \/>\nProf. Dr. Wilson Pereira Dourado (UNINOVE)<br \/>\n<strong>Diretoria Financeira<\/strong><br \/>\nProf. Dr. Robson Kumode Wodevotzky (PUCSP)<br \/>\n<strong>Diretoria Cient\u00edfica<\/strong><br \/>\nProfa. Dra. Lucia Isaltina Clemente Le\u00e3o (PUCSP)<br \/>\n<strong>Diretoria de Comunica\u00e7\u00e3o<\/strong><br \/>\nProf. Dr. Marco Aur\u00e9lio Ferreira (UNIFAE)<br \/>\n<strong>Diretoria Editorial<\/strong><br \/>\nProf. Dr. Claudio Luiz Cecim Abra\u00e3o Filho (FCL)<br \/>\n<strong>Diretor Cultural<\/strong><br \/>\nProf. Dr. Cleomar de Sousa Rocha (UFG)<br \/>\n<strong>Conselho Fiscal<\/strong><br \/>\nProfa. Dra. Ivana Bentes (UFRJ)<br \/>\nProf. Dr. Henrique Antoun (UFRJ)<br \/>\nProf. Dr. Decio Ferreira Forni (USP)<\/p>\n<hr \/>\n<p><strong>DIRETORIA 2019-2021<\/strong><\/p>\n<p><strong>Presid\u00eancia<\/strong><br \/>\nProfa. Dra. Jana\u00edna Quintas Antunes (UAM)<br \/>\n<strong>Vice-Presidente<\/strong><br \/>\nProf. Dr. Jorge Miklos (UNIP)<br \/>\n<strong>Diretora Executiva<\/strong><br \/>\nProfa. Dra. Alessandra de Castro Barros Marassi (FAPCOM)<br \/>\n<strong>Diretor Financeiro<\/strong><br \/>\nProf. Dr. Claudio Luiz Cecim Abra\u00e3o Filho (FCL)<br \/>\n<strong>Diretora Cient\u00edfica<\/strong><br \/>\nProfa. Dra. Lucilene Cury (USP)<br \/>\n<strong>Diretor de Comunica\u00e7\u00e3o<\/strong><br \/>\nProf. Dr. Marco Aur\u00e9lio Ferreira (UNIFAE)<br \/>\n<strong>Diretor Cultural<\/strong><br \/>\nProf. Dr. M\u00e1rcio Carneiro dos Santos (UFMA)<br \/>\n<strong>Diretor Editorial<\/strong><br \/>\nProf. Dr. Ariovaldo Folino J\u00fanior (FMABC)<br \/>\n<strong>Conselho Fiscal<\/strong><br \/>\nProfa. Dra. Ivana Bentes (UFRJ)<br \/>\nProf. Dr. Sebasti\u00e3o Carlos de Morais Squirra (USP)<br \/>\nProf. Dr. Cleomar de Sousa Rocha (UFG)<\/p>\n<hr \/>\n<p><strong>DIRETORIA 2017-2019<br \/>\n<\/strong><br \/>\n<strong>Presid\u00eancia<\/strong><br \/>\nProf. Dr. Sebasti\u00e3o Carlos de Morais Squirra (USP)<br \/>\n<strong>Vice-Presid\u00eancia<\/strong><br \/>\nProfa. Dra. Edm\u00e9a Oliveira dos Santos (UFRRJ)<br \/>\n<strong>Diretoria Executiva<\/strong><br \/>\nProfa. Dra. Jana\u00edna Quintas Antunes (UAM)<br \/>\n<strong>Diretoria Financeira<\/strong><br \/>\nProfa. Dra. Cl\u00e1udia Ribeiro Monteiro Lopes (FIAM-FAAM)<br \/>\n<strong>Diretoria Cient\u00edfica<\/strong><br \/>\nProf. Dr. Jean Segata (UFRGS)<br \/>\n<strong>Diretoria de Comunica\u00e7\u00e3o<\/strong><br \/>\nProf. Dr. Jorge Miklos (UNIP)<br \/>\n<strong>Diretoria Cultural<\/strong><br \/>\nProfa. Dra. Christine Pires Nelson de Mello (PUC-SP)<br \/>\n<strong>Diretoria Editorial<\/strong><br \/>\nProfa. Dra. Angela Pintor dos Reis (SENAC)<br \/>\n<strong>Conselho Fiscal<\/strong><br \/>\nProfa. Dra. Heloisa Prates Pereira (FIAM-FAAM)<br \/>\nProf. Dr. Erick Andr\u00e9 Roza (UAM)<br \/>\nProf. Dr. Ariovaldo Folino J\u00fanior (UMC)<\/p>\n<hr \/>\n<p><strong>DIRETORIA 2015-2017<\/strong><\/p>\n<p><strong>Presid\u00eancia Interina<\/strong><br \/>\nEug\u00eanio Trivinho (PUC-SP)<br \/>\n<strong>Comiss\u00e3o Especial de Assessoramento<\/strong><br \/>\nProfa. Dra. Cl\u00e1udia Lopes (CENCIB)<br \/>\nProfa. Dra. Edm\u00e9a Oliveira dos Santos (UERJ)<br \/>\nProf. Dr. Gilberto Prado (USP)<br \/>\nProfa. Dra. Heloisa Prates Pereira (FIAM-FAAM)<br \/>\nProf. Dr. Jean Segata (UFRGS)<br \/>\nProfa. Dra. Lucia Santaella (PUC-SP)<br \/>\nProfa. Dra. Lucr\u00e9cia D\u2019Alessio Ferrara (PUC-SP)<br \/>\nProf. Dr. Marcus Bastos (PUC-SP)<br \/>\nProf. Dr. Massimo di Felice (USP)<br \/>\nProf. Dr. Sebasti\u00e3o Squirra (UMESP)<br \/>\nProf. Dr. Sergio Amadeu da Silveira (UFABC)<br \/>\nProfa. Dra. Sueli Mara Ferreira (USP)<br \/>\nProf. Dr. Theophilos Rifiotis (UFSC)<\/p>\n<hr \/>\n<p><strong>DIRETORIA 2011-2015<\/strong><\/p>\n<p><strong>Presid\u00eancia<\/strong><br \/>\nProf. Dr. Vinicius Andrade Pereira (ESPM \/ UERJ)<br \/>\n<strong>Vice-Presid\u00eancia<\/strong><br \/>\nProf. Dr. Ed\u00edlson Cazeloto (UNIP)<br \/>\n<strong>Diretoria Executiva<\/strong><br \/>\nProf. Dra. Sandra Portella Montardo (FEEVALE)<br \/>\n<strong>Diretoria de Finan\u00e7as<\/strong><br \/>\nProf. Dra. F\u00e1tima Regis (UERJ)<br \/>\n<strong>Diretoria Cient\u00edfica<\/strong><br \/>\nProf. Dr. Erick Felinto de Oliveira (UERJ)<br \/>\n<strong>Diretoria de Comunica\u00e7\u00e3o<\/strong><br \/>\nProf. Dra. Adriana Amaral (Unisinos)<br \/>\n<strong>Diretoria Cultural<\/strong><br \/>\nProf. Dra. Fernanda Bruno (UFRJ)<br \/>\n<strong>Diretoria Editorial<\/strong><br \/>\nProf. Dra. Luisa Paraguai Donati (UAM)<br \/>\n<strong>Conselho Fiscal<\/strong><br \/>\nProf. Dr. Juremir Machado da Silva (PUC-RS)<br \/>\nProf. Dr. Marcos Palacio (UFBA)<br \/>\nProf. Dr. Rog\u00e9rio da Costa (PUC-SP)<\/p>\n<hr \/>\n<p><strong>DIRETORIA 2009-2011<\/strong><\/p>\n<p><strong>Presid\u00eancia<\/strong><br \/>\nProf. Dr. Eug\u00eanio Trivinho (PUC-SP)<br \/>\n<strong>Vice-Presid\u00eancia<\/strong><br \/>\nProf. Dr. Theophilos Rifiotis (UFSC)<br \/>\n<strong>Diretoria Executiva<\/strong><br \/>\nProf. Dr. Edilson Cazeloto (UNIP)<br \/>\n<strong>Diretoria de Finan\u00e7as<\/strong><br \/>\nProf. Dr. Gilberto Prado (USP)<br \/>\n<strong>Diretoria Cient\u00edfica<\/strong><br \/>\nProf. Dr. Erick Felinto (UERJ)<br \/>\n<strong>Diretoria Cultural<\/strong><br \/>\nProfa. Dra. Yara Guasque (UDESC)<br \/>\n<strong>Diretoria de Comunica\u00e7\u00e3o<\/strong><br \/>\nProfa. Dra.Gisela Castro (ESPM)<br \/>\n<strong>Diretoria Editorial<\/strong><br \/>\nProfa. Dra. Luisa Paraguai Donati (UAM)<br \/>\n<strong>Conselho Fiscal<\/strong><br \/>\nProf. Dr. Francisco R\u00fcdiger (PUCRS)<br \/>\nProfa. Dra. Sueli Mara Ferreira (USP)<br \/>\nProf. Dr. Henrique Antoun (UFRJ)<\/p>\n<hr \/>\n<p><strong>DIRETORIA 2007-2009<\/strong><\/p>\n<p><strong>Presid\u00eancia<\/strong><br \/>\nEug\u00eanio Trivinho (PUC-SP)<br \/>\n<strong>Vice-Presid\u00eancia<\/strong><br \/>\nThe\u00f3philos Rifiotis (UFSC)<br \/>\n<strong>Diretoria Executiva<\/strong><br \/>\nHenrique Antoun (UFRJ)<br \/>\n<strong>Diretoria de Finan\u00e7as<\/strong><br \/>\nAlex Primo (UFRGS)<br \/>\n<strong>Diretoria Cient\u00edfica<\/strong><br \/>\nVinicius Andrade Pereira (UERJ\/ESPM)<br \/>\n<strong>Diretoria de Comunica\u00e7\u00e3o<\/strong><br \/>\nFernanda Bruno (UFRJ)<br \/>\n<strong>Diretoria Cultural<\/strong><br \/>\nSimone Pereira de S\u00e1 (UFF)<br \/>\n<strong>Diretoria Editorial<\/strong><br \/>\nMarcos Palacios (UFBA)<br \/>\n<strong>Conselho Fiscal<\/strong><br \/>\nFrancisco R\u00fcdiger (PUC\/RS)<br \/>\nGilbertto Prado (USP)<br \/>\nMarco Silva (UERJ)<\/p>\n<p>&nbsp;[\/vc_column_text][vc_btn title=&#8221;Link da Inscri\u00e7\u00e3o da Chapa 2023-2025&#8243; i_icon_fontawesome=&#8221;fa fa-link&#8221; add_icon=&#8221;true&#8221; link=&#8221;url:https%3A%2F%2Fabciber.org.br%2Fsite%2F2023%2F11%2F12%2Fxiii-assembleia-geral-convocatoria-2-2-2-2%2F||target:%20_blank|&#8221;][\/vc_column][\/vc_row]\n","protected":false},"excerpt":{"rendered":"<p>[vc_row row_type=&#8221;2&#8243; blox_image=&#8221;13678&#8243; page_title=&#8221;page-title-x&#8221; blox_dark=&#8221;true&#8221; blox_bgcolor=&#8221;#282828&#8243;][vc_column css=&#8221;.vc_custom_1466323235150{padding-top: 8px !important;}&#8221;][vc_column_text] [\/vc_column_text][\/vc_column][\/vc_row][vc_row][vc_column width=&#8221;1\/4&#8243; css=&#8221;.vc_custom_1709804658559{margin-left: -30px !important;padding-top: 30px !important;background-color: #f4f4f4 !important;}&#8221;][vc_column_text css_animation=&#8221;none&#8221; css=&#8221;.vc_custom_1712690571884{margin-bottom: 161px !important;padding-left: 50px !important;}&#8221;]Hist\u00f3ria Ata de Funda\u00e7\u00e3o Estatuto Metas e Objetivos Diretoria Atual Diretorias Anteriores Conselho Comiss\u00f5es Associados Documentos[\/vc_column_text][\/vc_column][vc_column width=&#8221;3\/4&#8243; css=&#8221;.vc_custom_1709719847792{padding-top: 30px !important;}&#8221;][vc_column_text css_animation=&#8221;none&#8221; css=&#8221;.vc_custom_1764928875796{padding-right: 5px !important;}&#8221;] [vc_empty_space] Diretoria (Bi\u00eanio 2024-2025) Presid\u00eancia Profa. Dra. Mirian Aparecida Meliani Nunes (USP, Febasp) Vice-Presid\u00eancia Profa. Dra. Yara Rondon Guasque Araujo (UDESC) Diretoria Executiva Prof. Dr. Wilson Pereira Dourado (PUCSP) Diretoria Financeira Profa. Dra. Let\u00edcia Frigo (PUCSP) Diretoria Cient\u00edfica Profa. Dra. Lucia Isaltina Clemente Le\u00e3o (PUCSP) Diretoria de Comunica\u00e7\u00e3o Prof. Dr. Bernardo Queiroz (UAM) Diretoria Editorial Profa. Dra. Priscila Magossi (CENCIB\/PUC-SP) Diretoria Cultural Profa. Dra. Ivana Bentes Oliveira (UFRJ) Conselho Fiscal Prof. Dr. Henrique Antoun (UFRJ) Prof. Dr. Marcus Bastos (PUCSP) Prof. Dr. Sebasti\u00e3o Squirra (USP) &nbsp; DIRETORIA 2021-2023 Presid\u00eancia Profa. Dra. Alessandra de Castro Barros Marassi (FAPCOM-FCL) Vice-Presid\u00eancia Profa. Dra. Yara Rondon Guasque Araujo (UDESC) Diretoria Executiva Prof. Dr. Wilson Pereira Dourado (UNINOVE) Diretoria Financeira Prof. Dr. Robson Kumode Wodevotzky (PUCSP) Diretoria Cient\u00edfica Profa. Dra. Lucia Isaltina Clemente Le\u00e3o (PUCSP) Diretoria de Comunica\u00e7\u00e3o Prof. Dr. Marco Aur\u00e9lio Ferreira (UNIFAE) Diretoria Editorial Prof. Dr. Claudio Luiz Cecim Abra\u00e3o Filho (FCL) Diretor Cultural Prof. Dr. Cleomar de Sousa Rocha (UFG) Conselho Fiscal Profa. Dra. Ivana Bentes (UFRJ) Prof. Dr. Henrique Antoun (UFRJ) Prof. Dr. Decio Ferreira Forni (USP) DIRETORIA 2019-2021 Presid\u00eancia Profa. Dra. Jana\u00edna Quintas Antunes (UAM) Vice-Presidente Prof. Dr. Jorge Miklos (UNIP) Diretora Executiva Profa. Dra. Alessandra de Castro Barros Marassi (FAPCOM) Diretor Financeiro Prof. Dr. Claudio Luiz Cecim Abra\u00e3o Filho (FCL) Diretora Cient\u00edfica Profa. Dra. Lucilene Cury (USP) Diretor de Comunica\u00e7\u00e3o Prof. Dr. Marco Aur\u00e9lio Ferreira (UNIFAE) Diretor Cultural Prof. Dr. M\u00e1rcio Carneiro dos Santos (UFMA) Diretor Editorial Prof. Dr. Ariovaldo Folino J\u00fanior (FMABC) Conselho Fiscal Profa. Dra. Ivana Bentes (UFRJ) Prof. Dr&#8230;. <\/p>\n<p><a class=\"readmore\" href=\"https:\/\/abciber.org.br\/site\/abciber-diretorias-anteriores\/\">Continua<\/a><\/p>\n","protected":false},"author":1,"featured_media":0,"parent":0,"menu_order":0,"comment_status":"closed","ping_status":"closed","template":"","meta":{"footnotes":""},"class_list":["post-13264","page","type-page","status-publish","hentry"],"_links":{"self":[{"href":"https:\/\/abciber.org.br\/site\/wp-json\/wp\/v2\/pages\/13264","targetHints":{"allow":["GET"]}}],"collection":[{"href":"https:\/\/abciber.org.br\/site\/wp-json\/wp\/v2\/pages"}],"about":[{"href":"https:\/\/abciber.org.br\/site\/wp-json\/wp\/v2\/types\/page"}],"author":[{"embeddable":true,"href":"https:\/\/abciber.org.br\/site\/wp-json\/wp\/v2\/users\/1"}],"replies":[{"embeddable":true,"href":"https:\/\/abciber.org.br\/site\/wp-json\/wp\/v2\/comments?post=13264"}],"version-history":[{"count":25,"href":"https:\/\/abciber.org.br\/site\/wp-json\/wp\/v2\/pages\/13264\/revisions"}],"predecessor-version":[{"id":15909,"href":"https:\/\/abciber.org.br\/site\/wp-json\/wp\/v2\/pages\/13264\/revisions\/15909"}],"wp:attachment":[{"href":"https:\/\/abciber.org.br\/site\/wp-json\/wp\/v2\/media?parent=13264"}],"curies":[{"name":"wp","href":"https:\/\/api.w.org\/{rel}","templated":true}]}}