{"id":13267,"date":"2024-03-07T07:23:24","date_gmt":"2024-03-07T10:23:24","guid":{"rendered":"https:\/\/abciber.org.br\/site\/?page_id=13267"},"modified":"2025-06-17T09:08:10","modified_gmt":"2025-06-17T12:08:10","slug":"abciber-conselho","status":"publish","type":"page","link":"https:\/\/abciber.org.br\/site\/abciber-conselho\/","title":{"rendered":"ABCiber Conselho"},"content":{"rendered":"[vc_row row_type=&#8221;2&#8243; blox_image=&#8221;13678&#8243; page_title=&#8221;page-title-x&#8221; blox_dark=&#8221;true&#8221; blox_bgcolor=&#8221;#282828&#8243;][vc_column css=&#8221;.vc_custom_1466323235150{padding-top: 8px !important;}&#8221;]<hr class=\"vertical-space5\"><hr class=\"vertical-space5\"><hr class=\"vertical-space5\"><hr class=\"vertical-space4\"><hr class=\"vertical-space1\">[vc_column_text]\n<h4 style=\"font-size: 36px;\"><strong>\u00a0<\/strong><\/h4>\n[\/vc_column_text]<hr class=\"vertical-space2\">[\/vc_column][\/vc_row][vc_row][vc_column width=&#8221;1\/4&#8243; css=&#8221;.vc_custom_1709804658559{margin-left: -30px !important;padding-top: 30px !important;background-color: #f4f4f4 !important;}&#8221;][vc_column_text css_animation=&#8221;none&#8221; css=&#8221;.vc_custom_1712690395831{margin-bottom: 161px !important;padding-left: 50px !important;}&#8221;]<a href=\"https:\/\/abciber.org.br\/site\/abciber-historico\/\">Hist\u00f3ria<\/a><br \/><a href=\"https:\/\/abciber.org.br\/site\/abciber-ata\">Ata de Funda\u00e7\u00e3o<\/a><br \/><a href=\"https:\/\/abciber.org.br\/site\/abciber-estatuto\/\">Estatuto<\/a><br \/><a href=\"https:\/\/abciber.org.br\/site\/abciber-metas\">Metas e Objetivos<\/a><br \/><a href=\"https:\/\/abciber.org.br\/site\/abciber-diretoria-atual\">Diretoria Atual<\/a><br \/><a href=\"https:\/\/abciber.org.br\/site\/abciber-diretorias-anteriores\">Diretorias Anteriores<\/a><br \/><a href=\"https:\/\/abciber.org.br\/site\/abciber-conselho\">Conselho<\/a><br \/><a href=\"https:\/\/abciber.org.br\/site\/abciber-comissoes\">Comiss\u00f5es<\/a><br \/><a href=\"https:\/\/abciber.org.br\/site\/abciber-socios\">Associados<\/a><br \/><a href=\"https:\/\/abciber.org.br\/site\/abciber-documentos\">Documentos<\/a>[\/vc_column_text][\/vc_column][vc_column width=&#8221;3\/4&#8243; css=&#8221;.vc_custom_1709719847792{padding-top: 30px !important;}&#8221;][vc_column_text css_animation=&#8221;none&#8221; css=&#8221;.vc_custom_1750162078051{padding-right: 5px !important;}&#8221;]<h4>[vc_empty_space] <strong><span style=\"color: #000000;\"><h2 class=\"big-title1\">Conselho da ABCiber<\/h2><\/span><\/strong><\/h4>\n<p><strong>Conselho Cient\u00edfico Deliberativo (CCD)<\/strong><\/p>\n<p>Profa. Dra. Alessandra de Castro Marassi (FCL)<br \/>Profa. Dra. Andreia Machado Oliveira (UFSM)<br \/>Prof. Dr. Ariovaldo Folino Junior (PUC-SP)<br \/>Profa. Dra. Christine Mello (PUC-SP)<br \/>Profa. Dra. Diana Domingues (UnB) (in memoriam)<br \/>Profa. Dra. Edm\u00e9a Oliveira dos Santos (UFRRJ)<br \/>Prof. Dr. Eug\u00eanio Trivinho (PUC-SP)<br \/>Prof. Dr. Gilbertto Prado (USP)<br \/>Prof. Dr. Henrique Antoun (UFRJ)<br \/>Profa. Dra. Jana\u00edna Quintas Antunes (in memoriam)<br \/>Prof. Dr. Jorge Miklos (PUC-SP)<br \/>Profa. Dra. Lucia Santaella (PUC-SP)<br \/>Profa. Dra. Lucr\u00e9cia D\u2019Alessio Ferrara (PUC-SP)<br \/>Prof. Dr. Marcus Bastos (PUC-SP)<br \/>Prof. Dr. Othon Jambeiro (UFBA)<br \/>Prof. Dr. Sergio Amadeu da Silveira (UFABC)<br \/>Profa. Dra. Simone Pereira de S\u00e1 (UFF)<br \/>Profa. Dra. Sueli Mara Ferreira (USP)<br \/>Profa. Dra. Yara Guasque (UDESC)<\/p>[\/vc_column_text][\/vc_column][\/vc_row][vc_row][vc_column][vc_column_text]<\/span><\/p>\n\n\n<p><\/p>\n[\/vc_column_text][\/vc_column][\/vc_row]","protected":false},"excerpt":{"rendered":"<p>[vc_row row_type=&#8221;2&#8243; blox_image=&#8221;13678&#8243; page_title=&#8221;page-title-x&#8221; blox_dark=&#8221;true&#8221; blox_bgcolor=&#8221;#282828&#8243;][vc_column css=&#8221;.vc_custom_1466323235150{padding-top: 8px !important;}&#8221;][vc_column_text] \u00a0 [\/vc_column_text][\/vc_column][\/vc_row][vc_row][vc_column width=&#8221;1\/4&#8243; css=&#8221;.vc_custom_1709804658559{margin-left: -30px !important;padding-top: 30px !important;background-color: #f4f4f4 !important;}&#8221;][vc_column_text css_animation=&#8221;none&#8221; css=&#8221;.vc_custom_1712690395831{margin-bottom: 161px !important;padding-left: 50px !important;}&#8221;]Hist\u00f3riaAta de Funda\u00e7\u00e3oEstatutoMetas e ObjetivosDiretoria AtualDiretorias AnterioresConselhoComiss\u00f5esAssociadosDocumentos[\/vc_column_text][\/vc_column][vc_column width=&#8221;3\/4&#8243; css=&#8221;.vc_custom_1709719847792{padding-top: 30px !important;}&#8221;][vc_column_text css_animation=&#8221;none&#8221; css=&#8221;.vc_custom_1750162078051{padding-right: 5px !important;}&#8221;] [vc_empty_space] Conselho Cient\u00edfico Deliberativo (CCD) Profa. Dra. Alessandra de Castro Marassi (FCL)Profa. Dra. Andreia Machado Oliveira (UFSM)Prof. Dr. Ariovaldo Folino Junior (PUC-SP)Profa. Dra. Christine Mello (PUC-SP)Profa. Dra. Diana Domingues (UnB) (in memoriam)Profa. Dra. Edm\u00e9a Oliveira dos Santos (UFRRJ)Prof. Dr. Eug\u00eanio Trivinho (PUC-SP)Prof. Dr. Gilbertto Prado (USP)Prof. Dr. Henrique Antoun (UFRJ)Profa. Dra. Jana\u00edna Quintas Antunes (in memoriam)Prof. Dr. Jorge Miklos (PUC-SP)Profa. Dra. Lucia Santaella (PUC-SP)Profa. Dra. Lucr\u00e9cia D\u2019Alessio Ferrara (PUC-SP)Prof. Dr. Marcus Bastos (PUC-SP)Prof. Dr. Othon Jambeiro (UFBA)Prof. Dr. Sergio Amadeu da Silveira (UFABC)Profa. Dra. Simone Pereira de S\u00e1 (UFF)Profa. Dra. Sueli Mara Ferreira (USP)Profa. Dra. Yara Guasque (UDESC) [\/vc_column_text][\/vc_column][\/vc_row][vc_row][vc_column][vc_column_text] [\/vc_column_text][\/vc_column][\/vc_row]<\/p>\n","protected":false},"author":1,"featured_media":0,"parent":0,"menu_order":0,"comment_status":"closed","ping_status":"closed","template":"","meta":{"footnotes":""},"class_list":["post-13267","page","type-page","status-publish","hentry"],"_links":{"self":[{"href":"https:\/\/abciber.org.br\/site\/wp-json\/wp\/v2\/pages\/13267","targetHints":{"allow":["GET"]}}],"collection":[{"href":"https:\/\/abciber.org.br\/site\/wp-json\/wp\/v2\/pages"}],"about":[{"href":"https:\/\/abciber.org.br\/site\/wp-json\/wp\/v2\/types\/page"}],"author":[{"embeddable":true,"href":"https:\/\/abciber.org.br\/site\/wp-json\/wp\/v2\/users\/1"}],"replies":[{"embeddable":true,"href":"https:\/\/abciber.org.br\/site\/wp-json\/wp\/v2\/comments?post=13267"}],"version-history":[{"count":16,"href":"https:\/\/abciber.org.br\/site\/wp-json\/wp\/v2\/pages\/13267\/revisions"}],"predecessor-version":[{"id":15665,"href":"https:\/\/abciber.org.br\/site\/wp-json\/wp\/v2\/pages\/13267\/revisions\/15665"}],"wp:attachment":[{"href":"https:\/\/abciber.org.br\/site\/wp-json\/wp\/v2\/media?parent=13267"}],"curies":[{"name":"wp","href":"https:\/\/api.w.org\/{rel}","templated":true}]}}