{"id":13271,"date":"2024-03-07T07:26:23","date_gmt":"2024-03-07T10:26:23","guid":{"rendered":"https:\/\/abciber.org.br\/site\/?page_id=13271"},"modified":"2024-04-10T07:55:40","modified_gmt":"2024-04-10T10:55:40","slug":"abciber-comissoes","status":"publish","type":"page","link":"https:\/\/abciber.org.br\/site\/abciber-comissoes\/","title":{"rendered":"ABCiber Comiss\u00f5es"},"content":{"rendered":"[vc_row row_type=&#8221;2&#8243; blox_image=&#8221;13678&#8243; page_title=&#8221;page-title-x&#8221; blox_dark=&#8221;true&#8221; blox_bgcolor=&#8221;#282828&#8243;][vc_column css=&#8221;.vc_custom_1466323235150{padding-top: 8px !important;}&#8221;]<hr class=\"vertical-space5\"><hr class=\"vertical-space5\"><hr class=\"vertical-space5\"><hr class=\"vertical-space4\"><hr class=\"vertical-space1\">[vc_column_text]\n<h4 style=\"font-size: 36px;\"><strong>\u00a0<\/strong><\/h4>\n[\/vc_column_text]<hr class=\"vertical-space2\">[\/vc_column][\/vc_row][vc_row][vc_column width=&#8221;1\/4&#8243; css=&#8221;.vc_custom_1709804658559{margin-left: -30px !important;padding-top: 30px !important;background-color: #f4f4f4 !important;}&#8221;][vc_column_text css_animation=&#8221;none&#8221; css=&#8221;.vc_custom_1712690309590{margin-bottom: 161px !important;padding-left: 50px !important;}&#8221;]<a href=\"https:\/\/abciber.org.br\/site\/abciber-historico\/\">Hist\u00f3ria<\/a><br \/>\n<a href=\"https:\/\/abciber.org.br\/site\/abciber-ata\">Ata de Funda\u00e7\u00e3o<\/a><br \/>\n<a href=\"https:\/\/abciber.org.br\/site\/abciber-estatuto\/\">Estatuto<\/a><br \/>\n<a href=\"https:\/\/abciber.org.br\/site\/abciber-metas\">Metas e Objetivos<\/a><br \/>\n<a href=\"https:\/\/abciber.org.br\/site\/abciber-diretoria-atual\">Diretoria Atual<\/a><br \/>\n<a href=\"https:\/\/abciber.org.br\/site\/abciber-diretorias-anteriores\">Diretorias Anteriores<\/a><br \/>\n<a href=\"https:\/\/abciber.org.br\/site\/abciber-conselho\">Conselho<\/a><br \/>\n<a href=\"https:\/\/abciber.org.br\/site\/abciber-comissoes\">Comiss\u00f5es<\/a><br \/>\n<a href=\"https:\/\/abciber.org.br\/site\/abciber-socios\">Associados<\/a><br \/>\n<a href=\"https:\/\/abciber.org.br\/site\/abciber-documentos\">Documentos<\/a>[\/vc_column_text][\/vc_column][vc_column width=&#8221;3\/4&#8243; css=&#8221;.vc_custom_1709719847792{padding-top: 30px !important;}&#8221;][vc_column_text css_animation=&#8221;none&#8221; css=&#8221;.vc_custom_1712746365022{padding-right: 5px !important;}&#8221;]\n<h4>[vc_empty_space] <strong><span style=\"color: #000000;\"><h2 class=\"big-title1\">Comiss\u00f5es da ABCiber<\/h2><\/span><\/strong><\/h4>\n<p>&nbsp;<\/p>\n<p><strong>COMISS\u00c3O ESPECIAL DE ASSESSORAMENTO DE POL\u00cdTICA DIGITAL<br \/>\n<\/strong><\/p>\n<p>Prof. Dr. Eug\u00eanio Rondoni Trivinho (PUC-SP) \u2013 Coordenador<br \/>\nProf. Dr. Sergio Amadeu da Silveira (UFABC)<br \/>\nProfa. Dra. Jana\u00edna Quintas Antunes (UAM)<br \/>\nProfa. Dra. Alessandra de Castro Barros Marassi (FAPCOM)<br \/>\nProf. Dr. Claudio Luiz Cecim Abra\u00e3o Filho (FCL)<\/p>\n<p><strong>COMISS\u00c3O EDITORIAL<br \/>\n<\/strong><\/p>\n<p>Prof. Dr. Ariovaldo Folino J\u00fanior (FMABC) \u2013 Coordenador<br \/>\nProfa. Dra. Jana\u00edna Quintas Antunes (UAM)<br \/>\nProf. Dr. Jorge Miklos (UNIP)<br \/>\nProfa. Dra. Alessandra de Castro Barros Marassi (FAPCOM)<br \/>\nProf. Dr. Claudio Luiz Cecim Abra\u00e3o Filho (FCL)<br \/>\nProfa. Dra. Sueli Mara Ferreira (USP)<\/p>\n<p><strong>COMISS\u00c3O DE ARTE E CULTURA<br \/>\n<\/strong><\/p>\n<p>Prof. Dr. Cleomar de Sousa Rocha (UFG) \u2013 Coordenador<br \/>\nProfa. Dra. Yara Guasque (UDESC)<br \/>\nProf. Dr. Marcus Bastos (PUC-SP)<br \/>\nProfa. Dra. Diana Maria Gallicchio Domingues (UNB)<br \/>\nProfa. Dra. Alessandra de Castro Barros Marassi (FAPCOM)<\/p>\n<p><strong>COMISS\u00c3O DE COMUNICA\u00c7\u00c3O<br \/>\n<\/strong><\/p>\n<p>Prof. Ms. Marcelo Gon\u00e7alves Correia (UNIFAE) \u2013 Coordenador<br \/>\nProfa. Dra. Alessandra de Castro Barros Marassi (FAPCOM)<br \/>\nProf. Dr. Marco Aur\u00e9lio Ferreira (UNIFAE)<br \/>\nProfa. Ms. Maria Isabel Braga Souza (UNIFAE)<br \/>\nProf. Ms. Rafael Jos\u00e9 Brunelli (UNIFAE)<br \/>\nProf. Hugo C\u00e9sar Maciel (UNIFAE)<\/p>\n<p>Profa. Ms. Adriana Teixeira (PUC-SP)[\/vc_column_text][\/vc_column][\/vc_row]\n","protected":false},"excerpt":{"rendered":"<p>[vc_row row_type=&#8221;2&#8243; blox_image=&#8221;13678&#8243; page_title=&#8221;page-title-x&#8221; blox_dark=&#8221;true&#8221; blox_bgcolor=&#8221;#282828&#8243;][vc_column css=&#8221;.vc_custom_1466323235150{padding-top: 8px !important;}&#8221;][vc_column_text] \u00a0 [\/vc_column_text][\/vc_column][\/vc_row][vc_row][vc_column width=&#8221;1\/4&#8243; css=&#8221;.vc_custom_1709804658559{margin-left: -30px !important;padding-top: 30px !important;background-color: #f4f4f4 !important;}&#8221;][vc_column_text css_animation=&#8221;none&#8221; css=&#8221;.vc_custom_1712690309590{margin-bottom: 161px !important;padding-left: 50px !important;}&#8221;]Hist\u00f3ria Ata de Funda\u00e7\u00e3o Estatuto Metas e Objetivos Diretoria Atual Diretorias Anteriores Conselho Comiss\u00f5es Associados Documentos[\/vc_column_text][\/vc_column][vc_column width=&#8221;3\/4&#8243; css=&#8221;.vc_custom_1709719847792{padding-top: 30px !important;}&#8221;][vc_column_text css_animation=&#8221;none&#8221; css=&#8221;.vc_custom_1712746365022{padding-right: 5px !important;}&#8221;] [vc_empty_space] &nbsp; COMISS\u00c3O ESPECIAL DE ASSESSORAMENTO DE POL\u00cdTICA DIGITAL Prof. Dr. Eug\u00eanio Rondoni Trivinho (PUC-SP) \u2013 Coordenador Prof. Dr. Sergio Amadeu da Silveira (UFABC) Profa. Dra. Jana\u00edna Quintas Antunes (UAM) Profa. Dra. Alessandra de Castro Barros Marassi (FAPCOM) Prof. Dr. Claudio Luiz Cecim Abra\u00e3o Filho (FCL) COMISS\u00c3O EDITORIAL Prof. Dr. Ariovaldo Folino J\u00fanior (FMABC) \u2013 Coordenador Profa. Dra. Jana\u00edna Quintas Antunes (UAM) Prof. Dr. Jorge Miklos (UNIP) Profa. Dra. Alessandra de Castro Barros Marassi (FAPCOM) Prof. Dr. Claudio Luiz Cecim Abra\u00e3o Filho (FCL) Profa. Dra. Sueli Mara Ferreira (USP) COMISS\u00c3O DE ARTE E CULTURA Prof. Dr. Cleomar de Sousa Rocha (UFG) \u2013 Coordenador Profa. Dra. Yara Guasque (UDESC) Prof. Dr. Marcus Bastos (PUC-SP) Profa. Dra. Diana Maria Gallicchio Domingues (UNB) Profa. Dra. Alessandra de Castro Barros Marassi (FAPCOM) COMISS\u00c3O DE COMUNICA\u00c7\u00c3O Prof. Ms. Marcelo Gon\u00e7alves Correia (UNIFAE) \u2013 Coordenador Profa. Dra. Alessandra de Castro Barros Marassi (FAPCOM) Prof. Dr. Marco Aur\u00e9lio Ferreira (UNIFAE) Profa. Ms. Maria Isabel Braga Souza (UNIFAE) Prof. Ms. Rafael Jos\u00e9 Brunelli (UNIFAE) Prof. Hugo C\u00e9sar Maciel (UNIFAE) Profa. Ms. Adriana Teixeira (PUC-SP)[\/vc_column_text][\/vc_column][\/vc_row]<\/p>\n","protected":false},"author":1,"featured_media":0,"parent":0,"menu_order":0,"comment_status":"closed","ping_status":"closed","template":"","meta":{"footnotes":""},"class_list":["post-13271","page","type-page","status-publish","hentry"],"_links":{"self":[{"href":"https:\/\/abciber.org.br\/site\/wp-json\/wp\/v2\/pages\/13271","targetHints":{"allow":["GET"]}}],"collection":[{"href":"https:\/\/abciber.org.br\/site\/wp-json\/wp\/v2\/pages"}],"about":[{"href":"https:\/\/abciber.org.br\/site\/wp-json\/wp\/v2\/types\/page"}],"author":[{"embeddable":true,"href":"https:\/\/abciber.org.br\/site\/wp-json\/wp\/v2\/users\/1"}],"replies":[{"embeddable":true,"href":"https:\/\/abciber.org.br\/site\/wp-json\/wp\/v2\/comments?post=13271"}],"version-history":[{"count":10,"href":"https:\/\/abciber.org.br\/site\/wp-json\/wp\/v2\/pages\/13271\/revisions"}],"predecessor-version":[{"id":13968,"href":"https:\/\/abciber.org.br\/site\/wp-json\/wp\/v2\/pages\/13271\/revisions\/13968"}],"wp:attachment":[{"href":"https:\/\/abciber.org.br\/site\/wp-json\/wp\/v2\/media?parent=13271"}],"curies":[{"name":"wp","href":"https:\/\/api.w.org\/{rel}","templated":true}]}}