{"id":13304,"date":"2024-03-08T06:56:26","date_gmt":"2024-03-08T09:56:26","guid":{"rendered":"https:\/\/abciber.org.br\/site\/?page_id=13304"},"modified":"2024-05-17T09:41:09","modified_gmt":"2024-05-17T12:41:09","slug":"debates","status":"publish","type":"page","link":"https:\/\/abciber.org.br\/site\/debates\/","title":{"rendered":"ABCiber Debates"},"content":{"rendered":"[vc_row row_type=&#8221;2&#8243; blox_image=&#8221;14633&#8243; page_title=&#8221;page-title-x&#8221; blox_dark=&#8221;true&#8221; blox_bgcolor=&#8221;#282828&#8243;][vc_column css=&#8221;.vc_custom_1466323235150{padding-top: 8px !important;}&#8221;]<hr class=\"vertical-space5\"><hr class=\"vertical-space5\"><hr class=\"vertical-space5\"><hr class=\"vertical-space4\"><hr class=\"vertical-space1\">[vc_column_text][\/vc_column_text]<hr class=\"vertical-space2\">[\/vc_column][\/vc_row][vc_row row_type=&#8221;2&#8243; blox_bgcolor=&#8221;#f6f6f8&#8243;][vc_column width=&#8221;3\/3&#8243; css=&#8221;.vc_custom_1468734530362{padding-right: 0px !important;}&#8221;]<hr class=\"vertical-space2\">[vc_column_text css_animation=&#8221;none&#8221; css=&#8221;.vc_custom_1712775852751{padding-right: 5px !important;}&#8221;]<strong>ABCiber Debates<\/strong><\/p>\n<p>A se\u00e7\u00e3o &#8220;<strong>Debates<\/strong>&#8221; \u00e9 um f\u00f3rum de ideias abertas para temas alinhados a cibercultura. Os textos dos autores s\u00e3o originais, isto \u00e9, elaborados exclusivamente para publica\u00e7\u00e3o no <em>site<\/em> da ABCiber.<\/p>\n[\/vc_column_text]<hr class=\"vertical-space2\">[\/vc_column][\/vc_row][vc_row][vc_column][vc_column_text]\t\t<div data-elementor-type=\"section\" data-elementor-id=\"14798\" class=\"elementor elementor-14798\" data-elementor-post-type=\"elementor_library\">\n\t\t\t<div class=\"elementor-element elementor-element-273b73eb e-flex e-con-boxed e-con e-parent\" data-id=\"273b73eb\" data-element_type=\"container\" data-core-v316-plus=\"true\">\n\t\t\t\t\t<div class=\"e-con-inner\">\n\t\t\t\t<div class=\"elementor-element elementor-element-27a9f985 elementor-grid-4 elementor-grid-tablet-2 elementor-grid-mobile-1 elementor-widget elementor-widget-loop-grid\" data-id=\"27a9f985\" data-element_type=\"widget\" data-settings=\"{&quot;template_id&quot;:&quot;14684&quot;,&quot;columns&quot;:4,&quot;_skin&quot;:&quot;post&quot;,&quot;columns_tablet&quot;:&quot;2&quot;,&quot;columns_mobile&quot;:&quot;1&quot;,&quot;edit_handle_selector&quot;:&quot;[data-elementor-type=\\&quot;loop-item\\&quot;]&quot;,&quot;row_gap&quot;:{&quot;unit&quot;:&quot;px&quot;,&quot;size&quot;:&quot;&quot;,&quot;sizes&quot;:[]},&quot;row_gap_tablet&quot;:{&quot;unit&quot;:&quot;px&quot;,&quot;size&quot;:&quot;&quot;,&quot;sizes&quot;:[]},&quot;row_gap_mobile&quot;:{&quot;unit&quot;:&quot;px&quot;,&quot;size&quot;:&quot;&quot;,&quot;sizes&quot;:[]}}\" data-widget_type=\"loop-grid.post\">\n\t\t\t\t<div class=\"elementor-widget-container\">\n\t\t\t<link rel=\"stylesheet\" href=\"https:\/\/abciber.org.br\/site\/wp-content\/plugins\/elementor-pro\/assets\/css\/widget-loop-builder.min.css\">\t\t<div class=\"elementor-loop-container elementor-grid\">\n\t\t<style id=\"loop-14684\">.elementor-14684 .elementor-element.elementor-element-6c250742{--display:flex;--flex-direction:column;--container-widget-width:100%;--container-widget-height:initial;--container-widget-flex-grow:0;--container-widget-align-self:initial;--gap:0px 0px;--background-transition:0.3s;border-style:solid;--border-style:solid;border-width:1px 1px 1px 1px;--border-block-start-width:1px;--border-inline-end-width:1px;--border-block-end-width:1px;--border-inline-start-width:1px;--padding-block-start:0px;--padding-block-end:0px;--padding-inline-start:0px;--padding-inline-end:0px;}.elementor-14684 .elementor-element.elementor-element-6c250742, .elementor-14684 .elementor-element.elementor-element-6c250742::before{--border-transition:0.3s;}.elementor-14684 .elementor-element.elementor-element-780c1525 .elementor-icon-list-items:not(.elementor-inline-items) .elementor-icon-list-item:not(:last-child){padding-bottom:calc(10px\/2);}.elementor-14684 .elementor-element.elementor-element-780c1525 .elementor-icon-list-items:not(.elementor-inline-items) .elementor-icon-list-item:not(:first-child){margin-top:calc(10px\/2);}.elementor-14684 .elementor-element.elementor-element-780c1525 .elementor-icon-list-items.elementor-inline-items .elementor-icon-list-item{margin-right:calc(10px\/2);margin-left:calc(10px\/2);}.elementor-14684 .elementor-element.elementor-element-780c1525 .elementor-icon-list-items.elementor-inline-items{margin-right:calc(-10px\/2);margin-left:calc(-10px\/2);}body.rtl .elementor-14684 .elementor-element.elementor-element-780c1525 .elementor-icon-list-items.elementor-inline-items .elementor-icon-list-item:after{left:calc(-10px\/2);}body:not(.rtl) .elementor-14684 .elementor-element.elementor-element-780c1525 .elementor-icon-list-items.elementor-inline-items .elementor-icon-list-item:after{right:calc(-10px\/2);}.elementor-14684 .elementor-element.elementor-element-780c1525 .elementor-icon-list-icon i{color:#FFFFFF;font-size:14px;}.elementor-14684 .elementor-element.elementor-element-780c1525 .elementor-icon-list-icon svg{fill:#FFFFFF;--e-icon-list-icon-size:14px;}.elementor-14684 .elementor-element.elementor-element-780c1525 .elementor-icon-list-icon{width:14px;}.elementor-14684 .elementor-element.elementor-element-780c1525 .elementor-icon-list-text, .elementor-14684 .elementor-element.elementor-element-780c1525 .elementor-icon-list-text a{color:#FFFFFF;}.elementor-14684 .elementor-element.elementor-element-780c1525 .elementor-icon-list-item{font-family:\"Open Sans\", Sans-serif;font-size:12px;font-weight:400;line-height:18px;}.elementor-14684 .elementor-element.elementor-element-780c1525 > .elementor-widget-container{margin:10px 10px 0px 0px;padding:5px 5px 5px 5px;background-color:#F58342;}body:not(.rtl) .elementor-14684 .elementor-element.elementor-element-780c1525{right:0px;}body.rtl .elementor-14684 .elementor-element.elementor-element-780c1525{left:0px;}.elementor-14684 .elementor-element.elementor-element-780c1525{top:0px;}.elementor-14684 .elementor-element.elementor-element-4ecefb08 img{height:150px;object-fit:cover;object-position:top center;}.elementor-14684 .elementor-element.elementor-element-730f5c5b{--display:flex;--background-transition:0.3s;}.elementor-14684 .elementor-element.elementor-element-3e246569 .elementor-heading-title{color:#000000;font-family:\"Open Sans\", Sans-serif;font-size:16px;font-weight:bold;line-height:24px;}.elementor-14684 .elementor-element.elementor-element-d227661 .elementor-button{font-family:\"Open Sans\", Sans-serif;font-size:14px;font-weight:500;fill:#A5A5A5;color:#A5A5A5;background-color:#FFFFFF00;padding:0px 0px 0px 0px;}.elementor-14684 .elementor-element.elementor-element-d227661 .elementor-button:hover, .elementor-14684 .elementor-element.elementor-element-d227661 .elementor-button:focus{color:#F58342;}.elementor-14684 .elementor-element.elementor-element-d227661 .elementor-button:hover svg, .elementor-14684 .elementor-element.elementor-element-d227661 .elementor-button:focus svg{fill:#F58342;}<\/style>\t\t<div data-elementor-type=\"loop-item\" data-elementor-id=\"14684\" class=\"elementor elementor-14684 e-loop-item e-loop-item-14418 post-14418 post type-post status-publish format-standard has-post-thumbnail hentry category-discussoes\" data-elementor-post-type=\"elementor_library\" data-custom-edit-handle=\"1\">\n\t\t\t<div class=\"elementor-element elementor-element-6c250742 e-flex e-con-boxed e-con e-parent\" data-id=\"6c250742\" data-element_type=\"container\" data-core-v316-plus=\"true\">\n\t\t\t\t\t<div class=\"e-con-inner\">\n\t\t\t\t<div class=\"elementor-element elementor-element-780c1525 elementor-align-left elementor-absolute elementor-widget elementor-widget-post-info\" data-id=\"780c1525\" data-element_type=\"widget\" data-settings=\"{&quot;_position&quot;:&quot;absolute&quot;}\" data-widget_type=\"post-info.default\">\n\t\t\t\t<div class=\"elementor-widget-container\">\n\t\t\t<link rel=\"stylesheet\" href=\"https:\/\/abciber.org.br\/site\/wp-content\/plugins\/elementor\/assets\/css\/widget-icon-list.min.css\"><link rel=\"stylesheet\" href=\"https:\/\/abciber.org.br\/site\/wp-content\/plugins\/elementor-pro\/assets\/css\/widget-theme-elements.min.css\">\t\t<ul class=\"elementor-inline-items elementor-icon-list-items elementor-post-info\">\n\t\t\t\t\t\t\t\t<li class=\"elementor-icon-list-item elementor-repeater-item-6e87d82 elementor-inline-item\" itemprop=\"datePublished\">\n\t\t\t\t\t\t<a href=\"https:\/\/abciber.org.br\/site\/2024\/04\/18\/\">\n\t\t\t\t\t\t\t\t\t\t\t<span class=\"elementor-icon-list-icon\">\n\t\t\t\t\t\t\t\t<svg aria-hidden=\"true\" class=\"e-font-icon-svg e-fas-calendar\" viewBox=\"0 0 448 512\" xmlns=\"http:\/\/www.w3.org\/2000\/svg\"><path d=\"M12 192h424c6.6 0 12 5.4 12 12v260c0 26.5-21.5 48-48 48H48c-26.5 0-48-21.5-48-48V204c0-6.6 5.4-12 12-12zm436-44v-36c0-26.5-21.5-48-48-48h-48V12c0-6.6-5.4-12-12-12h-40c-6.6 0-12 5.4-12 12v52H160V12c0-6.6-5.4-12-12-12h-40c-6.6 0-12 5.4-12 12v52H48C21.5 64 0 85.5 0 112v36c0 6.6 5.4 12 12 12h424c6.6 0 12-5.4 12-12z\"><\/path><\/svg>\t\t\t\t\t\t\t<\/span>\n\t\t\t\t\t\t\t\t\t<span class=\"elementor-icon-list-text elementor-post-info__item elementor-post-info__item--type-date\">\n\t\t\t\t\t\t\t\t\t\t<time>18 abr<\/time>\t\t\t\t\t<\/span>\n\t\t\t\t\t\t\t\t\t<\/a>\n\t\t\t\t<\/li>\n\t\t\t\t<\/ul>\n\t\t\t\t<\/div>\n\t\t\t\t<\/div>\n\t\t\t\t<div class=\"elementor-element elementor-element-4ecefb08 elementor-widget elementor-widget-theme-post-featured-image elementor-widget-image\" data-id=\"4ecefb08\" data-element_type=\"widget\" data-widget_type=\"theme-post-featured-image.default\">\n\t\t\t\t<div class=\"elementor-widget-container\">\n\t\t\t<style>\/*! elementor - v3.20.0 - 10-04-2024 *\/\n.elementor-widget-image{text-align:center}.elementor-widget-image a{display:inline-block}.elementor-widget-image a img[src$=\".svg\"]{width:48px}.elementor-widget-image img{vertical-align:middle;display:inline-block}<\/style>\t\t\t\t\t\t\t\t\t\t\t<a href=\"https:\/\/abciber.org.br\/site\/2024\/04\/18\/all-fake\/\">\n\t\t\t\t\t\t\t<img fetchpriority=\"high\" decoding=\"async\" width=\"605\" height=\"399\" src=\"https:\/\/abciber.org.br\/site\/wp-content\/uploads\/2024\/04\/squirra.jpg\" class=\"attachment-full size-full wp-image-14436\" alt=\"\" srcset=\"https:\/\/abciber.org.br\/site\/wp-content\/uploads\/2024\/04\/squirra.jpg 605w, https:\/\/abciber.org.br\/site\/wp-content\/uploads\/2024\/04\/squirra-300x198.jpg 300w, https:\/\/abciber.org.br\/site\/wp-content\/uploads\/2024\/04\/squirra-600x396.jpg 600w\" sizes=\"(max-width: 605px) 100vw, 605px\" \/>\t\t\t\t\t\t\t\t<\/a>\n\t\t\t\t\t\t\t\t\t\t\t\t\t<\/div>\n\t\t\t\t<\/div>\n\t\t<div class=\"elementor-element elementor-element-730f5c5b e-flex e-con-boxed e-con e-child\" data-id=\"730f5c5b\" data-element_type=\"container\">\n\t\t\t\t\t<div class=\"e-con-inner\">\n\t\t\t\t<div class=\"elementor-element elementor-element-3e246569 elementor-widget elementor-widget-theme-post-title elementor-page-title elementor-widget-heading\" data-id=\"3e246569\" data-element_type=\"widget\" data-widget_type=\"theme-post-title.default\">\n\t\t\t\t<div class=\"elementor-widget-container\">\n\t\t\t<style>\/*! elementor - v3.20.0 - 10-04-2024 *\/\n.elementor-heading-title{padding:0;margin:0;line-height:1}.elementor-widget-heading .elementor-heading-title[class*=elementor-size-]>a{color:inherit;font-size:inherit;line-height:inherit}.elementor-widget-heading .elementor-heading-title.elementor-size-small{font-size:15px}.elementor-widget-heading .elementor-heading-title.elementor-size-medium{font-size:19px}.elementor-widget-heading .elementor-heading-title.elementor-size-large{font-size:29px}.elementor-widget-heading .elementor-heading-title.elementor-size-xl{font-size:39px}.elementor-widget-heading .elementor-heading-title.elementor-size-xxl{font-size:59px}<\/style><h3 class=\"elementor-heading-title elementor-size-default\"><a href=\"https:\/\/abciber.org.br\/site\/2024\/04\/18\/all-fake\/\">All fake<\/a><\/h3>\t\t<\/div>\n\t\t\t\t<\/div>\n\t\t\t\t<div class=\"elementor-element elementor-element-d227661 elementor-widget elementor-widget-button\" data-id=\"d227661\" data-element_type=\"widget\" data-widget_type=\"button.default\">\n\t\t\t\t<div class=\"elementor-widget-container\">\n\t\t\t\t\t<div class=\"elementor-button-wrapper\">\n\t\t\t<a class=\"elementor-button elementor-button-link elementor-size-sm\" href=\"https:\/\/abciber.org.br\/site\/2024\/04\/18\/all-fake\/\">\n\t\t\t\t\t\t<span class=\"elementor-button-content-wrapper\">\n\t\t\t\t\t\t<span class=\"elementor-button-text\">Continue lendo...<\/span>\n\t\t<\/span>\n\t\t\t\t\t<\/a>\n\t\t<\/div>\n\t\t\t\t<\/div>\n\t\t\t\t<\/div>\n\t\t\t\t\t<\/div>\n\t\t\t\t<\/div>\n\t\t\t\t\t<\/div>\n\t\t\t\t<\/div>\n\t\t\t\t<\/div>\n\t\t\t\t<div data-elementor-type=\"loop-item\" data-elementor-id=\"14684\" class=\"elementor elementor-14684 e-loop-item e-loop-item-14401 post-14401 post type-post status-publish format-standard has-post-thumbnail hentry category-78 category-abciber category-discussoes category-noticias tag-abciber tag-cibercultura\" data-elementor-post-type=\"elementor_library\" data-custom-edit-handle=\"1\">\n\t\t\t<div class=\"elementor-element elementor-element-6c250742 e-flex e-con-boxed e-con e-parent\" data-id=\"6c250742\" data-element_type=\"container\" data-core-v316-plus=\"true\">\n\t\t\t\t\t<div class=\"e-con-inner\">\n\t\t\t\t<div class=\"elementor-element elementor-element-780c1525 elementor-align-left elementor-absolute elementor-widget elementor-widget-post-info\" data-id=\"780c1525\" data-element_type=\"widget\" data-settings=\"{&quot;_position&quot;:&quot;absolute&quot;}\" data-widget_type=\"post-info.default\">\n\t\t\t\t<div class=\"elementor-widget-container\">\n\t\t\t\t\t<ul class=\"elementor-inline-items elementor-icon-list-items elementor-post-info\">\n\t\t\t\t\t\t\t\t<li class=\"elementor-icon-list-item elementor-repeater-item-6e87d82 elementor-inline-item\" itemprop=\"datePublished\">\n\t\t\t\t\t\t<a href=\"https:\/\/abciber.org.br\/site\/2024\/04\/18\/\">\n\t\t\t\t\t\t\t\t\t\t\t<span class=\"elementor-icon-list-icon\">\n\t\t\t\t\t\t\t\t<svg aria-hidden=\"true\" class=\"e-font-icon-svg e-fas-calendar\" viewBox=\"0 0 448 512\" xmlns=\"http:\/\/www.w3.org\/2000\/svg\"><path d=\"M12 192h424c6.6 0 12 5.4 12 12v260c0 26.5-21.5 48-48 48H48c-26.5 0-48-21.5-48-48V204c0-6.6 5.4-12 12-12zm436-44v-36c0-26.5-21.5-48-48-48h-48V12c0-6.6-5.4-12-12-12h-40c-6.6 0-12 5.4-12 12v52H160V12c0-6.6-5.4-12-12-12h-40c-6.6 0-12 5.4-12 12v52H48C21.5 64 0 85.5 0 112v36c0 6.6 5.4 12 12 12h424c6.6 0 12-5.4 12-12z\"><\/path><\/svg>\t\t\t\t\t\t\t<\/span>\n\t\t\t\t\t\t\t\t\t<span class=\"elementor-icon-list-text elementor-post-info__item elementor-post-info__item--type-date\">\n\t\t\t\t\t\t\t\t\t\t<time>18 abr<\/time>\t\t\t\t\t<\/span>\n\t\t\t\t\t\t\t\t\t<\/a>\n\t\t\t\t<\/li>\n\t\t\t\t<\/ul>\n\t\t\t\t<\/div>\n\t\t\t\t<\/div>\n\t\t\t\t<div class=\"elementor-element elementor-element-4ecefb08 elementor-widget elementor-widget-theme-post-featured-image elementor-widget-image\" data-id=\"4ecefb08\" data-element_type=\"widget\" data-widget_type=\"theme-post-featured-image.default\">\n\t\t\t\t<div class=\"elementor-widget-container\">\n\t\t\t\t\t\t\t\t\t\t\t\t\t\t<a href=\"https:\/\/abciber.org.br\/site\/2024\/04\/18\/chamada-a-participacao-na-secao-debates-abciber\/\">\n\t\t\t\t\t\t\t<img decoding=\"async\" width=\"1920\" height=\"1080\" src=\"https:\/\/abciber.org.br\/site\/wp-content\/uploads\/2018\/11\/LOGO-ABCIBER-COLORIDO.png\" class=\"attachment-full size-full wp-image-14036\" alt=\"\" srcset=\"https:\/\/abciber.org.br\/site\/wp-content\/uploads\/2018\/11\/LOGO-ABCIBER-COLORIDO.png 1920w, https:\/\/abciber.org.br\/site\/wp-content\/uploads\/2018\/11\/LOGO-ABCIBER-COLORIDO-300x169.png 300w, https:\/\/abciber.org.br\/site\/wp-content\/uploads\/2018\/11\/LOGO-ABCIBER-COLORIDO-1024x576.png 1024w, https:\/\/abciber.org.br\/site\/wp-content\/uploads\/2018\/11\/LOGO-ABCIBER-COLORIDO-768x432.png 768w, https:\/\/abciber.org.br\/site\/wp-content\/uploads\/2018\/11\/LOGO-ABCIBER-COLORIDO-1536x864.png 1536w, https:\/\/abciber.org.br\/site\/wp-content\/uploads\/2018\/11\/LOGO-ABCIBER-COLORIDO-600x338.png 600w\" sizes=\"(max-width: 1920px) 100vw, 1920px\" \/>\t\t\t\t\t\t\t\t<\/a>\n\t\t\t\t\t\t\t\t\t\t\t\t\t<\/div>\n\t\t\t\t<\/div>\n\t\t<div class=\"elementor-element elementor-element-730f5c5b e-flex e-con-boxed e-con e-child\" data-id=\"730f5c5b\" data-element_type=\"container\">\n\t\t\t\t\t<div class=\"e-con-inner\">\n\t\t\t\t<div class=\"elementor-element elementor-element-3e246569 elementor-widget elementor-widget-theme-post-title elementor-page-title elementor-widget-heading\" data-id=\"3e246569\" data-element_type=\"widget\" data-widget_type=\"theme-post-title.default\">\n\t\t\t\t<div class=\"elementor-widget-container\">\n\t\t\t<h3 class=\"elementor-heading-title elementor-size-default\"><a href=\"https:\/\/abciber.org.br\/site\/2024\/04\/18\/chamada-a-participacao-na-secao-debates-abciber\/\">Chamada \u00e0 participa\u00e7\u00e3o na se\u00e7\u00e3o: Debates ABCiber<\/a><\/h3>\t\t<\/div>\n\t\t\t\t<\/div>\n\t\t\t\t<div class=\"elementor-element elementor-element-d227661 elementor-widget elementor-widget-button\" data-id=\"d227661\" data-element_type=\"widget\" data-widget_type=\"button.default\">\n\t\t\t\t<div class=\"elementor-widget-container\">\n\t\t\t\t\t<div class=\"elementor-button-wrapper\">\n\t\t\t<a class=\"elementor-button elementor-button-link elementor-size-sm\" href=\"https:\/\/abciber.org.br\/site\/2024\/04\/18\/chamada-a-participacao-na-secao-debates-abciber\/\">\n\t\t\t\t\t\t<span class=\"elementor-button-content-wrapper\">\n\t\t\t\t\t\t<span class=\"elementor-button-text\">Continue lendo...<\/span>\n\t\t<\/span>\n\t\t\t\t\t<\/a>\n\t\t<\/div>\n\t\t\t\t<\/div>\n\t\t\t\t<\/div>\n\t\t\t\t\t<\/div>\n\t\t\t\t<\/div>\n\t\t\t\t\t<\/div>\n\t\t\t\t<\/div>\n\t\t\t\t<\/div>\n\t\t\t\t<\/div>\n\t\t\n\t\t\t\t<\/div>\n\t\t\t\t<\/div>\n\t\t\t\t\t<\/div>\n\t\t\t\t<\/div>\n\t\t\t\t<\/div>\n\t\t[\/vc_column_text][vc_column_text]\n[\/vc_column_text][\/vc_column][\/vc_row][vc_row][\/vc_row][vc_column][\/vc_column][vc_row][\/vc_row]\n","protected":false},"excerpt":{"rendered":"<p>[vc_row row_type=&#8221;2&#8243; blox_image=&#8221;14633&#8243; page_title=&#8221;page-title-x&#8221; blox_dark=&#8221;true&#8221; blox_bgcolor=&#8221;#282828&#8243;][vc_column css=&#8221;.vc_custom_1466323235150{padding-top: 8px !important;}&#8221;][vc_column_text][\/vc_column_text][\/vc_column][\/vc_row][vc_row row_type=&#8221;2&#8243; blox_bgcolor=&#8221;#f6f6f8&#8243;][vc_column width=&#8221;3\/3&#8243; css=&#8221;.vc_custom_1468734530362{padding-right: 0px !important;}&#8221;][vc_column_text css_animation=&#8221;none&#8221; css=&#8221;.vc_custom_1712775852751{padding-right: 5px !important;}&#8221;]ABCiber Debates A se\u00e7\u00e3o &#8220;Debates&#8221; \u00e9 um f\u00f3rum de ideias abertas para temas alinhados a cibercultura. Os textos dos autores s\u00e3o originais, isto \u00e9, elaborados exclusivamente para publica\u00e7\u00e3o no site da ABCiber. [\/vc_column_text][\/vc_column][\/vc_row][vc_row][vc_column][vc_column_text][\/vc_column_text][vc_column_text] [\/vc_column_text][\/vc_column][\/vc_row][vc_row][\/vc_row][vc_column][\/vc_column][vc_row][\/vc_row]<\/p>\n","protected":false},"author":1,"featured_media":0,"parent":0,"menu_order":0,"comment_status":"closed","ping_status":"closed","template":"","meta":{"footnotes":""},"class_list":["post-13304","page","type-page","status-publish","hentry"],"_links":{"self":[{"href":"https:\/\/abciber.org.br\/site\/wp-json\/wp\/v2\/pages\/13304","targetHints":{"allow":["GET"]}}],"collection":[{"href":"https:\/\/abciber.org.br\/site\/wp-json\/wp\/v2\/pages"}],"about":[{"href":"https:\/\/abciber.org.br\/site\/wp-json\/wp\/v2\/types\/page"}],"author":[{"embeddable":true,"href":"https:\/\/abciber.org.br\/site\/wp-json\/wp\/v2\/users\/1"}],"replies":[{"embeddable":true,"href":"https:\/\/abciber.org.br\/site\/wp-json\/wp\/v2\/comments?post=13304"}],"version-history":[{"count":32,"href":"https:\/\/abciber.org.br\/site\/wp-json\/wp\/v2\/pages\/13304\/revisions"}],"predecessor-version":[{"id":14801,"href":"https:\/\/abciber.org.br\/site\/wp-json\/wp\/v2\/pages\/13304\/revisions\/14801"}],"wp:attachment":[{"href":"https:\/\/abciber.org.br\/site\/wp-json\/wp\/v2\/media?parent=13304"}],"curies":[{"name":"wp","href":"https:\/\/api.w.org\/{rel}","templated":true}]}}