{"id":13331,"date":"2024-03-11T12:05:25","date_gmt":"2024-03-11T15:05:25","guid":{"rendered":"https:\/\/abciber.org.br\/site\/?page_id=13331"},"modified":"2025-02-18T18:05:03","modified_gmt":"2025-02-18T21:05:03","slug":"eventos","status":"publish","type":"page","link":"https:\/\/abciber.org.br\/site\/eventos\/","title":{"rendered":"Eventos da ABCiber"},"content":{"rendered":"[vc_row row_type=&#8221;2&#8243; blox_image=&#8221;13692&#8243; page_title=&#8221;page-title-x&#8221; blox_dark=&#8221;true&#8221; blox_bgcolor=&#8221;#282828&#8243;][vc_column css=&#8221;.vc_custom_1466323235150{padding-top: 8px !important;}&#8221;]<hr class=\"vertical-space5\"><hr class=\"vertical-space5\"><hr class=\"vertical-space5\"><hr class=\"vertical-space4\"><hr class=\"vertical-space1\">[vc_column_text][\/vc_column_text]<hr class=\"vertical-space2\">[\/vc_column][\/vc_row][vc_row row_type=&#8221;2&#8243; blox_bgcolor=&#8221;#f6f6f8&#8243;][vc_column width=&#8221;2\/3&#8243; css=&#8221;.vc_custom_1468734530362{padding-right: 0px !important;}&#8221;]<hr class=\"vertical-space2\">[vc_column_text css_animation=&#8221;none&#8221; css=&#8221;.vc_custom_1712978792627{padding-right: 5px !important;}&#8221;]<strong>Eventos da ABCiber<\/strong><\/p>\n<p>Consulte abaixo os eventos da ABCiber.<\/p>\n<p>&nbsp;[\/vc_column_text][\/vc_column][\/vc_row][vc_row][vc_column][vc_empty_space]<h2 class=\"big-title1\">Simp\u00f3sio Nacional da ABCiber<\/h2>[\/vc_column][\/vc_row][vc_row][vc_column][vc_column_text]<strong>XVII SIMP\u00d3SIO NACIONAL DA ABCIBER 2024<\/strong><br \/>\nFunda\u00e7\u00e3o Universidade do Estado de Santa Catarina, UDESC, Florian\u00f3polis, SC.<br \/>\n<a href=\"https:\/\/abciber.org.br\/simposio2024\/index.html\" target=\"_blank\" rel=\"noopener\">Arte, Comunica\u00e7\u00e3o e Educa\u00e7\u00e3o em Tempos de Eventos Clim\u00e1ticos Extremos<\/a><\/p>\n<p><strong>XVI SIMP\u00d3SIO NACIONAL DA ABCIBER 2023<\/strong><br \/>\nUniversidade Federal de Santa Maria (UFSM), com apoio da UNIFAE, Santa Maria, RS.<br \/>\n<a href=\"https:\/\/abciber.org.br\/simposios\/index.php\/abciber\/abciber16\" target=\"_blank\" rel=\"noopener\">Informa\u00e7\u00e3o, tecnodiversidade, est\u00e9tica<\/a><\/p>\n<p><strong>XV SIMP\u00d3SIO NACIONAL DA ABCIBER 2022<\/strong><br \/>\nEvento virtual, com apoio da UNIFAE.<br \/>\n<a href=\"https:\/\/abciber.org.br\/simposios\/index.php\/abciber\/abciber15\" target=\"_blank\" rel=\"noopener\">Curando Causas: Educa\u00e7\u00e3o, trabalho e diversidade na era dos dados<\/a><\/p>\n<p><strong>XIV SIMP\u00d3SIO NACIONAL DA ABCIBER 2021<\/strong><br \/>\nUniversidade Paulista (UNIP), com apoio da UNIFAE, S\u00e3o Paulo, SP.<br \/>\n<a href=\"https:\/\/abciber.org.br\/simposio2021\/\" target=\"_blank\" rel=\"noopener\">Direitos Humanos, Pol\u00edticas Identit\u00e1rias e Imagin\u00e1rios de Resist\u00eancia<\/a><\/p>\n<p><strong>XIII SIMP\u00d3SIO NACIONAL DA ABCIBER 2020<\/strong><br \/>\nEvento virtual, com apoio da UNIFAE.<br \/>\n<a href=\"https:\/\/abciber.org.br\/simposio2020\/\">Virtualiza\u00e7\u00e3o da vida: Futuros imediatos, tecnopol\u00edticas e reconstru\u00e7\u00e3o do comum no cen\u00e1rio p\u00f3s-pandemia<\/a><\/p>\n<p><strong>XII SIMP\u00d3SIO NACIONAL DA ABCIBER 2019<\/strong><br \/>\nUniversidade Federal do Rio Grande do Sul (UFRGS), com apoio da UNIFAE, Porto Alegre, RS.<br \/>\n<a href=\"https:\/\/abciber2019.sinteseeventos.com.br\/\">Devires da Cibercultura: pol\u00edticas e pr\u00e1ticas<\/a><\/p>\n<p><strong>XI SIMP\u00d3SIO NACIONAL DA ABCIBER 2018<\/strong><br \/>\nUniversidade Federal de Juiz de Fora (UFJF), com apoio da UNIFAE, Juiz de Fora, MG.<br \/>\n<a href=\"https:\/\/abciber.org.br\/simposio2018\/\" target=\"_blank\" rel=\"noopener\">Fluxos emergentes e conex\u00f5es expandidas no ecossistema digital<\/a><\/p>\n<p><strong>X SIMP\u00d3SIO NACIONAL DA ABCIBER 2017<\/strong><br \/>\nECA\/USP, com apoio da UNIFAE e da Escola do Futuro, S\u00e3o Paulo, SP.<br \/>\n<a href=\"https:\/\/abciber.org.br\/simposio2017\/\" target=\"_blank\" rel=\"noopener\">Conectividade, hibrida\u00e7\u00e3o e ecologia nas redes digitais<\/a><\/p>\n<p><strong>IX SIMP\u00d3SIO NACIONAL DA ABCIBER 2016<\/strong><br \/>\nPontif\u00edcia Universidade Cat\u00f3lica de S\u00e3o Paulo (PUC-SP), com apoio da UNIFAE, S\u00e3o Paulo, SP.<br \/>\n<a href=\"https:\/\/abciber.org.br\/simposio2016\/\" target=\"_blank\" rel=\"noopener\">Cibercultura, democracia e liberdade no Brasil<\/a><\/p>\n<p><strong>VIII SIMP\u00d3SIO NACIONAL DA ABCIBER 2014<\/strong><br \/>\nEscola Superior de Propaganda e Marketing (ESPM), S\u00e3o Paulo, SP.<br \/>\n<a href=\"https:\/\/abciber.org.br\/simposio2014\/\" target=\"_blank\" rel=\"noopener\">Comunica\u00e7\u00e3o e cultura na era de tecnologias midi\u00e1ticas onipresentes e oniscientesposio2014\/<\/a><\/p>\n<p><strong>VII SIMP\u00d3SIO NACIONAL DA ABCIBER 2013<\/strong><br \/>\nUniversidade Tuiuti do Paran\u00e1 (UTP), Curitiba, PR.<br \/>\n<a href=\"http:\/\/gitsufba.net\/vii-simposio-nacional-da-associacao-brasileira-de-pesquisadores-em-cibercultura-abciber-2013\/\" target=\"_blank\" rel=\"noopener\">Compartilhamento e a criptografia de informa\u00e7\u00f5es<\/a><\/p>\n<p><strong>VI SIMP\u00d3SIO NACIONAL DA ABCIBER 2012<\/strong><br \/>\nFEEVALE, Novo Hamburgo, RS.<br \/>\n<a href=\"https:\/\/aplicweb.feevale.br\/site\/hotsite\/default.asp?intIdHotSite=152&amp;intIdSecao=5572\" target=\"_blank\" rel=\"noopener\">Entretenimento digital<\/a><\/p>\n<p><strong>V SIMP\u00d3SIO NACIONAL DA ABCIBER 2011<\/strong><br \/>\nUniversidade Federal de Santa Catarina (UFSC), Florian\u00f3polis, SC.<br \/>\n<a href=\"https:\/\/abciber.org.br\/simposio2011\/\" target=\"_blank\" rel=\"noopener\">https:\/\/abciber.org.br\/simposio2011\/<\/a><\/p>\n<p><strong>IV SIMP\u00d3SIO NACIONAL DA ABCIBER 2010<\/strong><br \/>\nUniversidade Federal do Rio de Janeiro (UFRJ), Rio de Janeiro, RJ.<\/p>\n<p><strong>III SIMP\u00d3SIO NACIONAL DA ABCIBER 2009<\/strong><br \/>\nEscola Superior de Propaganda e Marketing (ESPM), em S\u00e3o Paulo, SP.<\/p>\n<p><strong>II SIMP\u00d3SIO NACIONAL DA ABCIBER 2008<\/strong><br \/>\nPontif\u00edcia Universidade Cat\u00f3lica de S\u00e3o Paulo (PUC-SP), S\u00e3o Paulo, SP.<\/p>\n<p><strong>I SIMP\u00d3SIO NACIONAL DA ABCIBER 2006<\/strong><br \/>\nPontif\u00edcia Universidade Cat\u00f3lica de S\u00e3o Paulo (PUC-SP), S\u00e3o Paulo, SP.<\/p>\n[vc_column width=&#8221;1\/1&#8243;][vc_column_text]<b><br class=\"\"><\/b>[\/vc_column_text][\/vc_column][\/vc_row][vc_row][vc_column]<h2 class=\"big-title1\">Encontro Virtual da ABCiber<\/h2>[vc_column_text]<strong>IV<\/strong> <strong>ENCONTRO VIRTUAL DA ABCIBER 2024<\/strong><br \/>\nCom apoio da UNIFAE.<br \/>\n<a href=\"https:\/\/abciber.org.br\/encontrovirtual2024\/index.html\" target=\"_blank\" rel=\"noopener\">Perspectivas interdisciplinares e reconfigura\u00e7\u00f5es na cibercultura: Dados, algoritmos e intelig\u00eancia artificial<\/a><\/p>\n<p><strong>III<\/strong>\u00a0<strong>ENCONTRO VIRTUAL DA ABCIBER 2022<\/strong><br \/>\nCom apoio da UNIFAE e da Anhembi Morumbi.<br \/>\n<a href=\"https:\/\/abciber.org.br\/simposios\/index.php\/virtualabciber\/Vitual2022\" target=\"_blank\" rel=\"noopener\">Conflitos e utopias nos espa\u00e7os: Mobiliza\u00e7\u00f5es no digital\u00a0<\/a><\/p>\n<p><strong>II ENCONTRO VIRTUAL DA ABCIBER 2021<\/strong><br \/>\nCom apoio da UNIFAE.<br \/>\n<a href=\"https:\/\/abciber.org.br\/encontrovirtual2021\/\">Novos letramentos, apropria\u00e7\u00e3o das tecnologias e o ciberespa\u00e7o como constru\u00e7\u00e3o coletiva<\/a><\/p>\n<p><strong>I ENCONTRO VIRTUAL DA ABCIBER 2020<\/strong><br \/>\nCom apoio da UNIFAE e da Universidade Paulista (UNIP).<br \/>\n<a href=\"https:\/\/abciber.org.br\/encontrovirtual2020\/\" target=\"_blank\" rel=\"noopener\">Reconfigura\u00e7\u00e3o da vida, ci\u00eancia colaborativa e futuro online<\/a><\/p>\n[\/vc_column_text][\/vc_column][\/vc_row]<h2 class=\"big-title1\">Encontro Regional Centro-Sul<\/h2>[vc_column_text]<strong>II ENCONTRO REGIONAL CENTRO-SUL DA ABCIBER 2019<\/strong><br \/>\nFaculdade Paulus de Comunica\u00e7\u00e3o (FAPCOM), com apoio da UNIFAE, S\u00e3o Paulo, SP.<br \/>\n<a href=\"http:\/\/abciber.org.br\/simposios\/index.php\/centro-sul\/IIcentrosul\" target=\"_blank\" rel=\"noopener\">Comunica\u00e7\u00e3o, cibercultura e comunicabilidades em discuss\u00e3o<\/a><\/p>\n<p><strong>I ENCONTRO REGIONAL CENTRO-SUL DA ABCIBER 2018<\/strong><br \/>\nII Festival C\u00f3rtex: Experi\u00eancias Digitais, Aparecida de Goi\u00e2nia, GO.<br \/>\n<a href=\"http:\/\/abciber.org.br\/simposios\/index.php\/centro-sul\/IIcentrosul\" target=\"_blank\" rel=\"noopener\">Conectividade e cultura<\/a><\/p>\n[vc_row][vc_column width=&#8221;1\/1&#8243;][vc_column_text]<b><br class=\"\"><\/b>[\/vc_column_text]<h2 class=\"big-title1\">Encontro Regional Norte-Nordeste<\/h2>[vc_column_text]<strong>II ENCONTRO REGIONAL NORTE-NORDESTE DA ABCIBER 2019<\/strong><br \/>\nUniversidade Tiradentes, Aracaju, SE.<br \/>\n<a href=\"https:\/\/doity.com.br\/ii-encontro-regional-norte-nordeste-da-abciber\">Redes educativas e os desafios atuais da cibercultura<\/a><\/p>\n<p><strong>I ENCONTRO REGIONAL NORTE-NORDESTE DA ABCIBER 2018<\/strong><br \/>\nUniversidade Federal do Maranh\u00e3o (UFMA), S\u00e3o Lu\u00eds, MA.<br \/>\n<a href=\"https:\/\/labcomdigital.wixsite.com\/abciber\" target=\"_blank\" rel=\"noopener\">Intera\u00e7\u00e3o Homem \u2013 M\u00e1quina: Simbiose, conflito, hibridiza\u00e7\u00e3o\u200b<\/a><\/p>\n[\/vc_column_text][vc_row][vc_column][vc_column_text]<b><br class=\"\"><\/b>[\/vc_column_text][\/vc_column][\/vc_row]\n","protected":false},"excerpt":{"rendered":"<p>[vc_row row_type=&#8221;2&#8243; blox_image=&#8221;13692&#8243; page_title=&#8221;page-title-x&#8221; blox_dark=&#8221;true&#8221; blox_bgcolor=&#8221;#282828&#8243;][vc_column css=&#8221;.vc_custom_1466323235150{padding-top: 8px !important;}&#8221;][vc_column_text][\/vc_column_text][\/vc_column][\/vc_row][vc_row row_type=&#8221;2&#8243; blox_bgcolor=&#8221;#f6f6f8&#8243;][vc_column width=&#8221;2\/3&#8243; css=&#8221;.vc_custom_1468734530362{padding-right: 0px !important;}&#8221;][vc_column_text css_animation=&#8221;none&#8221; css=&#8221;.vc_custom_1712978792627{padding-right: 5px !important;}&#8221;]Eventos da ABCiber Consulte abaixo os eventos da ABCiber. &nbsp;[\/vc_column_text][\/vc_column][\/vc_row][vc_row][vc_column][vc_empty_space][\/vc_column][\/vc_row][vc_row][vc_column][vc_column_text]XVII SIMP\u00d3SIO NACIONAL DA ABCIBER 2024 Funda\u00e7\u00e3o Universidade do Estado de Santa Catarina, UDESC, Florian\u00f3polis, SC. Arte, Comunica\u00e7\u00e3o e Educa\u00e7\u00e3o em Tempos de Eventos Clim\u00e1ticos Extremos XVI SIMP\u00d3SIO NACIONAL DA ABCIBER 2023 Universidade Federal de Santa Maria (UFSM), com apoio da UNIFAE, Santa Maria, RS. Informa\u00e7\u00e3o, tecnodiversidade, est\u00e9tica XV SIMP\u00d3SIO NACIONAL DA ABCIBER 2022 Evento virtual, com apoio da UNIFAE. Curando Causas: Educa\u00e7\u00e3o, trabalho e diversidade na era dos dados XIV SIMP\u00d3SIO NACIONAL DA ABCIBER 2021 Universidade Paulista (UNIP), com apoio da UNIFAE, S\u00e3o Paulo, SP. Direitos Humanos, Pol\u00edticas Identit\u00e1rias e Imagin\u00e1rios de Resist\u00eancia XIII SIMP\u00d3SIO NACIONAL DA ABCIBER 2020 Evento virtual, com apoio da UNIFAE. Virtualiza\u00e7\u00e3o da vida: Futuros imediatos, tecnopol\u00edticas e reconstru\u00e7\u00e3o do comum no cen\u00e1rio p\u00f3s-pandemia XII SIMP\u00d3SIO NACIONAL DA ABCIBER 2019 Universidade Federal do Rio Grande do Sul (UFRGS), com apoio da UNIFAE, Porto Alegre, RS. Devires da Cibercultura: pol\u00edticas e pr\u00e1ticas XI SIMP\u00d3SIO NACIONAL DA ABCIBER 2018 Universidade Federal de Juiz de Fora (UFJF), com apoio da UNIFAE, Juiz de Fora, MG. Fluxos emergentes e conex\u00f5es expandidas no ecossistema digital X SIMP\u00d3SIO NACIONAL DA ABCIBER 2017 ECA\/USP, com apoio da UNIFAE e da Escola do Futuro, S\u00e3o Paulo, SP. Conectividade, hibrida\u00e7\u00e3o e ecologia nas redes digitais IX SIMP\u00d3SIO NACIONAL DA ABCIBER 2016 Pontif\u00edcia Universidade Cat\u00f3lica de S\u00e3o Paulo (PUC-SP), com apoio da UNIFAE, S\u00e3o Paulo, SP. Cibercultura, democracia e liberdade no Brasil VIII SIMP\u00d3SIO NACIONAL DA ABCIBER 2014 Escola Superior de Propaganda e Marketing (ESPM), S\u00e3o Paulo, SP. Comunica\u00e7\u00e3o e cultura na era de tecnologias midi\u00e1ticas onipresentes e oniscientesposio2014\/ VII SIMP\u00d3SIO NACIONAL DA ABCIBER 2013 Universidade Tuiuti do Paran\u00e1 (UTP), Curitiba, PR. Compartilhamento e a criptografia de informa\u00e7\u00f5es&#8230; <\/p>\n<p><a class=\"readmore\" href=\"https:\/\/abciber.org.br\/site\/eventos\/\">Continua<\/a><\/p>\n","protected":false},"author":1,"featured_media":0,"parent":0,"menu_order":0,"comment_status":"closed","ping_status":"closed","template":"","meta":{"footnotes":""},"class_list":["post-13331","page","type-page","status-publish","hentry"],"_links":{"self":[{"href":"https:\/\/abciber.org.br\/site\/wp-json\/wp\/v2\/pages\/13331","targetHints":{"allow":["GET"]}}],"collection":[{"href":"https:\/\/abciber.org.br\/site\/wp-json\/wp\/v2\/pages"}],"about":[{"href":"https:\/\/abciber.org.br\/site\/wp-json\/wp\/v2\/types\/page"}],"author":[{"embeddable":true,"href":"https:\/\/abciber.org.br\/site\/wp-json\/wp\/v2\/users\/1"}],"replies":[{"embeddable":true,"href":"https:\/\/abciber.org.br\/site\/wp-json\/wp\/v2\/comments?post=13331"}],"version-history":[{"count":79,"href":"https:\/\/abciber.org.br\/site\/wp-json\/wp\/v2\/pages\/13331\/revisions"}],"predecessor-version":[{"id":15632,"href":"https:\/\/abciber.org.br\/site\/wp-json\/wp\/v2\/pages\/13331\/revisions\/15632"}],"wp:attachment":[{"href":"https:\/\/abciber.org.br\/site\/wp-json\/wp\/v2\/media?parent=13331"}],"curies":[{"name":"wp","href":"https:\/\/api.w.org\/{rel}","templated":true}]}}