{"id":13798,"date":"2024-03-09T16:04:26","date_gmt":"2024-03-09T19:04:26","guid":{"rendered":"https:\/\/abciber.org.br\/site\/?page_id=13798"},"modified":"2024-04-10T07:53:58","modified_gmt":"2024-04-10T10:53:58","slug":"abciber-estatuto","status":"publish","type":"page","link":"https:\/\/abciber.org.br\/site\/abciber-estatuto\/","title":{"rendered":"ABCiber Estatuto"},"content":{"rendered":"[vc_row row_type=&#8221;2&#8243; blox_image=&#8221;13678&#8243; page_title=&#8221;page-title-x&#8221; blox_dark=&#8221;true&#8221; blox_bgcolor=&#8221;#282828&#8243;][vc_column css=&#8221;.vc_custom_1466323235150{padding-top: 8px !important;}&#8221;]<hr class=\"vertical-space5\"><hr class=\"vertical-space5\"><hr class=\"vertical-space5\"><hr class=\"vertical-space4\"><hr class=\"vertical-space1\">[vc_column_text]\n<h4 style=\"font-size: 36px;\"><strong>\u00a0<\/strong><\/h4>\n[\/vc_column_text]<hr class=\"vertical-space2\">[\/vc_column][\/vc_row][vc_row][vc_column width=&#8221;1\/4&#8243; css=&#8221;.vc_custom_1709804658559{margin-left: -30px !important;padding-top: 30px !important;background-color: #f4f4f4 !important;}&#8221;][vc_column_text css_animation=&#8221;none&#8221; css=&#8221;.vc_custom_1712690118087{margin-bottom: 161px !important;padding-left: 50px !important;}&#8221;]<a href=\"https:\/\/abciber.org.br\/site\/abciber-historico\/\">Hist\u00f3ria<\/a><br \/>\n<a href=\"https:\/\/abciber.org.br\/site\/abciber-ata\">Ata de Funda\u00e7\u00e3o<\/a><br \/>\n<a href=\"https:\/\/abciber.org.br\/site\/abciber-estatuto\/\">Estatuto<\/a><br \/>\n<a href=\"https:\/\/abciber.org.br\/site\/abciber-metas\">Metas e Objetivos<\/a><br \/>\n<a href=\"https:\/\/abciber.org.br\/site\/abciber-diretoria-atual\">Diretoria Atual<\/a><br \/>\n<a href=\"https:\/\/abciber.org.br\/site\/abciber-diretorias-anteriores\">Diretorias Anteriores<\/a><br \/>\n<a href=\"https:\/\/abciber.org.br\/site\/abciber-conselho\">Conselho<\/a><br \/>\n<a href=\"https:\/\/abciber.org.br\/site\/abciber-comissoes\">Comiss\u00f5es<\/a><br \/>\n<a href=\"https:\/\/abciber.org.br\/site\/abciber-socios\">Associados<\/a><br \/>\n<a href=\"https:\/\/abciber.org.br\/site\/abciber-documentos\">Documentos<\/a>[\/vc_column_text][\/vc_column][vc_column width=&#8221;3\/4&#8243; css=&#8221;.vc_custom_1709719847792{padding-top: 30px !important;}&#8221;][vc_column_text css_animation=&#8221;none&#8221; css=&#8221;.vc_custom_1712746264264{padding-right: 5px !important;}&#8221;]\n<h4>[vc_empty_space] <strong><span style=\"color: #000000;\"><h2 class=\"big-title1\">Estatuto da ABCiber<\/h2><\/span><\/strong><\/h4>\n<h4><\/h4>\n<p>&nbsp;<\/p>\n<h4 style=\"font-size: 18px; line-height: 1.3; margin-bottom: 27px; padding-right: 30px;\"><strong><span style=\"color: #303133;\">CAP\u00cdTULO I &#8211; DA DENOMINA\u00c7\u00c3O, NATUREZA, SEDE, FORO E FINALIDADE<\/span><\/strong><\/h4>\n<p><strong>Artigo 1<\/strong> \u2013 A Associa\u00e7\u00e3o Brasileira de Pesquisadores em Cibercultura \u2013 doravante designada por Associa\u00e7\u00e3o ou por sua respectiva sigla, ABCiber \u2013, fundada em 27 de setembro de 2006, \u00e9 uma entidade de car\u00e1ter cient\u00edfico-cultural, interdisciplinar, de \u00e2mbito nacional, sem fins lucrativos, com dura\u00e7\u00e3o de tempo indeterminado e com sede no Munic\u00edpio de S\u00e3o Paulo, Estado de S\u00e3o Paulo, \u00e0 Rua Ministro Godoy, 969, 4. andar, bloco B, sala 4A-08, Perdizes, S\u00e3o Paulo\/SP, CEP 05.015-901.<\/p>\n<p><strong>Artigo 2<\/strong> \u2013\u00a0 Em raz\u00e3o da pra\u00e7a de sua funda\u00e7\u00e3o, a Associa\u00e7\u00e3o ter\u00e1 foro na Comarca de S.Paulo, Estado de S\u00e3o Paulo.<\/p>\n<p><strong>Artigo 3<\/strong> \u2013 A ABCiber visa reunir pesquisadores, profissionais e estudantes que t\u00eam a cibercultura (encarada nos termos do Artigo 8, inciso I) e\/ou seus processos e fatores constitutivos como objeto de interesse e\/ou preocupa\u00e7\u00e3o principal.<\/p>\n<p><strong>Artigo 4<\/strong> \u2013\u00a0 A Associa\u00e7\u00e3o ter\u00e1 v\u00ednculo formal e referencial \u2013 sem, por\u00e9m, exclusividade \u2013 com a \u00e1rea de Comunica\u00e7\u00e3o, para efeito de sinaliza\u00e7\u00e3o a ag\u00eancias de fomento e demais institui\u00e7\u00f5es p\u00fablicas e privadas, em demandas por solicita\u00e7\u00e3o de parceria e\/ou verba destinada ao cumprimento de suas metas institucionais e objetivos program\u00e1ticos.<\/p>\n<p>&nbsp;[\/vc_column_text][vc_btn title=&#8221;Estatuto em PDF&#8221; i_icon_fontawesome=&#8221;fa fa-file-pdf-o&#8221; add_icon=&#8221;true&#8221; link=&#8221;url:http%3A%2F%2Fabciber.org.br%2Festatuto_abciber_out09.pdf||target:%20_blank|&#8221;][\/vc_column][\/vc_row]\n","protected":false},"excerpt":{"rendered":"<p>[vc_row row_type=&#8221;2&#8243; blox_image=&#8221;13678&#8243; page_title=&#8221;page-title-x&#8221; blox_dark=&#8221;true&#8221; blox_bgcolor=&#8221;#282828&#8243;][vc_column css=&#8221;.vc_custom_1466323235150{padding-top: 8px !important;}&#8221;][vc_column_text] \u00a0 [\/vc_column_text][\/vc_column][\/vc_row][vc_row][vc_column width=&#8221;1\/4&#8243; css=&#8221;.vc_custom_1709804658559{margin-left: -30px !important;padding-top: 30px !important;background-color: #f4f4f4 !important;}&#8221;][vc_column_text css_animation=&#8221;none&#8221; css=&#8221;.vc_custom_1712690118087{margin-bottom: 161px !important;padding-left: 50px !important;}&#8221;]Hist\u00f3ria Ata de Funda\u00e7\u00e3o Estatuto Metas e Objetivos Diretoria Atual Diretorias Anteriores Conselho Comiss\u00f5es Associados Documentos[\/vc_column_text][\/vc_column][vc_column width=&#8221;3\/4&#8243; css=&#8221;.vc_custom_1709719847792{padding-top: 30px !important;}&#8221;][vc_column_text css_animation=&#8221;none&#8221; css=&#8221;.vc_custom_1712746264264{padding-right: 5px !important;}&#8221;] [vc_empty_space] &nbsp; CAP\u00cdTULO I &#8211; DA DENOMINA\u00c7\u00c3O, NATUREZA, SEDE, FORO E FINALIDADE Artigo 1 \u2013 A Associa\u00e7\u00e3o Brasileira de Pesquisadores em Cibercultura \u2013 doravante designada por Associa\u00e7\u00e3o ou por sua respectiva sigla, ABCiber \u2013, fundada em 27 de setembro de 2006, \u00e9 uma entidade de car\u00e1ter cient\u00edfico-cultural, interdisciplinar, de \u00e2mbito nacional, sem fins lucrativos, com dura\u00e7\u00e3o de tempo indeterminado e com sede no Munic\u00edpio de S\u00e3o Paulo, Estado de S\u00e3o Paulo, \u00e0 Rua Ministro Godoy, 969, 4. andar, bloco B, sala 4A-08, Perdizes, S\u00e3o Paulo\/SP, CEP 05.015-901. Artigo 2 \u2013\u00a0 Em raz\u00e3o da pra\u00e7a de sua funda\u00e7\u00e3o, a Associa\u00e7\u00e3o ter\u00e1 foro na Comarca de S.Paulo, Estado de S\u00e3o Paulo. Artigo 3 \u2013 A ABCiber visa reunir pesquisadores, profissionais e estudantes que t\u00eam a cibercultura (encarada nos termos do Artigo 8, inciso I) e\/ou seus processos e fatores constitutivos como objeto de interesse e\/ou preocupa\u00e7\u00e3o principal. Artigo 4 \u2013\u00a0 A Associa\u00e7\u00e3o ter\u00e1 v\u00ednculo formal e referencial \u2013 sem, por\u00e9m, exclusividade \u2013 com a \u00e1rea de Comunica\u00e7\u00e3o, para efeito de sinaliza\u00e7\u00e3o a ag\u00eancias de fomento e demais institui\u00e7\u00f5es p\u00fablicas e privadas, em demandas por solicita\u00e7\u00e3o de parceria e\/ou verba destinada ao cumprimento de suas metas institucionais e objetivos program\u00e1ticos. &nbsp;[\/vc_column_text][vc_btn title=&#8221;Estatuto em PDF&#8221; i_icon_fontawesome=&#8221;fa fa-file-pdf-o&#8221; add_icon=&#8221;true&#8221; link=&#8221;url:http%3A%2F%2Fabciber.org.br%2Festatuto_abciber_out09.pdf||target:%20_blank|&#8221;][\/vc_column][\/vc_row]<\/p>\n","protected":false},"author":1,"featured_media":0,"parent":0,"menu_order":0,"comment_status":"closed","ping_status":"closed","template":"","meta":{"footnotes":""},"class_list":["post-13798","page","type-page","status-publish","hentry"],"_links":{"self":[{"href":"https:\/\/abciber.org.br\/site\/wp-json\/wp\/v2\/pages\/13798","targetHints":{"allow":["GET"]}}],"collection":[{"href":"https:\/\/abciber.org.br\/site\/wp-json\/wp\/v2\/pages"}],"about":[{"href":"https:\/\/abciber.org.br\/site\/wp-json\/wp\/v2\/types\/page"}],"author":[{"embeddable":true,"href":"https:\/\/abciber.org.br\/site\/wp-json\/wp\/v2\/users\/1"}],"replies":[{"embeddable":true,"href":"https:\/\/abciber.org.br\/site\/wp-json\/wp\/v2\/comments?post=13798"}],"version-history":[{"count":10,"href":"https:\/\/abciber.org.br\/site\/wp-json\/wp\/v2\/pages\/13798\/revisions"}],"predecessor-version":[{"id":13966,"href":"https:\/\/abciber.org.br\/site\/wp-json\/wp\/v2\/pages\/13798\/revisions\/13966"}],"wp:attachment":[{"href":"https:\/\/abciber.org.br\/site\/wp-json\/wp\/v2\/media?parent=13798"}],"curies":[{"name":"wp","href":"https:\/\/api.w.org\/{rel}","templated":true}]}}