{"id":15346,"date":"2024-11-14T07:20:32","date_gmt":"2024-11-14T10:20:32","guid":{"rendered":"https:\/\/abciber.org.br\/site\/?page_id=15346"},"modified":"2025-08-19T13:59:37","modified_gmt":"2025-08-19T16:59:37","slug":"home-2-2-2","status":"publish","type":"page","link":"https:\/\/abciber.org.br\/site\/","title":{"rendered":"Home &#8212; copy"},"content":{"rendered":"[vc_row][vc_column][vc_column_text]\n\n[\/vc_column_text][\/vc_column][\/vc_row][vc_row][vc_column][rev_slider_vc alias=&#8221;madison-rev-slider1&#8243;][vc_row_inner][vc_column_inner][vc_text_separator title=&#8221;Sobre a ABCiber&#8221; i_icon_fontawesome=&#8221;fa fa-users&#8221; i_color=&#8221;custom&#8221; title_align=&#8221;separator_align_left&#8221; color=&#8221;black&#8221; style=&#8221;dotted&#8221; add_icon=&#8221;true&#8221; i_custom_color=&#8221;#fea304&#8243;][vc_column_text]\n<p>A ABCiber (<strong>Associa\u00e7\u00e3o Brasileira de Pesquisadores em Cibercultura<\/strong>) \u00e9 uma entidade cient\u00edfica e cultural, interdisciplinar e sem fins lucrativos, fundada em 2006, com sede em S\u00e3o Paulo-SP. Sua miss\u00e3o principal \u00e9 congregar pesquisadores(as), grupos de pesquisa, institui\u00e7\u00f5es acad\u00eamicas e entidades brasileiras do campo de estudos da cibercultura&#8230;. <a href=\"https:\/\/abciber.org.br\/site\/abciber-historico\">saiba mais<\/a><\/p>\n[\/vc_column_text][vc_text_separator title=&#8221;Reuni\u00e3o de CCD e Assembleia Geral de Associados 2025&#8243; i_icon_fontawesome=&#8221;fa fa-calendar&#8221; i_color=&#8221;custom&#8221; title_align=&#8221;separator_align_left&#8221; color=&#8221;black&#8221; style=&#8221;dotted&#8221; add_icon=&#8221;true&#8221; i_custom_color=&#8221;#fea304&#8243;][vc_column_text]\n<div class=\"gmail_default\">\n<p><span style=\"color: #000000;\">\u00a0 \u00a0. <span style=\"color: #333333;\">XXXI Reuni\u00e3o ordin\u00e1ria do Conselho Cient\u00edfico Deliberativo da ABCiber &#8211; convocat\u00f3ria<\/span> (<a href=\"https:\/\/abciber.org.br\/site\/2025\/07\/20\/xxxi-reuniao-ordinaria-do-conselho-cientifico-deliberativo\/\">saiba mais<\/a>)<\/span><\/p>\n<\/div>\n<div class=\"gmail_default\">\n<p><span style=\"color: #000000;\">\u00a0 <span style=\"color: #333333;\">\u00a0. XXXI Reuni\u00e3o ordin\u00e1ria do Conselho Cient\u00edfico Deliberativo da ABCiber &#8211; pauta (<a href=\"https:\/\/abciber.org.br\/site\/2025\/08\/19\/xxxi-reuniao-ordinaria-do-conselho-cientifico-deliberativo-2\/\">saiba mais<\/a>)<\/span><\/span><\/p>\n<\/div>\n<div class=\"gmail_default\">\n<p><span style=\"color: #333333;\">\u00a0 \u00a0<\/span><\/p>\n<\/div>\n[\/vc_column_text][vc_text_separator title=&#8221;Not\u00edcias&#8221; i_icon_fontawesome=&#8221;fa fa-newspaper-o&#8221; i_color=&#8221;custom&#8221; title_align=&#8221;separator_align_left&#8221; color=&#8221;black&#8221; style=&#8221;dotted&#8221; add_icon=&#8221;true&#8221; i_custom_color=&#8221;#fea304&#8243;]\n<div class=\"container latestposts-seven\">\n\t\t<div class=\"col-md-4 col-sm-4\"><article class=\"latest-b\">\n\t\t<figure class=\"latest-img\"><a href=\"https:\/\/abciber.org.br\/site\/2025\/11\/28\/xviii-simposio-reune-pesquisadores-da-cibercultura-e-das-decolonialidades\/\" title=\"XVIII Simp\u00f3sio re\u00fane pesquisadores da cibercultura e das decolonialidades\"><img fetchpriority=\"high\" decoding=\"async\" src=\"https:\/\/abciber.org.br\/site\/wp-content\/uploads\/2025\/11\/Santaella-e-Mirian-420x280.jpg\" alt=\"XVIII Simp\u00f3sio re\u00fane pesquisadores da cibercultura e das decolonialidades\" class=\"landscape thumbnail michigan_webnus_blog3_img\" width=\"420\" height=\"280\" \/><\/a><\/figure>\n\t\t  \t<div class=\"wrap-date-icons\">\n\t\t\t    <h3 class=\"latest-date\">\n\t\t\t    \t<span class=\"latest-date-month\">nov<\/span>\n\t\t\t    \t<span class=\"latest-date-day\">28<\/span>\n\t\t\t    \t<span class=\"latest-date-year\">2025<\/span>\n\t\t\t    <\/h3>\n\t\t\t    <div class=\"latest-icons\">\n\t\t\t    \t<p>\n\t\t\t    \t\t<span><i class=\"fa-eye\"><\/i><\/span>\n\t\t\t    \t<\/p>\n\t\t\t    \t<p>\n\t\t\t            <span>173<\/span>\n\t\t\t\t    <\/p>\n\t\t\t    <\/div>\n\t\t\t<\/div>\n\t\t\t<div class=\"latest-content\">\n\t\t\t    <h6 class=\"latest-cat\"><a href=\"https:\/\/abciber.org.br\/site\/category\/2025\/\" rel=\"category tag\">2025<\/a>, <a href=\"https:\/\/abciber.org.br\/site\/category\/abciber\/\" rel=\"category tag\">ABCiber<\/a>, <a href=\"https:\/\/abciber.org.br\/site\/category\/noticias\/\" rel=\"category tag\">Not\u00edcias<\/a><\/h6>\n\t\t\t\t<h3 class=\"latest-title\"><a href=\"https:\/\/abciber.org.br\/site\/2025\/11\/28\/xviii-simposio-reune-pesquisadores-da-cibercultura-e-das-decolonialidades\/\">XVIII Simp\u00f3sio re\u00fane pesquisadores da cibercultura e das decolonialidades<\/a><\/h3>\n\t\t\t\t<h6 class=\"latest-author\"><strong>by<\/strong> <a href=\"https:\/\/abciber.org.br\/site\/profile\/abciber\/\" title=\"Posts de abciber\" rel=\"author\">abciber<\/a><\/h6>\n\t\t\t<\/div>\n\t    <\/article><\/div> \t\t<div class=\"col-md-4 col-sm-4\"><article class=\"latest-b\">\n\t\t<figure class=\"latest-img\"><a href=\"https:\/\/abciber.org.br\/site\/2025\/10\/31\/programacao-completa-do-xviii-simposio-nacional\/\" title=\"Programa\u00e7\u00e3o completa do XVIII Simp\u00f3sio Nacional\"><img decoding=\"async\" src=\"https:\/\/abciber.org.br\/site\/wp-content\/uploads\/2025\/10\/1500x500-1-420x280.png\" alt=\"Programa\u00e7\u00e3o completa do XVIII Simp\u00f3sio Nacional\" class=\"landscape thumbnail michigan_webnus_blog3_img\" width=\"420\" height=\"280\" \/><\/a><\/figure>\n\t\t  \t<div class=\"wrap-date-icons\">\n\t\t\t    <h3 class=\"latest-date\">\n\t\t\t    \t<span class=\"latest-date-month\">out<\/span>\n\t\t\t    \t<span class=\"latest-date-day\">31<\/span>\n\t\t\t    \t<span class=\"latest-date-year\">2025<\/span>\n\t\t\t    <\/h3>\n\t\t\t    <div class=\"latest-icons\">\n\t\t\t    \t<p>\n\t\t\t    \t\t<span><i class=\"fa-eye\"><\/i><\/span>\n\t\t\t    \t<\/p>\n\t\t\t    \t<p>\n\t\t\t            <span>1173<\/span>\n\t\t\t\t    <\/p>\n\t\t\t    <\/div>\n\t\t\t<\/div>\n\t\t\t<div class=\"latest-content\">\n\t\t\t    <h6 class=\"latest-cat\"><a href=\"https:\/\/abciber.org.br\/site\/category\/2025\/\" rel=\"category tag\">2025<\/a>, <a href=\"https:\/\/abciber.org.br\/site\/category\/abciber\/\" rel=\"category tag\">ABCiber<\/a>, <a href=\"https:\/\/abciber.org.br\/site\/category\/cibercultura\/\" rel=\"category tag\">Cibercultura<\/a>, <a href=\"https:\/\/abciber.org.br\/site\/category\/noticias\/\" rel=\"category tag\">Not\u00edcias<\/a>, <a href=\"https:\/\/abciber.org.br\/site\/category\/xviii-simposio-nacional\/\" rel=\"category tag\">XVIII SIMP\u00d3SIO NACIONAL<\/a><\/h6>\n\t\t\t\t<h3 class=\"latest-title\"><a href=\"https:\/\/abciber.org.br\/site\/2025\/10\/31\/programacao-completa-do-xviii-simposio-nacional\/\">Programa\u00e7\u00e3o completa do XVIII Simp\u00f3sio Nacional<\/a><\/h3>\n\t\t\t\t<h6 class=\"latest-author\"><strong>by<\/strong> <a href=\"https:\/\/abciber.org.br\/site\/profile\/abciber\/\" title=\"Posts de abciber\" rel=\"author\">abciber<\/a><\/h6>\n\t\t\t<\/div>\n\t    <\/article><\/div> \t\t<div class=\"col-md-4 col-sm-4\"><article class=\"latest-b\">\n\t\t<figure class=\"latest-img\"><\/figure>\n\t\t  \t<div class=\"wrap-date-icons\">\n\t\t\t    <h3 class=\"latest-date\">\n\t\t\t    \t<span class=\"latest-date-month\">out<\/span>\n\t\t\t    \t<span class=\"latest-date-day\">25<\/span>\n\t\t\t    \t<span class=\"latest-date-year\">2025<\/span>\n\t\t\t    <\/h3>\n\t\t\t    <div class=\"latest-icons\">\n\t\t\t    \t<p>\n\t\t\t    \t\t<span><i class=\"fa-eye\"><\/i><\/span>\n\t\t\t    \t<\/p>\n\t\t\t    \t<p>\n\t\t\t            <span>254<\/span>\n\t\t\t\t    <\/p>\n\t\t\t    <\/div>\n\t\t\t<\/div>\n\t\t\t<div class=\"latest-content\">\n\t\t\t    <h6 class=\"latest-cat\"><a href=\"https:\/\/abciber.org.br\/site\/category\/2025\/\" rel=\"category tag\">2025<\/a>, <a href=\"https:\/\/abciber.org.br\/site\/category\/abciber\/\" rel=\"category tag\">ABCiber<\/a>, <a href=\"https:\/\/abciber.org.br\/site\/category\/cibercultura\/\" rel=\"category tag\">Cibercultura<\/a>, <a href=\"https:\/\/abciber.org.br\/site\/category\/xviii-simposio-nacional\/\" rel=\"category tag\">XVIII SIMP\u00d3SIO NACIONAL<\/a><\/h6>\n\t\t\t\t<h3 class=\"latest-title\"><a href=\"https:\/\/abciber.org.br\/site\/2025\/10\/25\/veja-aqui-os-resultados-do-edital-de-oficinas-e-minicursos-para-o-xviii-simposio-abciber\/\">Veja aqui os resultados do edital de oficinas e minicursos para o XVIII Simp\u00f3sio ABCiber<\/a><\/h3>\n\t\t\t\t<h6 class=\"latest-author\"><strong>by<\/strong> <a href=\"https:\/\/abciber.org.br\/site\/profile\/abciber\/\" title=\"Posts de abciber\" rel=\"author\">abciber<\/a><\/h6>\n\t\t\t<\/div>\n\t    <\/article><\/div> <\/div>\n[\/vc_column_inner][vc_column_inner][\/vc_column_inner][\/vc_row_inner][vc_text_separator title=&#8221;Encontre o que voc\u00ea procura&#8221; i_icon_fontawesome=&#8221;fa fa-university&#8221; i_color=&#8221;custom&#8221; title_align=&#8221;separator_align_left&#8221; color=&#8221;black&#8221; style=&#8221;dotted&#8221; add_icon=&#8221;true&#8221; i_custom_color=&#8221;#fea304&#8243;][vc_row_inner css=&#8221;.vc_custom_1707481898552{background-color: #ffffff !important;}&#8221;][vc_column_inner width=&#8221;1\/4&#8243;]<article class=\"icon-box16     \" style=\"background:;\"><a href=\"https:\/\/abciber.org.br\/site\/publicacoes\/\"><i class=\"fa-clipboard \" style=\" color:#fea304;\"><\/i><\/a><h4>Anais <\/h4><\/article>[\/vc_column_inner][vc_column_inner width=&#8221;1\/4&#8243;]<article class=\"icon-box16     \" style=\"background:;\"><a href=\"https:\/\/abciber.org.br\/site\/certificados\/\"><i class=\"icon-gift \" style=\" color:#fea304;\"><\/i><\/a><h4>Certificados<\/h4><\/article>[\/vc_column_inner][vc_column_inner width=&#8221;1\/4&#8243;]<article class=\"icon-box16     \" style=\"background:;\"><a href=\"https:\/\/abciber.org.br\/site\/eventos\/\"><i class=\"sl-calendar \" style=\" color:#fea304;\"><\/i><\/a><h4>Eventos<\/h4><\/article>[\/vc_column_inner][vc_column_inner width=&#8221;1\/4&#8243;]<article class=\"icon-box16     \" style=\"background:;\"><a href=\"https:\/\/abciber.org.br\/site\/abciber-associado\/\"><i class=\"sl-people \" style=\" color:#fea304;\"><\/i><\/a><h4>Associe-se<\/h4><\/article>[\/vc_column_inner][\/vc_row_inner][vc_row_inner css=&#8221;.vc_custom_1707481898552{background-color: #ffffff !important;}&#8221;][vc_column_inner width=&#8221;1\/4&#8243;]<article class=\"icon-box16     \" style=\"background:;\"><a href=\"https:\/\/abciber.org.br\/site\/na-midia\/\"><i class=\"fa-newspaper-o \" style=\" color:#fea304;\"><\/i><\/a><h4>Na M\u00eddia<\/h4><\/article>[\/vc_column_inner][vc_column_inner width=&#8221;1\/4&#8243;]<article class=\"icon-box16     \" style=\"background:;\"><a href=\"https:\/\/abciber.org.br\/site\/debates\"><i class=\"fa-comments \" style=\" color:#fea304;\"><\/i><\/a><h4>Debates<\/h4><\/article>[\/vc_column_inner][vc_column_inner width=&#8221;1\/4&#8243;]<article class=\"icon-box16     \" style=\"background:;\"><a href=\"https:\/\/abciber.org.br\/site\/ebooks-abciber\/\"><i class=\"li_display \" style=\" color:#fea304;\"><\/i><\/a><h4>Ebooks<\/h4><\/article>[\/vc_column_inner][vc_column_inner width=&#8221;1\/4&#8243;]<article class=\"icon-box16     \" style=\"background:;\"><a href=\"http:\/\/abciber.org.br\/site\/dossie\"><i class=\"icon-book-open \" style=\" color:#fea304;\"><\/i><\/a><h4>Dossi\u00ea Digital<\/h4><\/article>[\/vc_column_inner][\/vc_row_inner][\/vc_column][\/vc_row][vc_row row_type=&#8221;2&#8243;][vc_column width=&#8221;2\/3&#8243; css=&#8221;.vc_custom_1468738202791{padding-right: 0px !important;}&#8221;]<hr class=\"vertical-space1\">[vc_column_text css_animation=&#8221;none&#8221; el_class=&#8221;nopadd&#8221;]\n<h5 style=\"margin-bottom: 27px; padding-right: 30px;\"><strong><span style=\"color: #303133;\">Associe-se \u00e0 ABCiber<\/span><\/strong><\/h5>\n<p><span style=\"color: #303133;\">Apoie a pesquisa cient\u00edfica e associe-se \u00e0 ABCiber. A filia\u00e7\u00e3o anual oferece descontos significativos em todos os eventos promovidos pela ABCiber em territ\u00f3rio nacional.<\/span><\/p>\n<p><a href=\"https:\/\/abciber.org.br\/site\/abciber-socios\/\">Saiba mais<\/a><\/p>\n[\/vc_column_text][\/vc_column][vc_column width=&#8221;1\/3&#8243; css=&#8221;.vc_custom_1528747875015{padding-left: 0px !important;background-color: #727272 !important;}&#8221; el_class=&#8221;custom-btn-light&#8221;][vc_row_inner gap=&#8221;4&#8243;][vc_column_inner][vc_column_text]\n<p><strong><br \/><\/strong><strong>\u00a0 \u00a0 \u00a0 <span style=\"color: #ffffff;\">Categorias<\/span><\/strong><\/p>\n<ul>\n<li>Alunos de Gradua\u00e7\u00e3o<\/li>\n<li>Alunos de P\u00f3s-Gradua\u00e7\u00e3o<\/li>\n<li>Profissionais de Educa\u00e7\u00e3o<\/li>\n<li>Profissionais de Mercado<\/li>\n<\/ul>\n[\/vc_column_text][\/vc_column_inner][\/vc_row_inner][\/vc_column][\/vc_row][vc_row][vc_column][vc_column_text]\n\n\n\n[\/vc_column_text][\/vc_column][\/vc_row][vc_row][vc_column][vc_text_separator title=&#8221;Institui\u00e7\u00f5es e\/ou entidades parceiras&#8221; i_icon_fontawesome=&#8221;fa fa-connectdevelop&#8221; i_color=&#8221;custom&#8221; title_align=&#8221;separator_align_left&#8221; color=&#8221;black&#8221; style=&#8221;dotted&#8221; add_icon=&#8221;true&#8221; i_custom_color=&#8221;#fea304&#8243;][\/vc_column][\/vc_row][vc_row row_id=&#8221;linha-filiacoes&#8221;][vc_column width=&#8221;1\/4&#8243;][vc_single_image image=&#8221;9290&#8243; onclick=&#8221;custom_link&#8221; img_link_target=&#8221;_blank&#8221; link=&#8221;http:\/\/portal.sbpcnet.org.br\/&#8221;][\/vc_column][vc_column width=&#8221;1\/4&#8243;][vc_single_image image=&#8221;9296&#8243; onclick=&#8221;custom_link&#8221; img_link_target=&#8221;_blank&#8221; link=&#8221;https:\/\/socicom.org.br\/&#8221;][\/vc_column][vc_column width=&#8221;1\/4&#8243;][vc_single_image image=&#8221;13291&#8243; img_size=&#8221;88&#215;88&#8243; onclick=&#8221;custom_link&#8221; img_link_target=&#8221;_blank&#8221; link=&#8221;https:\/\/rncd.org\/&#8221;][\/vc_column][vc_column width=&#8221;1\/4&#8243;][vc_single_image image=&#8221;13293&#8243; onclick=&#8221;custom_link&#8221; img_link_target=&#8221;_blank&#8221; link=&#8221;https:\/\/www.sbenbio.org.br\/destaques\/forum-das-ciencias-humanas-sociais-sociais-aplicadas-letras-linguistica-e-artes-fchssalla\/&#8221;][\/vc_column][\/vc_row][vc_row][vc_column][vc_column_text][vc_row][vc_column width=&#8221;1\/1&#8243;][vc_column_text]\n\n\n[\/vc_column_text][\/vc_column][\/vc_row][vc_row][vc_column][vc_raw_html]JTNDc3R5bGUlM0UlMEEubGF0ZXN0cG9zdHMtc2l4JTIwaDMlN0IlMEFtaW4taGVpZ2h0JTNBJTIwODBweCUzQiUwQSU3RCUwQSUwQS52Y19jdXN0b21fMTUyODc0Nzg3NTAxNSUyMC53cGJfd3JhcHBlciUyMC53cGJfcm93JTdCJTBBJTIwJTIwJTIwJTIwYmFja2dyb3VuZCUzQSUyMCUyM2Y0ODM0MSUzQiUwQSUyMCUyMCUyMCUyMHBhZGRpbmctYm90dG9tJTNBJTIwMjVweCUzQiUwQSU3RCUwQSUzQyUyRnN0eWxlJTNF[\/vc_raw_html][\/vc_column][\/vc_row][vc_row][vc_column][vc_column_text]\n<p><!-- \/wp:paragraph -->[\/vc_column_text][\/vc_column][\/vc_row]","protected":false},"excerpt":{"rendered":"<p>[vc_row][vc_column][vc_column_text] [\/vc_column_text][\/vc_column][\/vc_row][vc_row][vc_column][vc_text_separator title=&#8221;Institui\u00e7\u00f5es e\/ou entidades parceiras&#8221; i_icon_fontawesome=&#8221;fa fa-connectdevelop&#8221; i_color=&#8221;custom&#8221; title_align=&#8221;separator_align_left&#8221; color=&#8221;black&#8221; style=&#8221;dotted&#8221; add_icon=&#8221;true&#8221; i_custom_color=&#8221;#fea304&#8243;][\/vc_column][\/vc_row][vc_row row_id=&#8221;linha-filiacoes&#8221;][vc_column width=&#8221;1\/4&#8243;][vc_single_image image=&#8221;9290&#8243; onclick=&#8221;custom_link&#8221; img_link_target=&#8221;_blank&#8221; link=&#8221;http:\/\/portal.sbpcnet.org.br\/&#8221;][\/vc_column][vc_column width=&#8221;1\/4&#8243;][vc_single_image image=&#8221;9296&#8243; onclick=&#8221;custom_link&#8221; img_link_target=&#8221;_blank&#8221; link=&#8221;https:\/\/socicom.org.br\/&#8221;][\/vc_column][vc_column width=&#8221;1\/4&#8243;][vc_single_image image=&#8221;13291&#8243; img_size=&#8221;88&#215;88&#8243; onclick=&#8221;custom_link&#8221; img_link_target=&#8221;_blank&#8221; link=&#8221;https:\/\/rncd.org\/&#8221;][\/vc_column][vc_column width=&#8221;1\/4&#8243;][vc_single_image image=&#8221;13293&#8243; onclick=&#8221;custom_link&#8221; img_link_target=&#8221;_blank&#8221; link=&#8221;https:\/\/www.sbenbio.org.br\/destaques\/forum-das-ciencias-humanas-sociais-sociais-aplicadas-letras-linguistica-e-artes-fchssalla\/&#8221;][\/vc_column][\/vc_row][vc_row][vc_column][vc_column_text][vc_row][vc_column width=&#8221;1\/1&#8243;][vc_column_text] [\/vc_column_text][\/vc_column][\/vc_row][vc_row][vc_column][vc_raw_html]JTNDc3R5bGUlM0UlMEEubGF0ZXN0cG9zdHMtc2l4JTIwaDMlN0IlMEFtaW4taGVpZ2h0JTNBJTIwODBweCUzQiUwQSU3RCUwQSUwQS52Y19jdXN0b21fMTUyODc0Nzg3NTAxNSUyMC53cGJfd3JhcHBlciUyMC53cGJfcm93JTdCJTBBJTIwJTIwJTIwJTIwYmFja2dyb3VuZCUzQSUyMCUyM2Y0ODM0MSUzQiUwQSUyMCUyMCUyMCUyMHBhZGRpbmctYm90dG9tJTNBJTIwMjVweCUzQiUwQSU3RCUwQSUzQyUyRnN0eWxlJTNF[\/vc_raw_html][\/vc_column][\/vc_row][vc_row][vc_column][vc_column_text] [\/vc_column_text][\/vc_column][\/vc_row]<\/p>\n","protected":false},"author":1,"featured_media":0,"parent":0,"menu_order":0,"comment_status":"closed","ping_status":"closed","template":"","meta":{"footnotes":""},"class_list":["post-15346","page","type-page","status-publish","hentry"],"_links":{"self":[{"href":"https:\/\/abciber.org.br\/site\/wp-json\/wp\/v2\/pages\/15346","targetHints":{"allow":["GET"]}}],"collection":[{"href":"https:\/\/abciber.org.br\/site\/wp-json\/wp\/v2\/pages"}],"about":[{"href":"https:\/\/abciber.org.br\/site\/wp-json\/wp\/v2\/types\/page"}],"author":[{"embeddable":true,"href":"https:\/\/abciber.org.br\/site\/wp-json\/wp\/v2\/users\/1"}],"replies":[{"embeddable":true,"href":"https:\/\/abciber.org.br\/site\/wp-json\/wp\/v2\/comments?post=15346"}],"version-history":[{"count":7,"href":"https:\/\/abciber.org.br\/site\/wp-json\/wp\/v2\/pages\/15346\/revisions"}],"predecessor-version":[{"id":15700,"href":"https:\/\/abciber.org.br\/site\/wp-json\/wp\/v2\/pages\/15346\/revisions\/15700"}],"wp:attachment":[{"href":"https:\/\/abciber.org.br\/site\/wp-json\/wp\/v2\/media?parent=15346"}],"curies":[{"name":"wp","href":"https:\/\/api.w.org\/{rel}","templated":true}]}}