{"id":9534,"date":"2018-06-22T19:31:02","date_gmt":"2018-06-22T22:31:02","guid":{"rendered":"http:\/\/abciber.org.br\/demo2\/?page_id=9534"},"modified":"2026-05-04T08:05:53","modified_gmt":"2026-05-04T11:05:53","slug":"anais-eletronicos-simposio-nacional","status":"publish","type":"page","link":"https:\/\/abciber.org.br\/site\/anais-eletronicos-simposio-nacional\/","title":{"rendered":"Anais Eletr\u00f4nicos &#8211; Simp\u00f3sio Nacional"},"content":{"rendered":"[vc_row row_type=&#8221;2&#8243; blox_image=&#8221;13690&#8243; page_title=&#8221;page-title-x&#8221; blox_dark=&#8221;true&#8221; blox_bgcolor=&#8221;#282828&#8243;][vc_column css=&#8221;.vc_custom_1466323235150{padding-top: 8px !important;}&#8221;]<hr class=\"vertical-space5\"><hr class=\"vertical-space5\"><hr class=\"vertical-space5\"><hr class=\"vertical-space4\"><hr class=\"vertical-space1\">[vc_column_text]\n<h4 style=\"font-size: 36px;\"><strong>\u00a0<\/strong><\/h4>\n[\/vc_column_text]<hr class=\"vertical-space2\">[\/vc_column][\/vc_row][vc_row row_type=&#8221;2&#8243; blox_bgcolor=&#8221;#f6f6f8&#8243;][vc_column width=&#8221;2\/3&#8243; css=&#8221;.vc_custom_1468734530362{padding-right: 0px !important;}&#8221;]<hr class=\"vertical-space1\">[vc_column_text css_animation=&#8221;none&#8221; css=&#8221;.vc_custom_1777892746217{padding-right: 5px !important;}&#8221;][vc_empty_space] <h2 class=\"big-title1\">XVIII Simp\u00f3sio Nacional da ABCiber 2025<\/h2>\n<p>Cibercultura e Perspectivas Decoloniais: Futuros Alternativos \u00e0s Big Techs<\/p>\n<p><strong>Promo\u00e7\u00e3o<\/strong>: ABCiber<\/p>\n<p>A d\u00e9cima oitava edi\u00e7\u00e3o do Simp\u00f3sio Nacional da Associa\u00e7\u00e3o Brasileira de Pesquisadores em Cibercultura (ABCiber) traz como eixo tem\u00e1tico central a proposi\u00e7\u00e3o de um debate sobre Cibercultura e Perspectivas Decoloniais: Futuros Alternativos \u00e0s Big Techs. A abordagem foi idealizada a partir do assombro diante dos impasses vividos pelo mundo e pela ci\u00eancia com a nova etapa de avan\u00e7o de modelos tecnol\u00f3gicos centralizadores, controlados por conglomerados transnacionais que procuram se sobrepor \u00e0 legisla\u00e7\u00e3o e \u00e0s culturas locais. A escolha tem\u00e1tica pretende trazer \u00e0 tona estudos que partem de cosmovis\u00f5es diversas e multiculturais, oferecendo caminhos alternativos ao controle crescente das pol\u00edticas algor\u00edtmicas hegem\u00f4nicas apresentadas ao mundo como solu\u00e7\u00f5es universais.<\/p>\n<p>Veja tambem : <a href=\"https:\/\/abciber.org.br\/site\/anais-eletronicos-editorial\/\">Editorial<\/a>, <a href=\"https:\/\/abciber.org.br\/site\/anais-eletronicos-ficha-tecnica\/\">Ficha T\u00e9cnica<\/a><\/p>\n<p>&nbsp;[\/vc_column_text][\/vc_column][\/vc_row][vc_row][vc_column]<hr class=\"vertical-space1\">[vc_column_text][vc_empty_space] <h2 class=\"big-title1\">Anais Eletr\u00f4nicos<\/h2>\n<p>Consulte abaixo os anais eletr\u00f4nicos.<\/p>\n<p>Acesse a p\u00e1gina de <a href=\"https:\/\/abciber.org.br\/site\/eventos\/\">Eventos<\/a> para mais detalhes sobre cada edi\u00e7\u00e3o do Simp\u00f3sio Nacional da ABCiber.<\/p>\n[\/vc_column_text][vc_row_inner][vc_column_inner width=&#8221;1\/4&#8243;]<article class=\"icon-box7     \" style=\"background:;\"><a target=\"_blank\" href=\"https:\/\/abciber.org.br\/eventos\/ojs3\/index.php\/simposio2025\/issue\/view\/simposio2025\"><i class=\"icon-download \" style=\"\"><\/i><\/a><h4>2025<\/h4><p>XVIII Simp\u00f3sio da ABCiber, S\u00e3o Paulo, SP<\/p><a target=\"_blank\"  class=\"magicmore\" href=\"https:\/\/abciber.org.br\/eventos\/ojs3\/index.php\/simposio2025\/issue\/view\/simposio2025\">Acesse os anais<\/a><\/article>[\/vc_column_inner][vc_column_inner width=&#8221;1\/4&#8243;]<article class=\"icon-box7     \" style=\"background:;\"><a target=\"_blank\" href=\"https:\/\/abciber.org.br\/eventos\/ojs3\/index.php\/simposio\/issue\/view\/simposio2024\"><i class=\"icon-download \" style=\"\"><\/i><\/a><h4>2024<\/h4><p>XVII Simp\u00f3sio da ABCiber, Florian\u00f3polis, SC<\/p><a target=\"_blank\"  class=\"magicmore\" href=\"https:\/\/abciber.org.br\/eventos\/ojs3\/index.php\/simposio\/issue\/view\/simposio2024\">Acesse os anais<\/a><\/article>[\/vc_column_inner][vc_column_inner width=&#8221;1\/4&#8243;][\/vc_column_inner][vc_column_inner width=&#8221;1\/4&#8243;][\/vc_column_inner][\/vc_row_inner][vc_row_inner][vc_column_inner width=&#8221;1\/4&#8243;]<article class=\"icon-box7     \" style=\"background:;\"><a target=\"_blank\" href=\"https:\/\/abciber.org.br\/simposios\/index.php\/abciber\/abciber16\/schedConf\/presentations\"><i class=\"icon-download \" style=\"\"><\/i><\/a><h4>2023<\/h4><p>XVI Simp\u00f3sio da ABCiber, Santa Maria,, RS<\/p><a target=\"_blank\"  class=\"magicmore\" href=\"https:\/\/abciber.org.br\/simposios\/index.php\/abciber\/abciber16\/schedConf\/presentations\">Acesse os anais<\/a><\/article>[\/vc_column_inner][vc_column_inner width=&#8221;1\/4&#8243;]<article class=\"icon-box7     \" style=\"background:;\"><a target=\"_blank\" href=\"https:\/\/abciber.org.br\/simposios\/index.php\/abciber\/abciber15\/schedConf\/presentations\"><i class=\"icon-download \" style=\"\"><\/i><\/a><h4>2022<\/h4><p>XV Simp\u00f3sio da ABCiber, S\u00e3o Paulo, SP<\/p>\n<a target=\"_blank\"  class=\"magicmore\" href=\"https:\/\/abciber.org.br\/simposios\/index.php\/abciber\/abciber15\/schedConf\/presentations\">Acesse os anais<\/a><\/article>[\/vc_column_inner][vc_column_inner width=&#8221;1\/4&#8243;]<article class=\"icon-box7     \" style=\"background:;\"><a target=\"_blank\" href=\"https:\/\/abciber.org.br\/simposios\/index.php\/abciber\/abciber14\/schedConf\/presentations\"><i class=\"icon-download \" style=\"\"><\/i><\/a><h4>2021<\/h4><p>XIV Simp\u00f3sio da ABCiber, S\u00e3o Paulo, SP<\/p><a target=\"_blank\"  class=\"magicmore\" href=\"https:\/\/abciber.org.br\/simposios\/index.php\/abciber\/abciber14\/schedConf\/presentations\">Acesse os anais<\/a><\/article>[\/vc_column_inner][vc_column_inner width=&#8221;1\/4&#8243;]<article class=\"icon-box7     \" style=\"background:;\"><a target=\"_blank\" href=\"https:\/\/abciber.org.br\/simposios\/index.php\/abciber\/abciber13\/schedConf\/presentations\"><i class=\"icon-download \" style=\"\"><\/i><\/a><h4>2020<\/h4><p>XIII Simp\u00f3sio da ABCiber, Rio de Janeiro, RJ<\/p><a target=\"_blank\"  class=\"magicmore\" href=\"https:\/\/abciber.org.br\/simposios\/index.php\/abciber\/abciber13\/schedConf\/presentations\">Acesse os anais<\/a><\/article>[\/vc_column_inner][\/vc_row_inner][vc_row_inner][vc_column_inner width=&#8221;1\/4&#8243;]<article class=\"icon-box7     \" style=\"background:;\"><a target=\"_blank\" href=\"https:\/\/www.abciber2019.sinteseeventos.com.br\/anais\/divisao\/artigoscientificos\"><i class=\"icon-download \" style=\"\"><\/i><\/a><h4>2019<\/h4><p>XII Simp\u00f3sio da ABCiber, Porto Alegre, RS<\/p><a target=\"_blank\"  class=\"magicmore\" href=\"https:\/\/www.abciber2019.sinteseeventos.com.br\/anais\/divisao\/artigoscientificos\">Acesse os anais<\/a><\/article>[\/vc_column_inner][vc_column_inner width=&#8221;1\/4&#8243;]<article class=\"icon-box7     \" style=\"background:;\"><a target=\"_blank\" href=\"http:\/\/abciber.org.br\/simposios\/index.php\/abciber\/abciber11\/schedConf\/presentations\"><i class=\"icon-download \" style=\"\"><\/i><\/a><h4>2018<\/h4><p>XI Simp\u00f3sio da ABCiber, Juiz de Fora, MG<\/p><a target=\"_blank\"  class=\"magicmore\" href=\"http:\/\/abciber.org.br\/simposios\/index.php\/abciber\/abciber11\/schedConf\/presentations\">Acesse os anais<\/a><\/article>[\/vc_column_inner][vc_column_inner width=&#8221;1\/4&#8243;]<article class=\"icon-box7     \" style=\"background:;\"><a target=\"_blank\" href=\"http:\/\/www.abciber.org.br\/anais-abciber-2017.pdf\"><i class=\"icon-download \" style=\"\"><\/i><\/a><h4>2017<\/h4><p>X Simp\u00f3sio da ABCiber, ECA\/USP, S\u00e3o Paulo, SP<\/p><a target=\"_blank\"  class=\"magicmore\" href=\"http:\/\/www.abciber.org.br\/anais-abciber-2017.pdf\">Acesse os anais<\/a><\/article>[\/vc_column_inner][vc_column_inner width=&#8221;1\/4&#8243;]<article class=\"icon-box7     \" style=\"background:;\"><a target=\"_blank\" href=\"http:\/\/www.abciber.org.br\/anaiseletronicos\/anais-eletronicos\/textos\/\"><i class=\"icon-download \" style=\"\"><\/i><\/a><h4>2016<\/h4><p>IX Simp\u00f3sio da ABCiber, PUC-SP, S\u00e3o Paulo, SP<\/p><a target=\"_blank\"  class=\"magicmore\" href=\"http:\/\/www.abciber.org.br\/anaiseletronicos\/anais-eletronicos\/textos\/\">Acesse os anais<\/a><\/article>[\/vc_column_inner][\/vc_row_inner][vc_row_inner][vc_column_inner width=&#8221;1\/4&#8243;]<article class=\"icon-box7     \" style=\"background:;\"><a target=\"_blank\" href=\"http:\/\/abciber.org.br\/simposio2014\/anais\"><i class=\"icon-download \" style=\"\"><\/i><\/a><h4>2014<\/h4><p>VIII Simp\u00f3sio da ABCiber, ESPM, S\u00e3o Paulo, SP<\/p><a target=\"_blank\"  class=\"magicmore\" href=\"http:\/\/abciber.org.br\/simposio2014\/anais\">Acesse os anais<\/a><\/article>[\/vc_column_inner][vc_column_inner width=&#8221;1\/4&#8243;]<article class=\"icon-box7     \" style=\"background:;\"><a target=\"_blank\" href=\"http:\/\/abciber.org.br\/simposio2013\/anais\/\"><i class=\"icon-download \" style=\"\"><\/i><\/a><h4>2013<\/h4><p>VII Simp\u00f3sio da ABCiber, Universidade Tuiuti, PR<\/p><a target=\"_blank\"  class=\"magicmore\" href=\"http:\/\/abciber.org.br\/simposio2013\/anais\/\">Acesse os anais<\/a><\/article>[\/vc_column_inner][vc_column_inner width=&#8221;1\/4&#8243;]<article class=\"icon-box7     \" style=\"background:;\"><a target=\"_blank\" href=\"http:\/\/abciber.org.br\/simposio2011\/anais\/\"><i class=\"icon-download \" style=\"\"><\/i><\/a><h4>2011<\/h4><p>V Simp\u00f3sio da ABCiber, Florian\u00f3polis, SC<\/p><a target=\"_blank\"  class=\"magicmore\" href=\"http:\/\/abciber.org.br\/simposio2011\/anais\/\">Acesse os anais<\/a><\/article>[\/vc_column_inner][vc_column_inner width=&#8221;1\/4&#8243;][\/vc_column_inner][\/vc_row_inner][\/vc_column][\/vc_row]\n","protected":false},"excerpt":{"rendered":"<p>[vc_row row_type=&#8221;2&#8243; blox_image=&#8221;13690&#8243; page_title=&#8221;page-title-x&#8221; blox_dark=&#8221;true&#8221; blox_bgcolor=&#8221;#282828&#8243;][vc_column css=&#8221;.vc_custom_1466323235150{padding-top: 8px !important;}&#8221;][vc_column_text] \u00a0 [\/vc_column_text][\/vc_column][\/vc_row][vc_row row_type=&#8221;2&#8243; blox_bgcolor=&#8221;#f6f6f8&#8243;][vc_column width=&#8221;2\/3&#8243; css=&#8221;.vc_custom_1468734530362{padding-right: 0px !important;}&#8221;][vc_column_text css_animation=&#8221;none&#8221; css=&#8221;.vc_custom_1777892746217{padding-right: 5px !important;}&#8221;][vc_empty_space] Cibercultura e Perspectivas Decoloniais: Futuros Alternativos \u00e0s Big Techs Promo\u00e7\u00e3o: ABCiber A d\u00e9cima oitava edi\u00e7\u00e3o do Simp\u00f3sio Nacional da Associa\u00e7\u00e3o Brasileira de Pesquisadores em Cibercultura (ABCiber) traz como eixo tem\u00e1tico central a proposi\u00e7\u00e3o de um debate sobre Cibercultura e Perspectivas Decoloniais: Futuros Alternativos \u00e0s Big Techs. A abordagem foi idealizada a partir do assombro diante dos impasses vividos pelo mundo e pela ci\u00eancia com a nova etapa de avan\u00e7o de modelos tecnol\u00f3gicos centralizadores, controlados por conglomerados transnacionais que procuram se sobrepor \u00e0 legisla\u00e7\u00e3o e \u00e0s culturas locais. A escolha tem\u00e1tica pretende trazer \u00e0 tona estudos que partem de cosmovis\u00f5es diversas e multiculturais, oferecendo caminhos alternativos ao controle crescente das pol\u00edticas algor\u00edtmicas hegem\u00f4nicas apresentadas ao mundo como solu\u00e7\u00f5es universais. Veja tambem : Editorial, Ficha T\u00e9cnica &nbsp;[\/vc_column_text][\/vc_column][\/vc_row][vc_row][vc_column][vc_column_text][vc_empty_space] Consulte abaixo os anais eletr\u00f4nicos. Acesse a p\u00e1gina de Eventos para mais detalhes sobre cada edi\u00e7\u00e3o do Simp\u00f3sio Nacional da ABCiber. [\/vc_column_text][vc_row_inner][vc_column_inner width=&#8221;1\/4&#8243;][\/vc_column_inner][vc_column_inner width=&#8221;1\/4&#8243;][\/vc_column_inner][vc_column_inner width=&#8221;1\/4&#8243;][\/vc_column_inner][vc_column_inner width=&#8221;1\/4&#8243;][\/vc_column_inner][\/vc_row_inner][vc_row_inner][vc_column_inner width=&#8221;1\/4&#8243;][\/vc_column_inner][vc_column_inner width=&#8221;1\/4&#8243;][\/vc_column_inner][vc_column_inner width=&#8221;1\/4&#8243;][\/vc_column_inner][vc_column_inner width=&#8221;1\/4&#8243;][\/vc_column_inner][\/vc_row_inner][vc_row_inner][vc_column_inner width=&#8221;1\/4&#8243;][\/vc_column_inner][vc_column_inner width=&#8221;1\/4&#8243;][\/vc_column_inner][vc_column_inner width=&#8221;1\/4&#8243;][\/vc_column_inner][vc_column_inner width=&#8221;1\/4&#8243;][\/vc_column_inner][\/vc_row_inner][vc_row_inner][vc_column_inner width=&#8221;1\/4&#8243;][\/vc_column_inner][vc_column_inner width=&#8221;1\/4&#8243;][\/vc_column_inner][vc_column_inner width=&#8221;1\/4&#8243;][\/vc_column_inner][vc_column_inner width=&#8221;1\/4&#8243;][\/vc_column_inner][\/vc_row_inner][\/vc_column][\/vc_row]<\/p>\n","protected":false},"author":1,"featured_media":0,"parent":0,"menu_order":0,"comment_status":"closed","ping_status":"closed","template":"","meta":{"footnotes":""},"class_list":["post-9534","page","type-page","status-publish","hentry"],"_links":{"self":[{"href":"https:\/\/abciber.org.br\/site\/wp-json\/wp\/v2\/pages\/9534","targetHints":{"allow":["GET"]}}],"collection":[{"href":"https:\/\/abciber.org.br\/site\/wp-json\/wp\/v2\/pages"}],"about":[{"href":"https:\/\/abciber.org.br\/site\/wp-json\/wp\/v2\/types\/page"}],"author":[{"embeddable":true,"href":"https:\/\/abciber.org.br\/site\/wp-json\/wp\/v2\/users\/1"}],"replies":[{"embeddable":true,"href":"https:\/\/abciber.org.br\/site\/wp-json\/wp\/v2\/comments?post=9534"}],"version-history":[{"count":67,"href":"https:\/\/abciber.org.br\/site\/wp-json\/wp\/v2\/pages\/9534\/revisions"}],"predecessor-version":[{"id":15934,"href":"https:\/\/abciber.org.br\/site\/wp-json\/wp\/v2\/pages\/9534\/revisions\/15934"}],"wp:attachment":[{"href":"https:\/\/abciber.org.br\/site\/wp-json\/wp\/v2\/media?parent=9534"}],"curies":[{"name":"wp","href":"https:\/\/api.w.org\/{rel}","templated":true}]}}