{"id":9787,"date":"2018-08-10T15:35:05","date_gmt":"2018-08-10T18:35:05","guid":{"rendered":"http:\/\/abciber.org.br\/site\/?page_id=9787"},"modified":"2026-05-04T07:57:41","modified_gmt":"2026-05-04T10:57:41","slug":"anais-eletronicos-ficha-tecnica","status":"publish","type":"page","link":"https:\/\/abciber.org.br\/site\/anais-eletronicos-ficha-tecnica\/","title":{"rendered":"Anais Eletr\u00f4nicos &#8211; Ficha T\u00e9cnica"},"content":{"rendered":"[vc_row row_type=&#8221;2&#8243; animate=&#8221;w-animate&#8221; blox_image=&#8221;13690&#8243; page_title=&#8221;page-title-x&#8221; blox_dark=&#8221;true&#8221; blox_bgcolor=&#8221;#282828&#8243;][vc_column css=&#8221;.vc_custom_1466323235150{padding-top: 8px !important;}&#8221;]<hr class=\"vertical-space5\"><hr class=\"vertical-space5\"><hr class=\"vertical-space5\"><hr class=\"vertical-space4\"><hr class=\"vertical-space1\">[vc_column_text]\n<h4 style=\"font-size: 36px;\"><strong>Anais Eletr\u00f4nicos : ISSN 2175-2389<br \/>\n<\/strong><\/h4>\n[\/vc_column_text]<hr class=\"vertical-space2\">[\/vc_column][\/vc_row][vc_row row_type=&#8221;2&#8243; blox_bgcolor=&#8221;#f6f6f8&#8243;][vc_column width=&#8221;2\/3&#8243; css=&#8221;.vc_custom_1468734530362{padding-right: 0px !important;}&#8221;]<hr class=\"vertical-space2\">[vc_column_text css_animation=&#8221;none&#8221; css=&#8221;.vc_custom_1777892233497{padding-right: 5px !important;}&#8221;]\n<h4 class=\"big-title1\">XVIII Simp\u00f3sio Nacional da ABCiber 2025<\/h4>\n<h4 style=\"font-size: 18px; line-height: 1.3; margin-bottom: 27px; padding-right: 30px;\"><strong><span style=\"color: #303133;\">Ficha T\u00e9cnica\u00a0<\/span><\/strong><\/h4>\n<p><b>Categoria do evento<\/b><br \/>\nEncontro de Associa\u00e7\u00e3o Cient\u00edfica Brasileira<\/p>\n<p>&nbsp;<\/p>\n<p><b>T\u00edtulo<\/b><br \/>\nXVIII Simp\u00f3sio Nacional da ABCiber Associa\u00e7\u00e3o Brasileira de Pesquisadores em Cibercultura<\/p>\n<p>&nbsp;<\/p>\n<p><b>Coordena\u00e7\u00e3o<\/b><br \/>\nMirian Meliani<\/p>\n<p><b>Per\u00edodo<\/b><br \/>\n11, 12 e 13 de novembro de 2025<\/p>\n<p>&nbsp;<\/p>\n<p><b>Promo\u00e7\u00e3o<\/b><br \/>\nABCiber<\/p>\n<p><b>Realiza\u00e7\u00e3o<\/b><br \/>\nFCL \u2013 Faculdade C\u00e1sper L\u00edbero<\/p>\n<p><b>Apoio<\/b><br \/>\nCNPq \u2013 UNIFAE &#8211; UFRRJ<\/p>\n<p><b>Organiza\u00e7\u00e3o<\/b><br \/>\nABCiber\/FCL<\/p>\n<p><b>Comiss\u00e3o Organizadora<\/b><\/p>\n<p><b>Coordena\u00e7\u00e3o Geral<\/b><br \/>\nMirian Meliani (ABCiber)<\/p>\n<p><b>Comiss\u00e3o de Programa\u00e7\u00e3o\/ Call For Papers<\/b><br \/>\nMirian Meliani<\/p>\n<p><b>Comiss\u00e3o Acad\u00eamica<\/b><br \/>\nMirian Meliani, Yara Guasque, Alessandra Marassi, Priscila Magossi, Bernardo Queiroz, Michelle Prazeres<\/p>\n<p><b>Comiss\u00e3o de Comunica\u00e7\u00e3o\/Divulga\u00e7\u00e3o<\/b><br \/>\nBernardo Queiroz, Priscila Magossi, Mateus Alves, Adriana Teixeira, Cristiane Sambugaro, Ricardo Tadeu N\u00f3brega<\/p>\n<p><b>Produ\u00e7\u00e3o Audiovisual<\/b><br \/>\nBernardo Queiroz, Marcelo Gon\u00e7alvez Correia, Hugo Maciel, Rafael Brunelli, Renato Tavares, Ricardo Tadeu N\u00f3brega.<\/p>\n<p><b>Comiss\u00e3o de Produ\u00e7\u00e3o e Credenciamento<\/b><br \/>\nLet\u00edcia Frigo, Alessandra Marassi, Vanessa Puerta, F\u00e1bio Ciquini, \u00c1gatha Paraventi.<\/p>\n<p><b>Gerenciamento de inscri\u00e7\u00f5es e correspond\u00eancia eletr\u00f4nica<\/b><br \/>\nVanessa Puerta, Priscila Magossi, Alexandre Barizon<\/p>\n<p><b>Desenvolvimento da plataforma submiss\u00f5es \/ gerenciamento sistemas TI<\/b><br \/>\nAlexandre Barizon, Priscila Magossi<\/p>\n<p><b>Arte\/Design Gr\u00e1fico<\/b><br \/>\nRicardo Tadeu N\u00f3brega, Priscila Magossi, Mateus Alves<\/p>\n<p><b>Assessoria de Imprensa e Rela\u00e7\u00f5es P\u00fablicas<\/b><br \/>\nBernardo Queiroz, Ricardo Tadeu N\u00f3brega, Mateus Alves, Agatha Paraventi<\/p>\n<p><b>Processos de Editais<\/b><br \/>\nFabio Moreira, Yara Guasque<\/p>\n<p><b>Local<\/b><br \/>\nOnline e presencial<br \/>\nFaculdade C\u00e1sper L\u00edbero<br \/>\nAv. Paulista, 900 3\u00ba &#8211; 5\u00ba e 6\u00ba andares &#8211; Bela Vista, S\u00e3o Paulo &#8211; SP, 01310-100<\/p>\n<p><b>Outras informa\u00e7\u00f5es<\/b><br \/>\nwww.abciber.org.br\u00a0 &#8211;\u00a0 https:\/\/abciber.casperlibero.edu.br\/<br \/>\nabciber@abciber.org.br<\/p>\n<p>&nbsp;<\/p>\n<p>&nbsp;<\/p>\n<p>&nbsp;[\/vc_column_text][\/vc_column][\/vc_row]\n","protected":false},"excerpt":{"rendered":"<p>[vc_row row_type=&#8221;2&#8243; animate=&#8221;w-animate&#8221; blox_image=&#8221;13690&#8243; page_title=&#8221;page-title-x&#8221; blox_dark=&#8221;true&#8221; blox_bgcolor=&#8221;#282828&#8243;][vc_column css=&#8221;.vc_custom_1466323235150{padding-top: 8px !important;}&#8221;][vc_column_text] Anais Eletr\u00f4nicos : ISSN 2175-2389 [\/vc_column_text][\/vc_column][\/vc_row][vc_row row_type=&#8221;2&#8243; blox_bgcolor=&#8221;#f6f6f8&#8243;][vc_column width=&#8221;2\/3&#8243; css=&#8221;.vc_custom_1468734530362{padding-right: 0px !important;}&#8221;][vc_column_text css_animation=&#8221;none&#8221; css=&#8221;.vc_custom_1777892233497{padding-right: 5px !important;}&#8221;] XVIII Simp\u00f3sio Nacional da ABCiber 2025 Ficha T\u00e9cnica\u00a0 Categoria do evento Encontro de Associa\u00e7\u00e3o Cient\u00edfica Brasileira &nbsp; T\u00edtulo XVIII Simp\u00f3sio Nacional da ABCiber Associa\u00e7\u00e3o Brasileira de Pesquisadores em Cibercultura &nbsp; Coordena\u00e7\u00e3o Mirian Meliani Per\u00edodo 11, 12 e 13 de novembro de 2025 &nbsp; Promo\u00e7\u00e3o ABCiber Realiza\u00e7\u00e3o FCL \u2013 Faculdade C\u00e1sper L\u00edbero Apoio CNPq \u2013 UNIFAE &#8211; UFRRJ Organiza\u00e7\u00e3o ABCiber\/FCL Comiss\u00e3o Organizadora Coordena\u00e7\u00e3o Geral Mirian Meliani (ABCiber) Comiss\u00e3o de Programa\u00e7\u00e3o\/ Call For Papers Mirian Meliani Comiss\u00e3o Acad\u00eamica Mirian Meliani, Yara Guasque, Alessandra Marassi, Priscila Magossi, Bernardo Queiroz, Michelle Prazeres Comiss\u00e3o de Comunica\u00e7\u00e3o\/Divulga\u00e7\u00e3o Bernardo Queiroz, Priscila Magossi, Mateus Alves, Adriana Teixeira, Cristiane Sambugaro, Ricardo Tadeu N\u00f3brega Produ\u00e7\u00e3o Audiovisual Bernardo Queiroz, Marcelo Gon\u00e7alvez Correia, Hugo Maciel, Rafael Brunelli, Renato Tavares, Ricardo Tadeu N\u00f3brega. Comiss\u00e3o de Produ\u00e7\u00e3o e Credenciamento Let\u00edcia Frigo, Alessandra Marassi, Vanessa Puerta, F\u00e1bio Ciquini, \u00c1gatha Paraventi. Gerenciamento de inscri\u00e7\u00f5es e correspond\u00eancia eletr\u00f4nica Vanessa Puerta, Priscila Magossi, Alexandre Barizon Desenvolvimento da plataforma submiss\u00f5es \/ gerenciamento sistemas TI Alexandre Barizon, Priscila Magossi Arte\/Design Gr\u00e1fico Ricardo Tadeu N\u00f3brega, Priscila Magossi, Mateus Alves Assessoria de Imprensa e Rela\u00e7\u00f5es P\u00fablicas Bernardo Queiroz, Ricardo Tadeu N\u00f3brega, Mateus Alves, Agatha Paraventi Processos de Editais Fabio Moreira, Yara Guasque Local Online e presencial Faculdade C\u00e1sper L\u00edbero Av. Paulista, 900 3\u00ba &#8211; 5\u00ba e 6\u00ba andares &#8211; Bela Vista, S\u00e3o Paulo &#8211; SP, 01310-100 Outras informa\u00e7\u00f5es www.abciber.org.br\u00a0 &#8211;\u00a0 https:\/\/abciber.casperlibero.edu.br\/ abciber@abciber.org.br &nbsp; &nbsp; &nbsp;[\/vc_column_text][\/vc_column][\/vc_row]<\/p>\n","protected":false},"author":1,"featured_media":0,"parent":0,"menu_order":0,"comment_status":"closed","ping_status":"closed","template":"","meta":{"footnotes":""},"class_list":["post-9787","page","type-page","status-publish","hentry"],"_links":{"self":[{"href":"https:\/\/abciber.org.br\/site\/wp-json\/wp\/v2\/pages\/9787","targetHints":{"allow":["GET"]}}],"collection":[{"href":"https:\/\/abciber.org.br\/site\/wp-json\/wp\/v2\/pages"}],"about":[{"href":"https:\/\/abciber.org.br\/site\/wp-json\/wp\/v2\/types\/page"}],"author":[{"embeddable":true,"href":"https:\/\/abciber.org.br\/site\/wp-json\/wp\/v2\/users\/1"}],"replies":[{"embeddable":true,"href":"https:\/\/abciber.org.br\/site\/wp-json\/wp\/v2\/comments?post=9787"}],"version-history":[{"count":10,"href":"https:\/\/abciber.org.br\/site\/wp-json\/wp\/v2\/pages\/9787\/revisions"}],"predecessor-version":[{"id":15929,"href":"https:\/\/abciber.org.br\/site\/wp-json\/wp\/v2\/pages\/9787\/revisions\/15929"}],"wp:attachment":[{"href":"https:\/\/abciber.org.br\/site\/wp-json\/wp\/v2\/media?parent=9787"}],"curies":[{"name":"wp","href":"https:\/\/api.w.org\/{rel}","templated":true}]}}