{"id":15642,"date":"2025-05-15T06:30:59","date_gmt":"2025-05-15T09:30:59","guid":{"rendered":"https:\/\/abciber.org.br\/site\/?post_type=product&#038;p=15642"},"modified":"2025-05-15T06:40:27","modified_gmt":"2025-05-15T09:40:27","slug":"simposio-nacional-da-abciber-2025-associacao-mestres-e-doutores","status":"publish","type":"product","link":"https:\/\/abciber.org.br\/site\/product\/simposio-nacional-da-abciber-2025-associacao-mestres-e-doutores\/","title":{"rendered":"Simp\u00f3sio Nacional da ABCiber 2025 + Associa\u00e7\u00e3o |  Mestres e Doutores"},"content":{"rendered":"<ul>\n<li><span style=\"color: #000000;\">Simp\u00f3sio Nacional da ABCiber de 2025<\/span><\/li>\n<li><span style=\"color: #000000;\">Associa\u00e7\u00e3o\/Anuidade \u00e0 ABCiber em 2025<\/span><\/li>\n<li><span style=\"color: #000000;\">Reservado para Mestres e\/ou Doutores<\/span><\/li>\n<\/ul>\n","protected":false},"excerpt":{"rendered":"<p>Simp\u00f3sio Nacional da ABCiber de 2025 Associa\u00e7\u00e3o\/Anuidade \u00e0 ABCiber em 2025 Reservado para Mestres e\/ou Doutores<\/p>\n","protected":false},"featured_media":15137,"template":"","meta":[],"class_list":{"0":"post-15642","1":"product","2":"type-product","3":"status-publish","4":"has-post-thumbnail","6":"product_cat-abciber2025eventoassociacao","8":"first","9":"instock","10":"virtual","11":"purchasable","12":"product-type-simple"},"_links":{"self":[{"href":"https:\/\/abciber.org.br\/site\/wp-json\/wp\/v2\/product\/15642","targetHints":{"allow":["GET"]}}],"collection":[{"href":"https:\/\/abciber.org.br\/site\/wp-json\/wp\/v2\/product"}],"about":[{"href":"https:\/\/abciber.org.br\/site\/wp-json\/wp\/v2\/types\/product"}],"wp:featuredmedia":[{"embeddable":true,"href":"https:\/\/abciber.org.br\/site\/wp-json\/wp\/v2\/media\/15137"}],"wp:attachment":[{"href":"https:\/\/abciber.org.br\/site\/wp-json\/wp\/v2\/media?parent=15642"}],"curies":[{"name":"wp","href":"https:\/\/api.w.org\/{rel}","templated":true}]}}