{"id":15644,"date":"2025-05-15T06:34:35","date_gmt":"2025-05-15T09:34:35","guid":{"rendered":"https:\/\/abciber.org.br\/site\/?post_type=product&#038;p=15644"},"modified":"2025-05-15T06:39:54","modified_gmt":"2025-05-15T09:39:54","slug":"simposio-nacional-da-abciber-2025-associacao-alunos-de-pos-graduacao-lato-sensu-e-stricto-sensu","status":"publish","type":"product","link":"https:\/\/abciber.org.br\/site\/product\/simposio-nacional-da-abciber-2025-associacao-alunos-de-pos-graduacao-lato-sensu-e-stricto-sensu\/","title":{"rendered":"Simp\u00f3sio Nacional da ABCiber 2025 + Associa\u00e7\u00e3o  |  Alunos de P\u00f3s-Gradua\u00e7\u00e3o (Lato Sensu e Stricto Sensu)"},"content":{"rendered":"<ul>\n<li><span style=\"color: #000000;\">Simp\u00f3sio Nacional da ABCiber de 2025<\/span><\/li>\n<li><span style=\"color: #000000;\">Associa\u00e7\u00e3o\/Anuidade \u00e0 ABCiber em 2025<\/span><\/li>\n<li><span style=\"color: #000000;\">Reservado para Alunos de P\u00f3s-Gradua\u00e7\u00e3o (Lato Sensu e Stricto Sensu)<br \/>\n<\/span><\/li>\n<\/ul>\n","protected":false},"excerpt":{"rendered":"<p>Simp\u00f3sio Nacional da ABCiber de 2025 Associa\u00e7\u00e3o\/Anuidade \u00e0 ABCiber em 2025 Reservado para Alunos de P\u00f3s-Gradua\u00e7\u00e3o (Lato Sensu e Stricto Sensu)<\/p>\n","protected":false},"featured_media":15137,"template":"","meta":[],"class_list":{"0":"post-15644","1":"product","2":"type-product","3":"status-publish","4":"has-post-thumbnail","6":"product_cat-abciber2025eventoassociacao","8":"first","9":"instock","10":"virtual","11":"purchasable","12":"product-type-simple"},"_links":{"self":[{"href":"https:\/\/abciber.org.br\/site\/wp-json\/wp\/v2\/product\/15644","targetHints":{"allow":["GET"]}}],"collection":[{"href":"https:\/\/abciber.org.br\/site\/wp-json\/wp\/v2\/product"}],"about":[{"href":"https:\/\/abciber.org.br\/site\/wp-json\/wp\/v2\/types\/product"}],"wp:featuredmedia":[{"embeddable":true,"href":"https:\/\/abciber.org.br\/site\/wp-json\/wp\/v2\/media\/15137"}],"wp:attachment":[{"href":"https:\/\/abciber.org.br\/site\/wp-json\/wp\/v2\/media?parent=15644"}],"curies":[{"name":"wp","href":"https:\/\/api.w.org\/{rel}","templated":true}]}}