{"id":15651,"date":"2025-05-15T06:59:52","date_gmt":"2025-05-15T09:59:52","guid":{"rendered":"https:\/\/abciber.org.br\/site\/?post_type=product&#038;p=15651"},"modified":"2025-05-15T07:01:47","modified_gmt":"2025-05-15T10:01:47","slug":"simposio-nacional-da-abciber-2025-para-nao-associados-mestres-e-doutores","status":"publish","type":"product","link":"https:\/\/abciber.org.br\/site\/product\/simposio-nacional-da-abciber-2025-para-nao-associados-mestres-e-doutores\/","title":{"rendered":"Simp\u00f3sio Nacional da ABCiber 2025 para N\u00e3o Associados  |  Mestres e Doutores"},"content":{"rendered":"<ul>\n<li><span style=\"color: #000000;\">Simp\u00f3sio Nacional da ABCiber de 2025<\/span><\/li>\n<li><span style=\"color: #000000;\">Para N\u00e3o Associados \u00e0 ABCiber em 2025<\/span><\/li>\n<li><span style=\"color: #000000;\">Reservado para Mestres e Doutores<br \/>\n<\/span><\/li>\n<\/ul>\n","protected":false},"excerpt":{"rendered":"<p>Simp\u00f3sio Nacional da ABCiber de 2025 Para N\u00e3o Associados \u00e0 ABCiber em 2025 Reservado para Mestres e Doutores<\/p>\n","protected":false},"featured_media":15137,"template":"","meta":[],"class_list":{"0":"post-15651","1":"product","2":"type-product","3":"status-publish","4":"has-post-thumbnail","6":"product_cat-abciber2025naoassociado","8":"first","9":"instock","10":"virtual","11":"purchasable","12":"product-type-simple"},"_links":{"self":[{"href":"https:\/\/abciber.org.br\/site\/wp-json\/wp\/v2\/product\/15651","targetHints":{"allow":["GET"]}}],"collection":[{"href":"https:\/\/abciber.org.br\/site\/wp-json\/wp\/v2\/product"}],"about":[{"href":"https:\/\/abciber.org.br\/site\/wp-json\/wp\/v2\/types\/product"}],"wp:featuredmedia":[{"embeddable":true,"href":"https:\/\/abciber.org.br\/site\/wp-json\/wp\/v2\/media\/15137"}],"wp:attachment":[{"href":"https:\/\/abciber.org.br\/site\/wp-json\/wp\/v2\/media?parent=15651"}],"curies":[{"name":"wp","href":"https:\/\/api.w.org\/{rel}","templated":true}]}}