{"id":9475,"date":"2018-06-21T23:21:57","date_gmt":"2018-06-22T02:21:57","guid":{"rendered":"http:\/\/abciber.org.br\/demo2\/?post_type=product&#038;p=9475"},"modified":"2024-04-11T12:54:03","modified_gmt":"2024-04-11T15:54:03","slug":"alunos-de-pos-graduacao-lato-sensu-e-stricto-sensu","status":"publish","type":"product","link":"https:\/\/abciber.org.br\/site\/product\/alunos-de-pos-graduacao-lato-sensu-e-stricto-sensu\/","title":{"rendered":"Associado ABCiber : Alunos de p\u00f3s-gradua\u00e7\u00e3o (Lato Sensu e Stricto Sensu)"},"content":{"rendered":"<p>Associado ABCiber : Alunos de p\u00f3s-gradua\u00e7\u00e3o (Lato Sensu e Stricto Sensu)<br \/>\n<strong>Pagamento de Anuidade<\/strong><\/p>\n","protected":false},"excerpt":{"rendered":"<p>Alunos de p\u00f3s-gradua\u00e7\u00e3o (Lato Sensu e Stricto Sensu)<\/p>\n","protected":false},"featured_media":14126,"template":"","meta":[],"class_list":{"0":"post-9475","1":"product","2":"type-product","3":"status-publish","4":"has-post-thumbnail","6":"product_cat-anuidade","8":"first","9":"instock","10":"virtual","11":"purchasable","12":"product-type-simple"},"_links":{"self":[{"href":"https:\/\/abciber.org.br\/site\/wp-json\/wp\/v2\/product\/9475","targetHints":{"allow":["GET"]}}],"collection":[{"href":"https:\/\/abciber.org.br\/site\/wp-json\/wp\/v2\/product"}],"about":[{"href":"https:\/\/abciber.org.br\/site\/wp-json\/wp\/v2\/types\/product"}],"wp:featuredmedia":[{"embeddable":true,"href":"https:\/\/abciber.org.br\/site\/wp-json\/wp\/v2\/media\/14126"}],"wp:attachment":[{"href":"https:\/\/abciber.org.br\/site\/wp-json\/wp\/v2\/media?parent=9475"}],"curies":[{"name":"wp","href":"https:\/\/api.w.org\/{rel}","templated":true}]}}